{"id":9,"date":"2024-09-21T03:07:09","date_gmt":"2024-09-21T03:07:09","guid":{"rendered":"https:\/\/nypbone.com\/?page_id=9"},"modified":"2025-07-29T18:02:44","modified_gmt":"2025-07-29T18:02:44","slug":"about","status":"publish","type":"page","link":"https:\/\/nypbone.com\/es\/about\/","title":{"rendered":"About"},"content":{"rendered":"<div data-elementor-type=\"wp-page\" data-elementor-id=\"9\" class=\"elementor elementor-9\" data-elementor-settings=\"{&quot;ha_cmc_init_switcher&quot;:&quot;no&quot;}\" data-elementor-post-type=\"page\">\n\t\t\t\t\t\t<section class=\"elementor-section elementor-top-section elementor-element elementor-element-357738c9 elementor-section-boxed elementor-section-height-default elementor-section-height-default elementor-invisible\" data-id=\"357738c9\" data-element_type=\"section\" data-settings=\"{&quot;background_background&quot;:&quot;classic&quot;,&quot;animation&quot;:&quot;fadeInUp&quot;,&quot;_ha_eqh_enable&quot;:false}\">\n\t\t\t\t\t\t<div class=\"elementor-container elementor-column-gap-default\">\n\t\t\t\t\t<div class=\"elementor-column elementor-col-100 elementor-top-column elementor-element elementor-element-5463f8d5\" data-id=\"5463f8d5\" data-element_type=\"column\">\n\t\t\t<div class=\"elementor-widget-wrap elementor-element-populated\">\n\t\t\t\t\t\t<div class=\"elementor-element elementor-element-c635b75 elementor-widget elementor-widget-heading\" data-id=\"c635b75\" data-element_type=\"widget\" data-widget_type=\"heading.default\">\n\t\t\t\t<div class=\"elementor-widget-container\">\n\t\t\t\t\t<p class=\"elementor-heading-title elementor-size-default\">Bienvenido a NY Partners Orthopedics<\/p>\t\t\t\t<\/div>\n\t\t\t\t<\/div>\n\t\t\t\t<div class=\"elementor-element elementor-element-4587b56 elementor-widget elementor-widget-text-editor\" data-id=\"4587b56\" data-element_type=\"widget\" data-widget_type=\"text-editor.default\">\n\t\t\t\t<div class=\"elementor-widget-container\">\n\t\t\t\t\t\t\t\t\t<p>Ortopedia ubicada en Sunset Park, Brooklyn y Flushing Neighborhood of Queens, Flushing, NY<\/p>\t\t\t\t\t\t\t\t<\/div>\n\t\t\t\t<\/div>\n\t\t\t\t\t<\/div>\n\t\t<\/div>\n\t\t\t\t\t<\/div>\n\t\t<\/section>\n\t\t\t\t<section class=\"elementor-section elementor-top-section elementor-element elementor-element-2a823466 elementor-section-boxed elementor-section-height-default elementor-section-height-default\" data-id=\"2a823466\" data-element_type=\"section\" data-settings=\"{&quot;_ha_eqh_enable&quot;:false}\">\n\t\t\t\t\t\t<div class=\"elementor-container elementor-column-gap-default\">\n\t\t\t\t\t<div class=\"elementor-column elementor-col-50 elementor-top-column elementor-element elementor-element-7eb1e027\" data-id=\"7eb1e027\" data-element_type=\"column\">\n\t\t\t<div class=\"elementor-widget-wrap elementor-element-populated\">\n\t\t\t\t\t\t<div class=\"elementor-element elementor-element-379ffbc1 elementor-widget__width-auto elementor-widget elementor-widget-image\" data-id=\"379ffbc1\" data-element_type=\"widget\" data-settings=\"{&quot;_animation&quot;:&quot;none&quot;}\" data-widget_type=\"image.default\">\n\t\t\t\t<div class=\"elementor-widget-container\">\n\t\t\t\t\t\t\t\t\t\t\t\t\t\t\t<img fetchpriority=\"high\" decoding=\"async\" width=\"1250\" height=\"852\" src=\"https:\/\/nypbone.com\/wp-content\/uploads\/2024\/09\/group-of-doctors-walking-in-corridor-on-medical-co-EA2DVJT.jpg\" class=\"attachment-full size-full wp-image-115\" alt=\"About NY Partners Orthopedics,Arthritis, Arthroscopy\" srcset=\"https:\/\/nypbone.com\/wp-content\/uploads\/2024\/09\/group-of-doctors-walking-in-corridor-on-medical-co-EA2DVJT.jpg 1250w, https:\/\/nypbone.com\/wp-content\/uploads\/2024\/09\/group-of-doctors-walking-in-corridor-on-medical-co-EA2DVJT-300x204.jpg 300w, https:\/\/nypbone.com\/wp-content\/uploads\/2024\/09\/group-of-doctors-walking-in-corridor-on-medical-co-EA2DVJT-1024x698.jpg 1024w, https:\/\/nypbone.com\/wp-content\/uploads\/2024\/09\/group-of-doctors-walking-in-corridor-on-medical-co-EA2DVJT-768x523.jpg 768w\" sizes=\"(max-width: 1250px) 100vw, 1250px\" \/>\t\t\t\t\t\t\t\t\t\t\t\t\t\t\t<\/div>\n\t\t\t\t<\/div>\n\t\t\t\t<div class=\"elementor-element elementor-element-44c66085 elementor-widget__width-auto elementor-absolute elementor-hidden-tablet elementor-hidden-phone elementor-invisible elementor-widget elementor-widget-image\" data-id=\"44c66085\" data-element_type=\"widget\" data-settings=\"{&quot;_animation&quot;:&quot;slideInLeft&quot;,&quot;_animation_delay&quot;:700,&quot;_position&quot;:&quot;absolute&quot;}\" data-widget_type=\"image.default\">\n\t\t\t\t<div class=\"elementor-widget-container\">\n\t\t\t\t\t\t\t\t\t\t\t\t\t\t\t<img decoding=\"async\" width=\"257\" height=\"134\" src=\"https:\/\/nypbone.com\/wp-content\/uploads\/2024\/09\/rectangle-dots-1.png\" class=\"attachment-full size-full wp-image-89\" alt=\"\" \/>\t\t\t\t\t\t\t\t\t\t\t\t\t\t\t<\/div>\n\t\t\t\t<\/div>\n\t\t\t\t\t<\/div>\n\t\t<\/div>\n\t\t\t\t<div class=\"elementor-column elementor-col-50 elementor-top-column elementor-element elementor-element-61ded45c\" data-id=\"61ded45c\" data-element_type=\"column\" data-settings=\"{&quot;background_background&quot;:&quot;classic&quot;}\">\n\t\t\t<div class=\"elementor-widget-wrap elementor-element-populated\">\n\t\t\t\t\t\t<div class=\"elementor-element elementor-element-15ff39e elementor-widget elementor-widget-heading\" data-id=\"15ff39e\" data-element_type=\"widget\" data-widget_type=\"heading.default\">\n\t\t\t\t<div class=\"elementor-widget-container\">\n\t\t\t\t\t<h1 class=\"elementor-heading-title elementor-size-default\">Acerca de NY Partners Orthopedics<\/h1>\t\t\t\t<\/div>\n\t\t\t\t<\/div>\n\t\t\t\t<div class=\"elementor-element elementor-element-582b641 elementor-widget elementor-widget-text-editor\" data-id=\"582b641\" data-element_type=\"widget\" data-widget_type=\"text-editor.default\">\n\t\t\t\t<div class=\"elementor-widget-container\">\n\t\t\t\t\t\t\t\t\t<p>En NY Partners Orthopedics, el cirujano ortop\u00e9dico certificado Ronald Huang, MD, brinda cirug\u00eda ortop\u00e9dica y reconstructiva a adolescentes y adultos en el vecindario Flushing de Queens y Brooklyn, ciudad de Nueva York.<\/p><p>El consultorio atiende a pacientes de 6 a\u00f1os o m\u00e1s. El Dr. Huang y su personal utilizan un enfoque de tratamiento de vanguardia basado en evidencia y personalizado seg\u00fan las necesidades de cada paciente.<\/p>\t\t\t\t\t\t\t\t<\/div>\n\t\t\t\t<\/div>\n\t\t\t\t\t<\/div>\n\t\t<\/div>\n\t\t\t\t\t<\/div>\n\t\t<\/section>\n\t\t\t\t<section class=\"elementor-section elementor-top-section elementor-element elementor-element-4efeeae elementor-section-boxed elementor-section-height-default elementor-section-height-default\" data-id=\"4efeeae\" data-element_type=\"section\" data-settings=\"{&quot;_ha_eqh_enable&quot;:false}\">\n\t\t\t\t\t\t<div class=\"elementor-container elementor-column-gap-default\">\n\t\t\t\t\t<div class=\"elementor-column elementor-col-100 elementor-top-column elementor-element elementor-element-6212042\" data-id=\"6212042\" data-element_type=\"column\" data-settings=\"{&quot;background_background&quot;:&quot;classic&quot;}\">\n\t\t\t<div class=\"elementor-widget-wrap elementor-element-populated\">\n\t\t\t\t\t\t<div class=\"elementor-element elementor-element-e291733 elementor-widget elementor-widget-text-editor\" data-id=\"e291733\" data-element_type=\"widget\" data-widget_type=\"text-editor.default\">\n\t\t\t\t<div class=\"elementor-widget-container\">\n\t\t\t\t\t\t\t\t\t<p>Personas de toda el \u00e1rea metropolitana de Nueva York buscan la experiencia del Dr. Huang en el diagn\u00f3stico y tratamiento de diversos problemas musculoesquel\u00e9ticos, incluidos <a href=\"https:\/\/nypbone.com\/es\/arthritis\/\">artritis<\/a>, <a href=\"https:\/\/nypbone.com\/es\/sports-injuries\/\">lesiones deportivas<\/a>, y <a href=\"https:\/\/nypbone.com\/es\/foot-ankle-injuries\/\">lesiones de pie y tobillo<\/a>El Dr. Huang tambi\u00e9n ofrece atenci\u00f3n m\u00e1s especializada, que incluye <a href=\"https:\/\/nypbone.com\/es\/workers-compensation\/\">Compensaci\u00f3n de trabajadores<\/a> diagn\u00f3stico y tratamiento, <a href=\"https:\/\/nypbone.com\/es\/arthroscopy\/\">artroscopia<\/a>, y <a href=\"https:\/\/nypbone.com\/es\/makoplasty\/\">MAKOpl\u00e1sticos<\/a><a href=\"https:\/\/nypbone.com\/es\/makoplasty\/\">\u00ae<\/a> cirug\u00eda guiada por robot.<\/p><p>NY Partners Orthopedics ofrece un ambiente c\u00e1lido y acogedor. El Dr. Huang invierte regularmente en diagn\u00f3sticos y tratamientos de \u00faltima generaci\u00f3n, que incluyen radiograf\u00edas digitales en el consultorio, <a href=\"https:\/\/nypbone.com\/es\/prp-injections\/\">inyecciones articulares<\/a>, y <a href=\"https:\/\/nypbone.com\/es\/joint-replacement\/\">reemplazos totales de articulaciones<\/a>.<\/p>\t\t\t\t\t\t\t\t<\/div>\n\t\t\t\t<\/div>\n\t\t\t\t\t<\/div>\n\t\t<\/div>\n\t\t\t\t\t<\/div>\n\t\t<\/section>\n\t\t\t\t<section class=\"elementor-section elementor-top-section elementor-element elementor-element-60b14dcd elementor-section-boxed elementor-section-height-default elementor-section-height-default\" data-id=\"60b14dcd\" data-element_type=\"section\" data-settings=\"{&quot;background_background&quot;:&quot;classic&quot;,&quot;_ha_eqh_enable&quot;:false}\">\n\t\t\t\t\t\t\t<div class=\"elementor-background-overlay\"><\/div>\n\t\t\t\t\t\t\t<div class=\"elementor-container elementor-column-gap-default\">\n\t\t\t\t\t<div class=\"elementor-column elementor-col-100 elementor-top-column elementor-element elementor-element-68043afa\" data-id=\"68043afa\" data-element_type=\"column\">\n\t\t\t<div class=\"elementor-widget-wrap elementor-element-populated\">\n\t\t\t\t\t\t<div class=\"elementor-element elementor-element-3bae5cd1 animated-slow elementor-widget elementor-widget-heading\" data-id=\"3bae5cd1\" data-element_type=\"widget\" data-settings=\"{&quot;_animation&quot;:&quot;none&quot;}\" data-widget_type=\"heading.default\">\n\t\t\t\t<div class=\"elementor-widget-container\">\n\t\t\t\t\t<h2 class=\"elementor-heading-title elementor-size-default\">Llame a NY Partners Orthopedics hoy mismo para solicitar una consulta para pacientes nuevos o programe una cita en l\u00ednea haciendo clic a continuaci\u00f3n. El equipo espera trabajar con usted.<\/h2>\t\t\t\t<\/div>\n\t\t\t\t<\/div>\n\t\t\t\t<div class=\"elementor-element elementor-element-7e4dd052 elementor-align-center elementor-widget elementor-widget-button\" data-id=\"7e4dd052\" data-element_type=\"widget\" data-widget_type=\"button.default\">\n\t\t\t\t<div class=\"elementor-widget-container\">\n\t\t\t\t\t\t\t\t\t<div class=\"elementor-button-wrapper\">\n\t\t\t\t\t<a class=\"elementor-button elementor-button-link elementor-size-sm elementor-animation-float\" href=\"https:\/\/nypbone.com\/es\/contact\/\">\n\t\t\t\t\t\t<span class=\"elementor-button-content-wrapper\">\n\t\t\t\t\t\t\t\t\t<span class=\"elementor-button-text\">Contacta con nosotros<\/span>\n\t\t\t\t\t<\/span>\n\t\t\t\t\t<\/a>\n\t\t\t\t<\/div>\n\t\t\t\t\t\t\t\t<\/div>\n\t\t\t\t<\/div>\n\t\t\t\t\t<\/div>\n\t\t<\/div>\n\t\t\t\t\t<\/div>\n\t\t<\/section>\n\t\t\t\t<\/div>","protected":false},"excerpt":{"rendered":"<p>Welcome to NY Partners Orthopedics Orthopedics located in Sunset Park, Brooklyn and Flushing Neighborhood of Queens, Flushing, NY About NY Partners Orthopedics At NY Partners Orthopedics, board-certified orthopedic surgeon Ronald Huang, MD, provides orthopedic and reconstructive surgery to teenagers and adults in the Flushing neighborhood of Queens and Brooklyn, New York City. The practice serves [&hellip;]<\/p>","protected":false},"author":1,"featured_media":0,"parent":0,"menu_order":0,"comment_status":"closed","ping_status":"closed","template":"elementor_header_footer","meta":{"om_disable_all_campaigns":false,"_monsterinsights_skip_tracking":false,"_monsterinsights_sitenote_active":false,"_monsterinsights_sitenote_note":"","_monsterinsights_sitenote_category":0,"_uf_show_specific_survey":0,"_uf_disable_surveys":false,"footnotes":""},"class_list":["post-9","page","type-page","status-publish","hentry"],"aioseo_notices":[],"_links":{"self":[{"href":"https:\/\/nypbone.com\/es\/wp-json\/wp\/v2\/pages\/9","targetHints":{"allow":["GET"]}}],"collection":[{"href":"https:\/\/nypbone.com\/es\/wp-json\/wp\/v2\/pages"}],"about":[{"href":"https:\/\/nypbone.com\/es\/wp-json\/wp\/v2\/types\/page"}],"author":[{"embeddable":true,"href":"https:\/\/nypbone.com\/es\/wp-json\/wp\/v2\/users\/1"}],"replies":[{"embeddable":true,"href":"https:\/\/nypbone.com\/es\/wp-json\/wp\/v2\/comments?post=9"}],"version-history":[{"count":46,"href":"https:\/\/nypbone.com\/es\/wp-json\/wp\/v2\/pages\/9\/revisions"}],"predecessor-version":[{"id":1499,"href":"https:\/\/nypbone.com\/es\/wp-json\/wp\/v2\/pages\/9\/revisions\/1499"}],"wp:attachment":[{"href":"https:\/\/nypbone.com\/es\/wp-json\/wp\/v2\/media?parent=9"}],"curies":[{"name":"wp","href":"https:\/\/api.w.org\/{rel}","templated":true}]}}