{"id":809,"date":"2024-09-29T16:53:44","date_gmt":"2024-09-29T16:53:44","guid":{"rendered":"https:\/\/nypbone.com\/?page_id=809"},"modified":"2025-04-14T18:56:21","modified_gmt":"2025-04-14T18:56:21","slug":"prp-injections","status":"publish","type":"page","link":"https:\/\/nypbone.com\/es\/prp-injections\/","title":{"rendered":"Inyecciones de PRP"},"content":{"rendered":"<div data-elementor-type=\"wp-page\" data-elementor-id=\"809\" class=\"elementor elementor-809\" data-elementor-settings=\"{&quot;ha_cmc_init_switcher&quot;:&quot;no&quot;}\" data-elementor-post-type=\"page\">\n\t\t\t\t\t\t<section class=\"elementor-section elementor-top-section elementor-element elementor-element-6067c1c elementor-section-boxed elementor-section-height-default elementor-section-height-default\" data-id=\"6067c1c\" data-element_type=\"section\" data-settings=\"{&quot;background_background&quot;:&quot;classic&quot;,&quot;_ha_eqh_enable&quot;:false}\">\n\t\t\t\t\t\t\t<div class=\"elementor-background-overlay\"><\/div>\n\t\t\t\t\t\t\t<div class=\"elementor-container elementor-column-gap-default\">\n\t\t\t\t\t<div class=\"elementor-column elementor-col-100 elementor-top-column elementor-element elementor-element-c13d235\" data-id=\"c13d235\" data-element_type=\"column\">\n\t\t\t<div class=\"elementor-widget-wrap elementor-element-populated\">\n\t\t\t\t\t\t<div class=\"elementor-element elementor-element-fb33c0b elementor-widget elementor-widget-heading\" data-id=\"fb33c0b\" data-element_type=\"widget\" data-widget_type=\"heading.default\">\n\t\t\t\t<div class=\"elementor-widget-container\">\n\t\t\t\t\t<p class=\"elementor-heading-title elementor-size-default\">Inyecciones de PRP<\/p>\t\t\t\t<\/div>\n\t\t\t\t<\/div>\n\t\t\t\t<div class=\"elementor-element elementor-element-8733857 elementor-widget elementor-widget-heading\" data-id=\"8733857\" data-element_type=\"widget\" data-widget_type=\"heading.default\">\n\t\t\t\t<div class=\"elementor-widget-container\">\n\t\t\t\t\t<h2 class=\"elementor-heading-title elementor-size-default\">Ortopedia ubicada en Sunset Park, Brooklyn y Flushing Neighborhood of Queens, Flushing, NY\n<\/h2>\t\t\t\t<\/div>\n\t\t\t\t<\/div>\n\t\t\t\t\t<\/div>\n\t\t<\/div>\n\t\t\t\t\t<\/div>\n\t\t<\/section>\n\t\t\t\t<section class=\"elementor-section elementor-top-section elementor-element elementor-element-ddda4a9 elementor-section-boxed elementor-section-height-default elementor-section-height-default\" data-id=\"ddda4a9\" data-element_type=\"section\" data-settings=\"{&quot;_ha_eqh_enable&quot;:false}\">\n\t\t\t\t\t\t<div class=\"elementor-container elementor-column-gap-default\">\n\t\t\t\t\t<div class=\"elementor-column elementor-col-50 elementor-top-column elementor-element elementor-element-54e3d6a\" data-id=\"54e3d6a\" data-element_type=\"column\">\n\t\t\t<div class=\"elementor-widget-wrap elementor-element-populated\">\n\t\t\t\t\t\t<div class=\"elementor-element elementor-element-19bdd12 elementor-widget elementor-widget-heading\" data-id=\"19bdd12\" data-element_type=\"widget\" data-settings=\"{&quot;_animation&quot;:&quot;none&quot;}\" data-widget_type=\"heading.default\">\n\t\t\t\t<div class=\"elementor-widget-container\">\n\t\t\t\t\t<h2 class=\"elementor-heading-title elementor-size-default\">Servicios de inyecciones de PRP ofrecidos en Sunset Park, Brooklyn y Flushing Neighborhood of Queens, Flushing, NY<\/h2>\t\t\t\t<\/div>\n\t\t\t\t<\/div>\n\t\t\t\t<div class=\"elementor-element elementor-element-cc4f250 elementor-widget elementor-widget-text-editor\" data-id=\"cc4f250\" data-element_type=\"widget\" data-settings=\"{&quot;_animation&quot;:&quot;none&quot;}\" data-widget_type=\"text-editor.default\">\n\t\t\t\t<div class=\"elementor-widget-container\">\n\t\t\t\t\t\t\t\t\t<p>Si est\u00e1 buscando un m\u00e9todo natural para aliviar el dolor, vale la pena considerar las inyecciones de plasma rico en plaquetas (PRP). Este tratamiento avanzado es uno de los muchos que ofrece el cirujano ortop\u00e9dico certificado Ronald Huang, MD, en NY Partners Orthopedics en el vecindario de Flushing en Queens y Brooklyn, en la ciudad de Nueva York. Cuando est\u00e9 listo para obtener m\u00e1s informaci\u00f3n, llame a la oficina del \u00e1rea de la ciudad de Nueva York para programar una visita o dedique unos minutos a la p\u00e1gina de reservas en l\u00ednea.<\/p>\t\t\t\t\t\t\t\t<\/div>\n\t\t\t\t<\/div>\n\t\t\t\t\t<\/div>\n\t\t<\/div>\n\t\t\t\t<div class=\"elementor-column elementor-col-50 elementor-top-column elementor-element elementor-element-0575cda\" data-id=\"0575cda\" data-element_type=\"column\" data-settings=\"{&quot;animation&quot;:&quot;none&quot;}\">\n\t\t\t<div class=\"elementor-widget-wrap elementor-element-populated\">\n\t\t\t\t\t\t<div class=\"elementor-element elementor-element-5f69ed2 elementor-widget elementor-widget-image\" data-id=\"5f69ed2\" data-element_type=\"widget\" data-settings=\"{&quot;_animation&quot;:&quot;none&quot;}\" data-widget_type=\"image.default\">\n\t\t\t\t<div class=\"elementor-widget-container\">\n\t\t\t\t\t\t\t\t\t\t\t\t\t\t\t<img fetchpriority=\"high\" decoding=\"async\" width=\"640\" height=\"384\" src=\"https:\/\/nypbone.com\/wp-content\/uploads\/2024\/09\/2602671-1.webp\" class=\"attachment-full size-full wp-image-816\" alt=\"PRP Injections\" srcset=\"https:\/\/nypbone.com\/wp-content\/uploads\/2024\/09\/2602671-1.webp 640w, https:\/\/nypbone.com\/wp-content\/uploads\/2024\/09\/2602671-1-300x180.webp 300w\" sizes=\"(max-width: 640px) 100vw, 640px\" \/>\t\t\t\t\t\t\t\t\t\t\t\t\t\t\t<\/div>\n\t\t\t\t<\/div>\n\t\t\t\t<div class=\"elementor-element elementor-element-e182277 elementor-hidden-tablet elementor-hidden-phone ha-has-bg-overlay elementor-invisible elementor-widget elementor-widget-spacer\" data-id=\"e182277\" data-element_type=\"widget\" data-settings=\"{&quot;_animation&quot;:&quot;fadeInRight&quot;,&quot;_animation_delay&quot;:600}\" data-widget_type=\"spacer.default\">\n\t\t\t\t<div class=\"elementor-widget-container\">\n\t\t\t\t\t\t\t<div class=\"elementor-spacer\">\n\t\t\t<div class=\"elementor-spacer-inner\"><\/div>\n\t\t<\/div>\n\t\t\t\t\t\t<\/div>\n\t\t\t\t<\/div>\n\t\t\t\t<div class=\"elementor-element elementor-element-7cfe5f8 elementor-widget__width-auto elementor-absolute elementor-invisible elementor-widget elementor-widget-image\" data-id=\"7cfe5f8\" data-element_type=\"widget\" data-settings=\"{&quot;_animation&quot;:&quot;fadeInRight&quot;,&quot;_animation_delay&quot;:700,&quot;_position&quot;:&quot;absolute&quot;}\" data-widget_type=\"image.default\">\n\t\t\t\t<div class=\"elementor-widget-container\">\n\t\t\t\t\t\t\t\t\t\t\t\t\t\t\t<img decoding=\"async\" width=\"154\" height=\"155\" src=\"https:\/\/nypbone.com\/wp-content\/uploads\/2024\/09\/square-dots.png\" class=\"attachment-full size-full wp-image-111\" alt=\"\" srcset=\"https:\/\/nypbone.com\/wp-content\/uploads\/2024\/09\/square-dots.png 154w, https:\/\/nypbone.com\/wp-content\/uploads\/2024\/09\/square-dots-150x150.png 150w\" sizes=\"(max-width: 154px) 100vw, 154px\" \/>\t\t\t\t\t\t\t\t\t\t\t\t\t\t\t<\/div>\n\t\t\t\t<\/div>\n\t\t\t\t\t<\/div>\n\t\t<\/div>\n\t\t\t\t\t<\/div>\n\t\t<\/section>\n\t\t\t\t<section class=\"elementor-section elementor-top-section elementor-element elementor-element-b9281e9 elementor-section-boxed elementor-section-height-default elementor-section-height-default\" data-id=\"b9281e9\" data-element_type=\"section\" data-settings=\"{&quot;_ha_eqh_enable&quot;:false}\">\n\t\t\t\t\t\t<div class=\"elementor-container elementor-column-gap-default\">\n\t\t\t\t\t<div class=\"elementor-column elementor-col-100 elementor-top-column elementor-element elementor-element-48bb723\" data-id=\"48bb723\" data-element_type=\"column\">\n\t\t\t<div class=\"elementor-widget-wrap elementor-element-populated\">\n\t\t\t\t\t\t<div class=\"elementor-element elementor-element-3651638 elementor-widget elementor-widget-heading\" data-id=\"3651638\" data-element_type=\"widget\" data-widget_type=\"heading.default\">\n\t\t\t\t<div class=\"elementor-widget-container\">\n\t\t\t\t\t<h2 class=\"elementor-heading-title elementor-size-default\">Preguntas y respuestas sobre las inyecciones de PRP<\/h2>\t\t\t\t<\/div>\n\t\t\t\t<\/div>\n\t\t\t\t<div class=\"elementor-element elementor-element-2a625ca elementor-widget elementor-widget-elementskit-faq\" data-id=\"2a625ca\" data-element_type=\"widget\" data-widget_type=\"elementskit-faq.default\">\n\t\t\t\t<div class=\"elementor-widget-container\">\n\t\t\t\t\t<div class=\"ekit-wid-con\" >\n                <div class=\"elementskit-single-faq elementor-repeater-item-46e9be0\">\n            <div class=\"elementskit-faq-header\">\n                <h2 class=\"elementskit-faq-title\">\u00bfQu\u00e9 son las inyecciones de PRP?<\/h2>\n            <\/div>\n            <div class=\"elementskit-faq-body\">\n                El plasma rico en plaquetas es una soluci\u00f3n concentrada de componentes sangu\u00edneos. Creado a partir de un peque\u00f1o volumen de su propia sangre, el PRP ofrece la oportunidad de potenciar las capacidades curativas innatas de su cuerpo y lograr un alivio duradero del dolor articular.   <br><br>\nLas plaquetas son la parte de la sangre responsable de la funci\u00f3n de coagulaci\u00f3n. Las plaquetas tambi\u00e9n son ricas en prote\u00ednas especiales llamadas factores de crecimiento, que ayudan a promover el desarrollo de nuevas c\u00e9lulas.<br><br>El PRP se elabora tomando una peque\u00f1a cantidad de sangre y centrifug\u00e1ndola en un dispositivo. Esto hace que los componentes s\u00f3lidos se separen del plasma l\u00edquido. Luego, el m\u00e9dico recolecta las plaquetas y las vuelve a introducir en el plasma, creando una soluci\u00f3n potente.            <\/div>\n        <\/div>\n                <div class=\"elementskit-single-faq elementor-repeater-item-32c6325\">\n            <div class=\"elementskit-faq-header\">\n                <h2 class=\"elementskit-faq-title\">What are some of the benefits of PRP injections?<\/h2>\n            <\/div>\n            <div class=\"elementskit-faq-body\">\n                Uno de los beneficios de la terapia con PRP es la capacidad de mejorar el proceso de curaci\u00f3n sin intervenciones m\u00e1s invasivas, incluida la cirug\u00eda ortop\u00e9dica. Si bien el PRP ciertamente no es adecuado para todas las necesidades, puede ser una manera maravillosa de apoyar los esfuerzos regenerativos naturales del cuerpo.  <br><br>\nComo el PRP se crea a partir de su propio tejido, existe poco riesgo de que su cuerpo rechace la sustancia. El PRP tambi\u00e9n conlleva un riesgo muy bajo de efectos secundarios en comparaci\u00f3n con otros tratamientos inyectables. <br><br>Adem\u00e1s de promover el desarrollo de tejido nuevo, las inyecciones de PRP tambi\u00e9n estimulan el cuerpo a aumentar la circulaci\u00f3n en la zona tratada, lo que ayuda a reducir la inflamaci\u00f3n y favorece el proceso de curaci\u00f3n.             <\/div>\n        <\/div>\n                <div class=\"elementskit-single-faq elementor-repeater-item-a7883f7\">\n            <div class=\"elementskit-faq-header\">\n                <h2 class=\"elementskit-faq-title\">\u00bfQu\u00e9 debo esperar durante las inyecciones de PRP?<\/h2>\n            <\/div>\n            <div class=\"elementskit-faq-body\">\n                El d\u00eda de su visita, el primer paso es una simple extracci\u00f3n de sangre, similar al proceso que se sigue para los an\u00e1lisis de laboratorio de rutina. Luego, se relajar\u00e1 en el consultorio mientras su m\u00e9dico centrifuga la sangre para crear el PRP concentrado.  <br><br>\nA continuaci\u00f3n, el m\u00e9dico esteriliza el \u00e1rea de tratamiento antes de inyectar la soluci\u00f3n de PRP en el tejido da\u00f1ado. La tecnolog\u00eda de diagn\u00f3stico por im\u00e1genes a veces permite al especialista \"ver\" los tejidos internos a medida que la aguja se desplaza hacia el \u00e1rea de tratamiento. <br><br>Las inyecciones de PRP no requieren mucho tiempo para administrarse. La visita completa al consultorio suele durar alrededor de una hora, incluido el tiempo de preparaci\u00f3n del PRP. <br><br>Si desea obtener m\u00e1s informaci\u00f3n, llame a NY Partners Orthopedics para programar una visita. La reserva en l\u00ednea tambi\u00e9n es una opci\u00f3n y se realiza en muy poco tiempo.             <\/div>\n        <\/div>\n                \n    <\/div>\t\t\t\t<\/div>\n\t\t\t\t<\/div>\n\t\t\t\t\t<\/div>\n\t\t<\/div>\n\t\t\t\t\t<\/div>\n\t\t<\/section>\n\t\t\t\t<section class=\"elementor-section elementor-top-section elementor-element elementor-element-e5570a0 elementor-section-boxed elementor-section-height-default elementor-section-height-default\" data-id=\"e5570a0\" data-element_type=\"section\" data-settings=\"{&quot;background_background&quot;:&quot;classic&quot;,&quot;_ha_eqh_enable&quot;:false}\">\n\t\t\t\t\t\t\t<div class=\"elementor-background-overlay\"><\/div>\n\t\t\t\t\t\t\t<div class=\"elementor-container elementor-column-gap-default\">\n\t\t\t\t\t<div class=\"elementor-column elementor-col-100 elementor-top-column elementor-element elementor-element-aab1081\" data-id=\"aab1081\" data-element_type=\"column\">\n\t\t\t<div class=\"elementor-widget-wrap elementor-element-populated\">\n\t\t\t\t\t\t<div class=\"elementor-element elementor-element-4198221 animated-slow elementor-widget elementor-widget-heading\" data-id=\"4198221\" data-element_type=\"widget\" data-settings=\"{&quot;_animation&quot;:&quot;none&quot;}\" data-widget_type=\"heading.default\">\n\t\t\t\t<div class=\"elementor-widget-container\">\n\t\t\t\t\t<h2 class=\"elementor-heading-title elementor-size-default\">Call NY Partners Orthopedics today to schedule a workers\u2019 compensation visit, or book one online.<\/h2>\t\t\t\t<\/div>\n\t\t\t\t<\/div>\n\t\t\t\t<div class=\"elementor-element elementor-element-88a5d8c elementor-align-center elementor-widget elementor-widget-button\" data-id=\"88a5d8c\" data-element_type=\"widget\" data-widget_type=\"button.default\">\n\t\t\t\t<div class=\"elementor-widget-container\">\n\t\t\t\t\t\t\t\t\t<div class=\"elementor-button-wrapper\">\n\t\t\t\t\t<a class=\"elementor-button elementor-button-link elementor-size-sm elementor-animation-float\" href=\"#\">\n\t\t\t\t\t\t<span class=\"elementor-button-content-wrapper\">\n\t\t\t\t\t\t\t\t\t<span class=\"elementor-button-text\">Solicitar cita<\/span>\n\t\t\t\t\t<\/span>\n\t\t\t\t\t<\/a>\n\t\t\t\t<\/div>\n\t\t\t\t\t\t\t\t<\/div>\n\t\t\t\t<\/div>\n\t\t\t\t\t<\/div>\n\t\t<\/div>\n\t\t\t\t\t<\/div>\n\t\t<\/section>\n\t\t\t\t<\/div>","protected":false},"excerpt":{"rendered":"<p>PRP Injections Orthopedics located in Sunset Park, Brooklyn and Flushing Neighborhood of Queens, Flushing, NY PRP Injections services offered in Sunset Park, Brooklyn and Flushing Neighborhood of Queens, Flushing, NY If you\u2019re searching for a natural path toward pain relief, platelet-rich plasma (PRP) injections are well worth consideration. This advanced treatment is one of many [&hellip;]<\/p>","protected":false},"author":1,"featured_media":0,"parent":0,"menu_order":0,"comment_status":"closed","ping_status":"closed","template":"elementor_header_footer","meta":{"om_disable_all_campaigns":false,"_monsterinsights_skip_tracking":false,"_monsterinsights_sitenote_active":false,"_monsterinsights_sitenote_note":"","_monsterinsights_sitenote_category":0,"_uf_show_specific_survey":0,"_uf_disable_surveys":false,"footnotes":""},"class_list":["post-809","page","type-page","status-publish","hentry"],"aioseo_notices":[],"_links":{"self":[{"href":"https:\/\/nypbone.com\/es\/wp-json\/wp\/v2\/pages\/809","targetHints":{"allow":["GET"]}}],"collection":[{"href":"https:\/\/nypbone.com\/es\/wp-json\/wp\/v2\/pages"}],"about":[{"href":"https:\/\/nypbone.com\/es\/wp-json\/wp\/v2\/types\/page"}],"author":[{"embeddable":true,"href":"https:\/\/nypbone.com\/es\/wp-json\/wp\/v2\/users\/1"}],"replies":[{"embeddable":true,"href":"https:\/\/nypbone.com\/es\/wp-json\/wp\/v2\/comments?post=809"}],"version-history":[{"count":10,"href":"https:\/\/nypbone.com\/es\/wp-json\/wp\/v2\/pages\/809\/revisions"}],"predecessor-version":[{"id":1456,"href":"https:\/\/nypbone.com\/es\/wp-json\/wp\/v2\/pages\/809\/revisions\/1456"}],"wp:attachment":[{"href":"https:\/\/nypbone.com\/es\/wp-json\/wp\/v2\/media?parent=809"}],"curies":[{"name":"wp","href":"https:\/\/api.w.org\/{rel}","templated":true}]}}