{"id":803,"date":"2024-09-29T16:30:45","date_gmt":"2024-09-29T16:30:45","guid":{"rendered":"https:\/\/nypbone.com\/?page_id=803"},"modified":"2025-04-14T18:54:08","modified_gmt":"2025-04-14T18:54:08","slug":"foot-ankle-injuries","status":"publish","type":"page","link":"https:\/\/nypbone.com\/es\/foot-ankle-injuries\/","title":{"rendered":"Lesiones de pie y tobillo"},"content":{"rendered":"<div data-elementor-type=\"wp-page\" data-elementor-id=\"803\" class=\"elementor elementor-803\" data-elementor-settings=\"{&quot;ha_cmc_init_switcher&quot;:&quot;no&quot;}\" data-elementor-post-type=\"page\">\n\t\t\t\t\t\t<section class=\"elementor-section elementor-top-section elementor-element elementor-element-db485fa elementor-section-boxed elementor-section-height-default elementor-section-height-default\" data-id=\"db485fa\" data-element_type=\"section\" data-settings=\"{&quot;background_background&quot;:&quot;classic&quot;,&quot;_ha_eqh_enable&quot;:false}\">\n\t\t\t\t\t\t\t<div class=\"elementor-background-overlay\"><\/div>\n\t\t\t\t\t\t\t<div class=\"elementor-container elementor-column-gap-default\">\n\t\t\t\t\t<div class=\"elementor-column elementor-col-100 elementor-top-column elementor-element elementor-element-611f714\" data-id=\"611f714\" data-element_type=\"column\">\n\t\t\t<div class=\"elementor-widget-wrap elementor-element-populated\">\n\t\t\t\t\t\t<div class=\"elementor-element elementor-element-aaea2e2 elementor-widget elementor-widget-heading\" data-id=\"aaea2e2\" data-element_type=\"widget\" data-widget_type=\"heading.default\">\n\t\t\t\t<div class=\"elementor-widget-container\">\n\t\t\t\t\t<p class=\"elementor-heading-title elementor-size-default\">Lesiones de pie y tobillo<\/p>\t\t\t\t<\/div>\n\t\t\t\t<\/div>\n\t\t\t\t<div class=\"elementor-element elementor-element-4c20470 elementor-widget elementor-widget-heading\" data-id=\"4c20470\" data-element_type=\"widget\" data-widget_type=\"heading.default\">\n\t\t\t\t<div class=\"elementor-widget-container\">\n\t\t\t\t\t<h2 class=\"elementor-heading-title elementor-size-default\">Ortopedia ubicada en Sunset Park, Brooklyn y Flushing Neighborhood of Queens, Flushing, NY\n<\/h2>\t\t\t\t<\/div>\n\t\t\t\t<\/div>\n\t\t\t\t\t<\/div>\n\t\t<\/div>\n\t\t\t\t\t<\/div>\n\t\t<\/section>\n\t\t\t\t<section class=\"elementor-section elementor-top-section elementor-element elementor-element-980d2aa elementor-section-boxed elementor-section-height-default elementor-section-height-default\" data-id=\"980d2aa\" data-element_type=\"section\" data-settings=\"{&quot;_ha_eqh_enable&quot;:false}\">\n\t\t\t\t\t\t<div class=\"elementor-container elementor-column-gap-default\">\n\t\t\t\t\t<div class=\"elementor-column elementor-col-50 elementor-top-column elementor-element elementor-element-fa233bc\" data-id=\"fa233bc\" data-element_type=\"column\">\n\t\t\t<div class=\"elementor-widget-wrap elementor-element-populated\">\n\t\t\t\t\t\t<div class=\"elementor-element elementor-element-2025c08 elementor-widget elementor-widget-heading\" data-id=\"2025c08\" data-element_type=\"widget\" data-settings=\"{&quot;_animation&quot;:&quot;none&quot;}\" data-widget_type=\"heading.default\">\n\t\t\t\t<div class=\"elementor-widget-container\">\n\t\t\t\t\t<h2 class=\"elementor-heading-title elementor-size-default\">Servicios para lesiones de pie y tobillo ofrecidos en Sunset Park, Brooklyn y Flushing Neighborhood of Queens, Flushing, NY\n<\/h2>\t\t\t\t<\/div>\n\t\t\t\t<\/div>\n\t\t\t\t<div class=\"elementor-element elementor-element-36b325d elementor-widget elementor-widget-text-editor\" data-id=\"36b325d\" data-element_type=\"widget\" data-settings=\"{&quot;_animation&quot;:&quot;none&quot;}\" data-widget_type=\"text-editor.default\">\n\t\t\t\t<div class=\"elementor-widget-container\">\n\t\t\t\t\t\t\t\t\t<p>Las lesiones de pie y tobillo se encuentran entre los problemas musculoesquel\u00e9ticos m\u00e1s comunes y afectan a hasta 2 millones de estadounidenses cada a\u00f1o. En NY Partners Orthopedics, en el barrio de Flushing de Queens y Brooklyn, en la ciudad de Nueva York, el cirujano ortop\u00e9dico certificado Ronald Huang, MD, ofrece atenci\u00f3n completa para lesiones de pie y tobillo, que incluye artroscopia m\u00ednimamente invasiva e inyecciones de corticosteroides. Llame hoy mismo al consultorio del \u00e1rea de la ciudad de Nueva York para solicitar tratamiento para una lesi\u00f3n de pie y tobillo, o reserve su cita en l\u00ednea.<\/p>\t\t\t\t\t\t\t\t<\/div>\n\t\t\t\t<\/div>\n\t\t\t\t\t<\/div>\n\t\t<\/div>\n\t\t\t\t<div class=\"elementor-column elementor-col-50 elementor-top-column elementor-element elementor-element-99281f1\" data-id=\"99281f1\" data-element_type=\"column\" data-settings=\"{&quot;animation&quot;:&quot;none&quot;}\">\n\t\t\t<div class=\"elementor-widget-wrap elementor-element-populated\">\n\t\t\t\t\t\t<div class=\"elementor-element elementor-element-3c65672 elementor-widget elementor-widget-image\" data-id=\"3c65672\" data-element_type=\"widget\" data-settings=\"{&quot;_animation&quot;:&quot;none&quot;}\" data-widget_type=\"image.default\">\n\t\t\t\t<div class=\"elementor-widget-container\">\n\t\t\t\t\t\t\t\t\t\t\t\t\t\t\t<img fetchpriority=\"high\" decoding=\"async\" width=\"640\" height=\"384\" src=\"https:\/\/nypbone.com\/wp-content\/uploads\/2024\/09\/2605151-1.webp\" class=\"attachment-full size-full wp-image-811\" alt=\"Foot &amp; Ankle Injuries\" srcset=\"https:\/\/nypbone.com\/wp-content\/uploads\/2024\/09\/2605151-1.webp 640w, https:\/\/nypbone.com\/wp-content\/uploads\/2024\/09\/2605151-1-300x180.webp 300w\" sizes=\"(max-width: 640px) 100vw, 640px\" \/>\t\t\t\t\t\t\t\t\t\t\t\t\t\t\t<\/div>\n\t\t\t\t<\/div>\n\t\t\t\t<div class=\"elementor-element elementor-element-396e993 elementor-hidden-tablet elementor-hidden-phone ha-has-bg-overlay elementor-invisible elementor-widget elementor-widget-spacer\" data-id=\"396e993\" data-element_type=\"widget\" data-settings=\"{&quot;_animation&quot;:&quot;fadeInRight&quot;,&quot;_animation_delay&quot;:600}\" data-widget_type=\"spacer.default\">\n\t\t\t\t<div class=\"elementor-widget-container\">\n\t\t\t\t\t\t\t<div class=\"elementor-spacer\">\n\t\t\t<div class=\"elementor-spacer-inner\"><\/div>\n\t\t<\/div>\n\t\t\t\t\t\t<\/div>\n\t\t\t\t<\/div>\n\t\t\t\t<div class=\"elementor-element elementor-element-8efd731 elementor-widget__width-auto elementor-absolute elementor-invisible elementor-widget elementor-widget-image\" data-id=\"8efd731\" data-element_type=\"widget\" data-settings=\"{&quot;_animation&quot;:&quot;fadeInRight&quot;,&quot;_animation_delay&quot;:700,&quot;_position&quot;:&quot;absolute&quot;}\" data-widget_type=\"image.default\">\n\t\t\t\t<div class=\"elementor-widget-container\">\n\t\t\t\t\t\t\t\t\t\t\t\t\t\t\t<img decoding=\"async\" width=\"154\" height=\"155\" src=\"https:\/\/nypbone.com\/wp-content\/uploads\/2024\/09\/square-dots.png\" class=\"attachment-full size-full wp-image-111\" alt=\"\" srcset=\"https:\/\/nypbone.com\/wp-content\/uploads\/2024\/09\/square-dots.png 154w, https:\/\/nypbone.com\/wp-content\/uploads\/2024\/09\/square-dots-150x150.png 150w\" sizes=\"(max-width: 154px) 100vw, 154px\" \/>\t\t\t\t\t\t\t\t\t\t\t\t\t\t\t<\/div>\n\t\t\t\t<\/div>\n\t\t\t\t\t<\/div>\n\t\t<\/div>\n\t\t\t\t\t<\/div>\n\t\t<\/section>\n\t\t\t\t<section class=\"elementor-section elementor-top-section elementor-element elementor-element-114160a elementor-section-boxed elementor-section-height-default elementor-section-height-default\" data-id=\"114160a\" data-element_type=\"section\" data-settings=\"{&quot;_ha_eqh_enable&quot;:false}\">\n\t\t\t\t\t\t<div class=\"elementor-container elementor-column-gap-default\">\n\t\t\t\t\t<div class=\"elementor-column elementor-col-100 elementor-top-column elementor-element elementor-element-5d09130\" data-id=\"5d09130\" data-element_type=\"column\">\n\t\t\t<div class=\"elementor-widget-wrap elementor-element-populated\">\n\t\t\t\t\t\t<div class=\"elementor-element elementor-element-ddf57d2 elementor-widget elementor-widget-heading\" data-id=\"ddf57d2\" data-element_type=\"widget\" data-widget_type=\"heading.default\">\n\t\t\t\t<div class=\"elementor-widget-container\">\n\t\t\t\t\t<h2 class=\"elementor-heading-title elementor-size-default\">Preguntas y respuestas sobre lesiones de pie y tobillo<\/h2>\t\t\t\t<\/div>\n\t\t\t\t<\/div>\n\t\t\t\t<div class=\"elementor-element elementor-element-967a7c2 elementor-widget elementor-widget-elementskit-faq\" data-id=\"967a7c2\" data-element_type=\"widget\" data-widget_type=\"elementskit-faq.default\">\n\t\t\t\t<div class=\"elementor-widget-container\">\n\t\t\t\t\t<div class=\"ekit-wid-con\" >\n                <div class=\"elementskit-single-faq elementor-repeater-item-46e9be0\">\n            <div class=\"elementskit-faq-header\">\n                <h2 class=\"elementskit-faq-title\">What are foot and ankle injuries?<\/h2>\n            <\/div>\n            <div class=\"elementskit-faq-body\">\n                Las lesiones en el pie y el tobillo da\u00f1an los huesos, las articulaciones y\/o los tejidos blandos de los pies o los tobillos, provocando dolor y rigidez y restringiendo la movilidad. <br><br>\nCasi todo el mundo sufre una lesi\u00f3n en el pie o el tobillo en alg\u00fan momento. La mayor\u00eda de estas lesiones, como los dedos golpeados, son leves y mejoran con reposo y hielo. Pero si los s\u00edntomas persisten o afectan su calidad de vida, comun\u00edquese con el Dr. Huang de inmediato.            <\/div>\n        <\/div>\n                <div class=\"elementskit-single-faq elementor-repeater-item-9b6023b\">\n            <div class=\"elementskit-faq-header\">\n                <h2 class=\"elementskit-faq-title\">\u00bfCu\u00e1les son algunas lesiones comunes de pie y tobillo?<\/h2>\n            <\/div>\n            <div class=\"elementskit-faq-body\">\n                En NY Partners Orthopedics, el Dr. Huang diagnostica y trata diversas lesiones de pie y tobillo, entre ellas:<br><br>\n\u25cf Esguinces de tobillo\n<br>\u25cf Espolones calc\u00e1neos\n<br>\u25cf Fracturas\n<br>\u25cf Metatarsalgia (hinchaz\u00f3n en la parte anterior del pie)\n<br>\u25cf Neuroma de Morton (un tumor nervioso entre los dedos de los pies)\n<br>\u25cf Pie plano (arcos ca\u00eddos)\n<br>\u25cf Gota\n<br>\u25cf Juanetes\n<br>\u25cf Dedo en martillo\n<br>\u25cf Puntera de c\u00e9sped\n<br>\u25cf Callos y durezas\n<br>\u25cf Osteoartritis\n<br><br>\nLas lesiones deportivas espec\u00edficas, incluidas la tendinitis y la fascitis plantar, afectan los pies y los tobillos.            <\/div>\n        <\/div>\n                <div class=\"elementskit-single-faq elementor-repeater-item-ec6b646\">\n            <div class=\"elementskit-faq-header\">\n                <h2 class=\"elementskit-faq-title\">\u00bfDebo buscar tratamiento para lesiones de pie y tobillo?<\/h2>\n            <\/div>\n            <div class=\"elementskit-faq-body\">\n                Pida una cita en NY Partners Orthopedics si sufre una lesi\u00f3n en el pie o el tobillo que le provoque dolor intenso, hinchaz\u00f3n o hematomas. Esto es especialmente cierto si no puede apoyar el peso sobre el pie afectado ni realizar otras actividades de rutina.            <\/div>\n        <\/div>\n                <div class=\"elementskit-single-faq elementor-repeater-item-e023bc7\">\n            <div class=\"elementskit-faq-header\">\n                <h2 class=\"elementskit-faq-title\">\u00bfC\u00f3mo se diagnostican las lesiones del pie y el tobillo?<\/h2>\n            <\/div>\n            <div class=\"elementskit-faq-body\">\n                El Dr. Huang revisa su historial m\u00e9dico y le pregunta sobre su lesi\u00f3n, incluido qu\u00e9 estaba haciendo cuando ocurri\u00f3, c\u00f3mo se siente el dolor y si empeora durante ciertas actividades.<br><br>\nExaminar\u00e1 su pie y tobillo en busca de enrojecimiento, hematomas e hinchaz\u00f3n. El Dr. Huang presionar\u00e1 suavemente el \u00e1rea afectada para identificar puntos sensibles y evaluar\u00e1 su fuerza muscular, reflejos y rango de movimiento.<br><br>\nLuego, el Dr. Huang solicita im\u00e1genes diagn\u00f3sticas (radiograf\u00edas, tomograf\u00eda computarizada o resonancia magn\u00e9tica). Estos procedimientos capturan fotograf\u00edas de los huesos, las articulaciones y los tejidos blandos y ayudan al Dr. Huang a identificar lesiones invisibles a simple vista.            <\/div>\n        <\/div>\n                <div class=\"elementskit-single-faq elementor-repeater-item-5850c75\">\n            <div class=\"elementskit-faq-header\">\n                <h2 class=\"elementskit-faq-title\">\u00bfC\u00f3mo se tratan las lesiones del pie y del tobillo?<\/h2>\n            <\/div>\n            <div class=\"elementskit-faq-body\">\n                El tratamiento de las lesiones de pie y tobillo depende de los s\u00edntomas y de su efecto en su vida. En NY Partners Orthopedics, el Dr. Huang suele recomendar tratamientos conservadores y m\u00ednimamente invasivos, entre ellos:<br><br>\n\u25cf Reposo y hielo\n<br>\u25cf Cambios en la actividad\n<br>\u25cf Fisioterapia\n<br>\u25cf Ortesis personalizadas\n<br>\u25cf Yeso o f\u00e9rula\n<br>\u25cf Inyecciones de corticosteroides\n<br><br>Si los s\u00edntomas persisten o empeoran, podr\u00eda ser candidato a una cirug\u00eda. El Dr. Huang se especializa en procedimientos m\u00ednimamente invasivos, incluida la artroscopia.            <\/div>\n        <\/div>\n                \n    <\/div>\t\t\t\t<\/div>\n\t\t\t\t<\/div>\n\t\t\t\t\t<\/div>\n\t\t<\/div>\n\t\t\t\t\t<\/div>\n\t\t<\/section>\n\t\t\t\t<section class=\"elementor-section elementor-top-section elementor-element elementor-element-36ae4b5 elementor-section-boxed elementor-section-height-default elementor-section-height-default\" data-id=\"36ae4b5\" data-element_type=\"section\" data-settings=\"{&quot;background_background&quot;:&quot;classic&quot;,&quot;_ha_eqh_enable&quot;:false}\">\n\t\t\t\t\t\t\t<div class=\"elementor-background-overlay\"><\/div>\n\t\t\t\t\t\t\t<div class=\"elementor-container elementor-column-gap-default\">\n\t\t\t\t\t<div class=\"elementor-column elementor-col-100 elementor-top-column elementor-element elementor-element-462616f\" data-id=\"462616f\" data-element_type=\"column\">\n\t\t\t<div class=\"elementor-widget-wrap elementor-element-populated\">\n\t\t\t\t\t\t<div class=\"elementor-element elementor-element-1d4e20d animated-slow elementor-widget elementor-widget-heading\" data-id=\"1d4e20d\" data-element_type=\"widget\" data-settings=\"{&quot;_animation&quot;:&quot;none&quot;}\" data-widget_type=\"heading.default\">\n\t\t\t\t<div class=\"elementor-widget-container\">\n\t\t\t\t\t<h2 class=\"elementor-heading-title elementor-size-default\">Call NY Partners Orthopedics today to schedule a workers\u2019 compensation visit, or book one online.<\/h2>\t\t\t\t<\/div>\n\t\t\t\t<\/div>\n\t\t\t\t<div class=\"elementor-element elementor-element-0bac14a elementor-align-center elementor-widget elementor-widget-button\" data-id=\"0bac14a\" data-element_type=\"widget\" data-widget_type=\"button.default\">\n\t\t\t\t<div class=\"elementor-widget-container\">\n\t\t\t\t\t\t\t\t\t<div class=\"elementor-button-wrapper\">\n\t\t\t\t\t<a class=\"elementor-button elementor-button-link elementor-size-sm elementor-animation-float\" href=\"#\">\n\t\t\t\t\t\t<span class=\"elementor-button-content-wrapper\">\n\t\t\t\t\t\t\t\t\t<span class=\"elementor-button-text\">Solicitar cita<\/span>\n\t\t\t\t\t<\/span>\n\t\t\t\t\t<\/a>\n\t\t\t\t<\/div>\n\t\t\t\t\t\t\t\t<\/div>\n\t\t\t\t<\/div>\n\t\t\t\t\t<\/div>\n\t\t<\/div>\n\t\t\t\t\t<\/div>\n\t\t<\/section>\n\t\t\t\t<\/div>","protected":false},"excerpt":{"rendered":"<p>Foot &#038; Ankle Injuries Orthopedics located in Sunset Park, Brooklyn and Flushing Neighborhood of Queens, Flushing, NY Foot &#038; Ankle Injuries services offered in Sunset Park, Brooklyn and Flushing Neighborhood of Queens, Flushing, NY Foot and ankle injuries are among the most common musculoskeletal problems, affecting up to 2 million Americans each year. At NY [&hellip;]<\/p>","protected":false},"author":1,"featured_media":0,"parent":0,"menu_order":0,"comment_status":"closed","ping_status":"closed","template":"elementor_header_footer","meta":{"om_disable_all_campaigns":false,"_monsterinsights_skip_tracking":false,"_monsterinsights_sitenote_active":false,"_monsterinsights_sitenote_note":"","_monsterinsights_sitenote_category":0,"_uf_show_specific_survey":0,"_uf_disable_surveys":false,"footnotes":""},"class_list":["post-803","page","type-page","status-publish","hentry"],"aioseo_notices":[],"_links":{"self":[{"href":"https:\/\/nypbone.com\/es\/wp-json\/wp\/v2\/pages\/803","targetHints":{"allow":["GET"]}}],"collection":[{"href":"https:\/\/nypbone.com\/es\/wp-json\/wp\/v2\/pages"}],"about":[{"href":"https:\/\/nypbone.com\/es\/wp-json\/wp\/v2\/types\/page"}],"author":[{"embeddable":true,"href":"https:\/\/nypbone.com\/es\/wp-json\/wp\/v2\/users\/1"}],"replies":[{"embeddable":true,"href":"https:\/\/nypbone.com\/es\/wp-json\/wp\/v2\/comments?post=803"}],"version-history":[{"count":13,"href":"https:\/\/nypbone.com\/es\/wp-json\/wp\/v2\/pages\/803\/revisions"}],"predecessor-version":[{"id":1450,"href":"https:\/\/nypbone.com\/es\/wp-json\/wp\/v2\/pages\/803\/revisions\/1450"}],"wp:attachment":[{"href":"https:\/\/nypbone.com\/es\/wp-json\/wp\/v2\/media?parent=803"}],"curies":[{"name":"wp","href":"https:\/\/api.w.org\/{rel}","templated":true}]}}