{"id":796,"date":"2024-09-29T15:55:59","date_gmt":"2024-09-29T15:55:59","guid":{"rendered":"https:\/\/nypbone.com\/?page_id=796"},"modified":"2025-04-14T18:51:39","modified_gmt":"2025-04-14T18:51:39","slug":"arthroscopy","status":"publish","type":"page","link":"https:\/\/nypbone.com\/es\/arthroscopy\/","title":{"rendered":"Artroscopia"},"content":{"rendered":"<div data-elementor-type=\"wp-page\" data-elementor-id=\"796\" class=\"elementor elementor-796\" data-elementor-settings=\"{&quot;ha_cmc_init_switcher&quot;:&quot;no&quot;}\" data-elementor-post-type=\"page\">\n\t\t\t\t\t\t<section class=\"elementor-section elementor-top-section elementor-element elementor-element-b64db7a elementor-section-boxed elementor-section-height-default elementor-section-height-default\" data-id=\"b64db7a\" data-element_type=\"section\" data-settings=\"{&quot;background_background&quot;:&quot;classic&quot;,&quot;_ha_eqh_enable&quot;:false}\">\n\t\t\t\t\t\t\t<div class=\"elementor-background-overlay\"><\/div>\n\t\t\t\t\t\t\t<div class=\"elementor-container elementor-column-gap-default\">\n\t\t\t\t\t<div class=\"elementor-column elementor-col-100 elementor-top-column elementor-element elementor-element-ff3ce62\" data-id=\"ff3ce62\" data-element_type=\"column\">\n\t\t\t<div class=\"elementor-widget-wrap elementor-element-populated\">\n\t\t\t\t\t\t<div class=\"elementor-element elementor-element-cbe9a50 elementor-widget elementor-widget-heading\" data-id=\"cbe9a50\" data-element_type=\"widget\" data-widget_type=\"heading.default\">\n\t\t\t\t<div class=\"elementor-widget-container\">\n\t\t\t\t\t<p class=\"elementor-heading-title elementor-size-default\">Artroscopia<\/p>\t\t\t\t<\/div>\n\t\t\t\t<\/div>\n\t\t\t\t<div class=\"elementor-element elementor-element-0b98267 elementor-widget elementor-widget-heading\" data-id=\"0b98267\" data-element_type=\"widget\" data-widget_type=\"heading.default\">\n\t\t\t\t<div class=\"elementor-widget-container\">\n\t\t\t\t\t<h2 class=\"elementor-heading-title elementor-size-default\">Ortopedia ubicada en Sunset Park, Brooklyn y Flushing Neighborhood of Queens, Flushing, NY\n<\/h2>\t\t\t\t<\/div>\n\t\t\t\t<\/div>\n\t\t\t\t\t<\/div>\n\t\t<\/div>\n\t\t\t\t\t<\/div>\n\t\t<\/section>\n\t\t\t\t<section class=\"elementor-section elementor-top-section elementor-element elementor-element-25c09d3 elementor-reverse-mobile elementor-section-boxed elementor-section-height-default elementor-section-height-default\" data-id=\"25c09d3\" data-element_type=\"section\" data-settings=\"{&quot;_ha_eqh_enable&quot;:false}\">\n\t\t\t\t\t\t<div class=\"elementor-container elementor-column-gap-default\">\n\t\t\t\t\t<div class=\"elementor-column elementor-col-50 elementor-top-column elementor-element elementor-element-b5cd524\" data-id=\"b5cd524\" data-element_type=\"column\">\n\t\t\t<div class=\"elementor-widget-wrap elementor-element-populated\">\n\t\t\t\t\t\t<div class=\"elementor-element elementor-element-6726dbe elementor-widget elementor-widget-heading\" data-id=\"6726dbe\" data-element_type=\"widget\" data-settings=\"{&quot;_animation&quot;:&quot;none&quot;}\" data-widget_type=\"heading.default\">\n\t\t\t\t<div class=\"elementor-widget-container\">\n\t\t\t\t\t<h2 class=\"elementor-heading-title elementor-size-default\">Servicios de artroscopia ofrecidos en Sunset Park, Brooklyn y Flushing Neighborhood of Queens, Flushing, NY\n<\/h2>\t\t\t\t<\/div>\n\t\t\t\t<\/div>\n\t\t\t\t<div class=\"elementor-element elementor-element-a5b70ae elementor-widget elementor-widget-text-editor\" data-id=\"a5b70ae\" data-element_type=\"widget\" data-settings=\"{&quot;_animation&quot;:&quot;none&quot;}\" data-widget_type=\"text-editor.default\">\n\t\t\t\t<div class=\"elementor-widget-container\">\n\t\t\t\t\t\t\t\t\t<p>La artroscopia es una forma segura y eficaz de diagnosticar y tratar problemas musculoesquel\u00e9ticos, como artritis, s\u00edndrome del t\u00fanel carpiano y desgarros del manguito rotador. En NY Partners Orthopedics, en el barrio de Flushing de Queens y Brooklyn, en la ciudad de Nueva York, el cirujano ortop\u00e9dico certificado Ronald Huang, MD, utiliza la artroscopia para ver y realizar reparaciones dentro de las articulaciones. Llame hoy mismo al consultorio del \u00e1rea de la ciudad de Nueva York para solicitar una consulta de artroscopia o programe su cita en l\u00ednea.<\/p>\t\t\t\t\t\t\t\t<\/div>\n\t\t\t\t<\/div>\n\t\t\t\t\t<\/div>\n\t\t<\/div>\n\t\t\t\t<div class=\"elementor-column elementor-col-50 elementor-top-column elementor-element elementor-element-3d773ff\" data-id=\"3d773ff\" data-element_type=\"column\" data-settings=\"{&quot;animation&quot;:&quot;none&quot;}\">\n\t\t\t<div class=\"elementor-widget-wrap elementor-element-populated\">\n\t\t\t\t\t\t<div class=\"elementor-element elementor-element-c39f24b elementor-widget elementor-widget-image\" data-id=\"c39f24b\" data-element_type=\"widget\" data-settings=\"{&quot;_animation&quot;:&quot;none&quot;}\" data-widget_type=\"image.default\">\n\t\t\t\t<div class=\"elementor-widget-container\">\n\t\t\t\t\t\t\t\t\t\t\t\t\t\t\t<img fetchpriority=\"high\" decoding=\"async\" width=\"640\" height=\"384\" src=\"https:\/\/nypbone.com\/wp-content\/uploads\/2024\/09\/2605149-1.webp\" class=\"attachment-full size-full wp-image-799\" alt=\"Arthroscopy\" srcset=\"https:\/\/nypbone.com\/wp-content\/uploads\/2024\/09\/2605149-1.webp 640w, https:\/\/nypbone.com\/wp-content\/uploads\/2024\/09\/2605149-1-300x180.webp 300w\" sizes=\"(max-width: 640px) 100vw, 640px\" \/>\t\t\t\t\t\t\t\t\t\t\t\t\t\t\t<\/div>\n\t\t\t\t<\/div>\n\t\t\t\t<div class=\"elementor-element elementor-element-2c8391a elementor-hidden-tablet elementor-hidden-phone ha-has-bg-overlay elementor-invisible elementor-widget elementor-widget-spacer\" data-id=\"2c8391a\" data-element_type=\"widget\" data-settings=\"{&quot;_animation&quot;:&quot;fadeInRight&quot;,&quot;_animation_delay&quot;:600}\" data-widget_type=\"spacer.default\">\n\t\t\t\t<div class=\"elementor-widget-container\">\n\t\t\t\t\t\t\t<div class=\"elementor-spacer\">\n\t\t\t<div class=\"elementor-spacer-inner\"><\/div>\n\t\t<\/div>\n\t\t\t\t\t\t<\/div>\n\t\t\t\t<\/div>\n\t\t\t\t<div class=\"elementor-element elementor-element-6b377d0 elementor-widget__width-auto elementor-absolute elementor-invisible elementor-widget elementor-widget-image\" data-id=\"6b377d0\" data-element_type=\"widget\" data-settings=\"{&quot;_animation&quot;:&quot;fadeInRight&quot;,&quot;_animation_delay&quot;:700,&quot;_position&quot;:&quot;absolute&quot;}\" data-widget_type=\"image.default\">\n\t\t\t\t<div class=\"elementor-widget-container\">\n\t\t\t\t\t\t\t\t\t\t\t\t\t\t\t<img decoding=\"async\" width=\"154\" height=\"155\" src=\"https:\/\/nypbone.com\/wp-content\/uploads\/2024\/09\/square-dots.png\" class=\"attachment-full size-full wp-image-111\" alt=\"\" srcset=\"https:\/\/nypbone.com\/wp-content\/uploads\/2024\/09\/square-dots.png 154w, https:\/\/nypbone.com\/wp-content\/uploads\/2024\/09\/square-dots-150x150.png 150w\" sizes=\"(max-width: 154px) 100vw, 154px\" \/>\t\t\t\t\t\t\t\t\t\t\t\t\t\t\t<\/div>\n\t\t\t\t<\/div>\n\t\t\t\t\t<\/div>\n\t\t<\/div>\n\t\t\t\t\t<\/div>\n\t\t<\/section>\n\t\t\t\t<section class=\"elementor-section elementor-top-section elementor-element elementor-element-e297baa elementor-section-boxed elementor-section-height-default elementor-section-height-default\" data-id=\"e297baa\" data-element_type=\"section\" data-settings=\"{&quot;_ha_eqh_enable&quot;:false}\">\n\t\t\t\t\t\t<div class=\"elementor-container elementor-column-gap-default\">\n\t\t\t\t\t<div class=\"elementor-column elementor-col-100 elementor-top-column elementor-element elementor-element-82b5866\" data-id=\"82b5866\" data-element_type=\"column\">\n\t\t\t<div class=\"elementor-widget-wrap elementor-element-populated\">\n\t\t\t\t\t\t<div class=\"elementor-element elementor-element-54380e6 elementor-widget elementor-widget-heading\" data-id=\"54380e6\" data-element_type=\"widget\" data-widget_type=\"heading.default\">\n\t\t\t\t<div class=\"elementor-widget-container\">\n\t\t\t\t\t<h2 class=\"elementor-heading-title elementor-size-default\">Preguntas y respuestas sobre la artroscopia<\/h2>\t\t\t\t<\/div>\n\t\t\t\t<\/div>\n\t\t\t\t<div class=\"elementor-element elementor-element-ee73e27 elementor-widget elementor-widget-elementskit-faq\" data-id=\"ee73e27\" data-element_type=\"widget\" data-widget_type=\"elementskit-faq.default\">\n\t\t\t\t<div class=\"elementor-widget-container\">\n\t\t\t\t\t<div class=\"ekit-wid-con\" >\n                <div class=\"elementskit-single-faq elementor-repeater-item-9b6023b\">\n            <div class=\"elementskit-faq-header\">\n                <h2 class=\"elementskit-faq-title\">What is arthroscopy?<\/h2>\n            <\/div>\n            <div class=\"elementskit-faq-body\">\n                Arthroscopy is a minimally invasive procedure that uses an arthroscope \u2013\u2013 a thin tube with a light and high-definition camera on its end \u2013\u2013 to diagnose and\/or treat musculoskeletal problems.<br><br>En NY Partners Orthopedics, el Dr. Huang utiliza la artroscopia para abordar problemas que afectan:<br><br>\n\u25cf Codos\n<br>\u25cf Pies y tobillos\n\n<br>\u25cf Manos y mu\u00f1ecas\n\n<br>\u25cf Caderas\n\n<br>\u25cf Rodillas\n<br><br>\nLa artroscopia puede diagnosticar problemas del hombro, incluidos el hombro congelado, los desgarros del manguito rotador y el pinzamiento del hombro.            <\/div>\n        <\/div>\n                <div class=\"elementskit-single-faq elementor-repeater-item-46e9be0\">\n            <div class=\"elementskit-faq-header\">\n                <h2 class=\"elementskit-faq-title\">\u00bfQui\u00e9n es un candidato para la artroscopia?<\/h2>\n            <\/div>\n            <div class=\"elementskit-faq-body\">\n                Usted podr\u00eda beneficiarse de una artroscopia si ha sufrido una lesi\u00f3n deportiva o laboral y sus s\u00edntomas no mejoran con tratamientos no quir\u00fargicos, como f\u00e9rulas, fisioterapia, inyecciones de esteroides y reposo.            <\/div>\n        <\/div>\n                <div class=\"elementskit-single-faq elementor-repeater-item-ec6b646\">\n            <div class=\"elementskit-faq-header\">\n                <h2 class=\"elementskit-faq-title\">\u00bfC\u00f3mo me preparo para la artroscopia?<\/h2>\n            <\/div>\n            <div class=\"elementskit-faq-body\">\n                Antes de recomendar una artroscopia, el Dr. Huang realiza un examen f\u00edsico preoperatorio.<br><br>\nInf\u00f3rmele sobre sus medicamentos y suplementos y si tiene alguna alergia o condici\u00f3n m\u00e9dica subyacente. El Dr. Huang podr\u00eda pedirle que deje de tomar ciertos medicamentos, como anticoagulantes, en los d\u00edas previos a la cirug\u00eda para reducir el riesgo de complicaciones. La noche anterior a la artroscopia, ayune durante al menos 12 horas y beba solo agua.            <\/div>\n        <\/div>\n                <div class=\"elementskit-single-faq elementor-repeater-item-e023bc7\">\n            <div class=\"elementskit-faq-header\">\n                <h2 class=\"elementskit-faq-title\">\u00bfEn qu\u00e9 consiste la artroscopia?<\/h2>\n            <\/div>\n            <div class=\"elementskit-faq-body\">\n                La artroscopia es un procedimiento ambulatorio, por lo que no es necesario pasar la noche en el hospital.<br><br>\nCuando llegue al hospital, el Dr. Huang le administrar\u00e1 anestesia general, lo que le har\u00e1 dormir. Luego, realizar\u00e1 varias incisiones peque\u00f1as cerca del lugar del tratamiento e insertar\u00e1 el artroscopio y peque\u00f1os instrumentos quir\u00fargicos.<br><br>\nEl artroscopio proporciona una se\u00f1al de video que el Dr. Huang ve en un monitor de televisi\u00f3n en el quir\u00f3fano. Utiliza las im\u00e1genes para examinar la articulaci\u00f3n, los tendones, los ligamentos y el cart\u00edlago y comprobar si hay enfermedades o da\u00f1os.<br><br>\nEl Dr. Huang utiliza sus herramientas quir\u00fargicas para tratar el problema, cierra las incisiones y las envuelve con un vendaje. La mayor\u00eda de los procedimientos artrosc\u00f3picos demoran entre 30 y 60 minutos.            <\/div>\n        <\/div>\n                <div class=\"elementskit-single-faq elementor-repeater-item-1a6c341\">\n            <div class=\"elementskit-faq-header\">\n                <h2 class=\"elementskit-faq-title\">\u00bfC\u00f3mo es la recuperaci\u00f3n despu\u00e9s de una artroscopia?<\/h2>\n            <\/div>\n            <div class=\"elementskit-faq-body\">\n                Despu\u00e9s de la cirug\u00eda artrosc\u00f3pica, descansar\u00e1 unas horas en una sala de recuperaci\u00f3n mientras desaparece el efecto de la anestesia. Un amigo o familiar puede llevarlo a su casa despu\u00e9s.<br><br>\nDurante la primera semana, normalmente experimentar\u00e1 hinchaz\u00f3n, hematomas y mayor sensibilidad. Evite poner peso sobre la zona afectada, tome su medicaci\u00f3n seg\u00fan lo prescrito y mantenga las incisiones limpias y cubiertas.<br><br>\nLa mayor\u00eda de las personas pueden regresar al trabajo y a otras actividades rutinarias en una semana o dos, pero dependiendo de los problemas tratados, puede llevar m\u00e1s tiempo.            <\/div>\n        <\/div>\n                \n    <\/div>\t\t\t\t<\/div>\n\t\t\t\t<\/div>\n\t\t\t\t\t<\/div>\n\t\t<\/div>\n\t\t\t\t\t<\/div>\n\t\t<\/section>\n\t\t\t\t<section class=\"elementor-section elementor-top-section elementor-element elementor-element-cebcd62 elementor-section-boxed elementor-section-height-default elementor-section-height-default\" data-id=\"cebcd62\" data-element_type=\"section\" data-settings=\"{&quot;background_background&quot;:&quot;classic&quot;,&quot;_ha_eqh_enable&quot;:false}\">\n\t\t\t\t\t\t\t<div class=\"elementor-background-overlay\"><\/div>\n\t\t\t\t\t\t\t<div class=\"elementor-container elementor-column-gap-default\">\n\t\t\t\t\t<div class=\"elementor-column elementor-col-100 elementor-top-column elementor-element elementor-element-d77a6e5\" data-id=\"d77a6e5\" data-element_type=\"column\">\n\t\t\t<div class=\"elementor-widget-wrap elementor-element-populated\">\n\t\t\t\t\t\t<div class=\"elementor-element elementor-element-00194c3 animated-slow elementor-widget elementor-widget-heading\" data-id=\"00194c3\" data-element_type=\"widget\" data-settings=\"{&quot;_animation&quot;:&quot;none&quot;}\" data-widget_type=\"heading.default\">\n\t\t\t\t<div class=\"elementor-widget-container\">\n\t\t\t\t\t<h2 class=\"elementor-heading-title elementor-size-default\">Call NY Partners Orthopedics today to schedule a visit, or book one online.<\/h2>\t\t\t\t<\/div>\n\t\t\t\t<\/div>\n\t\t\t\t<div class=\"elementor-element elementor-element-80a3a4a elementor-align-center elementor-widget elementor-widget-button\" data-id=\"80a3a4a\" data-element_type=\"widget\" data-widget_type=\"button.default\">\n\t\t\t\t<div class=\"elementor-widget-container\">\n\t\t\t\t\t\t\t\t\t<div class=\"elementor-button-wrapper\">\n\t\t\t\t\t<a class=\"elementor-button elementor-button-link elementor-size-sm elementor-animation-float\" href=\"#\">\n\t\t\t\t\t\t<span class=\"elementor-button-content-wrapper\">\n\t\t\t\t\t\t\t\t\t<span class=\"elementor-button-text\">Solicitar cita<\/span>\n\t\t\t\t\t<\/span>\n\t\t\t\t\t<\/a>\n\t\t\t\t<\/div>\n\t\t\t\t\t\t\t\t<\/div>\n\t\t\t\t<\/div>\n\t\t\t\t\t<\/div>\n\t\t<\/div>\n\t\t\t\t\t<\/div>\n\t\t<\/section>\n\t\t\t\t<\/div>","protected":false},"excerpt":{"rendered":"<p>Arthroscopy Orthopedics located in Sunset Park, Brooklyn and Flushing Neighborhood of Queens, Flushing, NY Arthroscopy services offered in Sunset Park, Brooklyn and Flushing Neighborhood of Queens, Flushing, NY Arthroscopy provides a safe and effective way to diagnose and treat musculoskeletal problems, including arthritis, carpal tunnel syndrome, and rotator cuff tears. At NY Partners Orthopedics in [&hellip;]<\/p>","protected":false},"author":1,"featured_media":0,"parent":0,"menu_order":0,"comment_status":"closed","ping_status":"closed","template":"elementor_header_footer","meta":{"om_disable_all_campaigns":false,"_monsterinsights_skip_tracking":false,"_monsterinsights_sitenote_active":false,"_monsterinsights_sitenote_note":"","_monsterinsights_sitenote_category":0,"_uf_show_specific_survey":0,"_uf_disable_surveys":false,"footnotes":""},"class_list":["post-796","page","type-page","status-publish","hentry"],"aioseo_notices":[],"_links":{"self":[{"href":"https:\/\/nypbone.com\/es\/wp-json\/wp\/v2\/pages\/796","targetHints":{"allow":["GET"]}}],"collection":[{"href":"https:\/\/nypbone.com\/es\/wp-json\/wp\/v2\/pages"}],"about":[{"href":"https:\/\/nypbone.com\/es\/wp-json\/wp\/v2\/types\/page"}],"author":[{"embeddable":true,"href":"https:\/\/nypbone.com\/es\/wp-json\/wp\/v2\/users\/1"}],"replies":[{"embeddable":true,"href":"https:\/\/nypbone.com\/es\/wp-json\/wp\/v2\/comments?post=796"}],"version-history":[{"count":31,"href":"https:\/\/nypbone.com\/es\/wp-json\/wp\/v2\/pages\/796\/revisions"}],"predecessor-version":[{"id":1444,"href":"https:\/\/nypbone.com\/es\/wp-json\/wp\/v2\/pages\/796\/revisions\/1444"}],"wp:attachment":[{"href":"https:\/\/nypbone.com\/es\/wp-json\/wp\/v2\/media?parent=796"}],"curies":[{"name":"wp","href":"https:\/\/api.w.org\/{rel}","templated":true}]}}