{"id":759,"date":"2024-09-29T12:01:05","date_gmt":"2024-09-29T12:01:05","guid":{"rendered":"https:\/\/nypbone.com\/?page_id=759"},"modified":"2025-04-14T18:46:23","modified_gmt":"2025-04-14T18:46:23","slug":"sports-injuries","status":"publish","type":"page","link":"https:\/\/nypbone.com\/es\/sports-injuries\/","title":{"rendered":"Lesiones deportivas"},"content":{"rendered":"<div data-elementor-type=\"wp-page\" data-elementor-id=\"759\" class=\"elementor elementor-759\" data-elementor-settings=\"{&quot;ha_cmc_init_switcher&quot;:&quot;no&quot;}\" data-elementor-post-type=\"page\">\n\t\t\t\t\t\t<section class=\"elementor-section elementor-top-section elementor-element elementor-element-ac670f2 elementor-section-boxed elementor-section-height-default elementor-section-height-default\" data-id=\"ac670f2\" data-element_type=\"section\" data-settings=\"{&quot;background_background&quot;:&quot;classic&quot;,&quot;_ha_eqh_enable&quot;:false}\">\n\t\t\t\t\t\t\t<div class=\"elementor-background-overlay\"><\/div>\n\t\t\t\t\t\t\t<div class=\"elementor-container elementor-column-gap-default\">\n\t\t\t\t\t<div class=\"elementor-column elementor-col-100 elementor-top-column elementor-element elementor-element-527cd45\" data-id=\"527cd45\" data-element_type=\"column\">\n\t\t\t<div class=\"elementor-widget-wrap elementor-element-populated\">\n\t\t\t\t\t\t<div class=\"elementor-element elementor-element-e04a703 elementor-widget elementor-widget-heading\" data-id=\"e04a703\" data-element_type=\"widget\" data-widget_type=\"heading.default\">\n\t\t\t\t<div class=\"elementor-widget-container\">\n\t\t\t\t\t<p class=\"elementor-heading-title elementor-size-default\">Lesiones deportivas\n<\/p>\t\t\t\t<\/div>\n\t\t\t\t<\/div>\n\t\t\t\t<div class=\"elementor-element elementor-element-0fd6617 elementor-widget elementor-widget-heading\" data-id=\"0fd6617\" data-element_type=\"widget\" data-widget_type=\"heading.default\">\n\t\t\t\t<div class=\"elementor-widget-container\">\n\t\t\t\t\t<h2 class=\"elementor-heading-title elementor-size-default\">Ortopedia ubicada en Sunset Park, Brooklyn y Flushing Neighborhood of Queens, Flushing, NY\n<\/h2>\t\t\t\t<\/div>\n\t\t\t\t<\/div>\n\t\t\t\t\t<\/div>\n\t\t<\/div>\n\t\t\t\t\t<\/div>\n\t\t<\/section>\n\t\t\t\t<section class=\"elementor-section elementor-top-section elementor-element elementor-element-eabffe7 elementor-reverse-mobile elementor-section-boxed elementor-section-height-default elementor-section-height-default\" data-id=\"eabffe7\" data-element_type=\"section\" data-settings=\"{&quot;_ha_eqh_enable&quot;:false}\">\n\t\t\t\t\t\t<div class=\"elementor-container elementor-column-gap-default\">\n\t\t\t\t\t<div class=\"elementor-column elementor-col-50 elementor-top-column elementor-element elementor-element-4ced92f\" data-id=\"4ced92f\" data-element_type=\"column\">\n\t\t\t<div class=\"elementor-widget-wrap elementor-element-populated\">\n\t\t\t\t\t\t<div class=\"elementor-element elementor-element-407923c elementor-widget elementor-widget-heading\" data-id=\"407923c\" data-element_type=\"widget\" data-settings=\"{&quot;_animation&quot;:&quot;none&quot;}\" data-widget_type=\"heading.default\">\n\t\t\t\t<div class=\"elementor-widget-container\">\n\t\t\t\t\t<h2 class=\"elementor-heading-title elementor-size-default\">Servicios de lesiones deportivas ofrecidos en Sunset Park, Brooklyn y Flushing Neighborhood of Queens, Flushing, NY\n<\/h2>\t\t\t\t<\/div>\n\t\t\t\t<\/div>\n\t\t\t\t<div class=\"elementor-element elementor-element-2de4e04 elementor-widget elementor-widget-text-editor\" data-id=\"2de4e04\" data-element_type=\"widget\" data-settings=\"{&quot;_animation&quot;:&quot;none&quot;}\" data-widget_type=\"text-editor.default\">\n\t\t\t\t<div class=\"elementor-widget-container\">\n\t\t\t\t\t\t\t\t\t<section id=\"vbid-002c9f46-1e70-4970-8220-8768426c70d5\" class=\"section master item-box\" data-position=\"default\" data-position-popup-appearance=\"always\" data-arranger=\"flex\" data-textalign=\"left\" data-verticalalign=\"center\" data-horizontalalign=\"center\" data-layouttype=\"multi\" data-layoutclass=\"right-center\" data-layoutratio=\"0.5\" data-layoutborder=\"10\" data-imagefit=\"cover\" data-imagefilter=\"filter-1\" data-imagescroll=\"normal\" data-section-width=\"boxed\" data-sbid=\"sbid-015fe1ff-452f-4a13-9982-955dbfb0b378\" data-backgroundimagefilter=\"section-bg-filter-1\" data-autoplay=\"stop\" data-durationbetweenslides=\"4\" data-headerposition=\"false\" data-is-slide-section=\"true\"><div class=\"children\"><div class=\"section-children\"><article id=\"vbid-002c9f46-1e70-4970-8220-8768426c70d5_0\" class=\"item section-item\" data-itemmediatype=\"PIC\" data-no-children=\"false\" data-visible=\"true\"><div class=\"text-side editable\"><div id=\"vbid-002c9f46-1e70-4970-8220-8768426c70d5-dyn_elem_BODY_0s\" class=\"element body_preset_1\" contenteditable=\"false\" data-elementtype=\"BODY\"><p>Las lesiones deportivas, como los esguinces de ligamentos y las distensiones musculares, pueden impedirle realizar sus actividades favoritas. Afortunadamente, existen diversos tratamientos m\u00ednimamente invasivos que pueden brindar un alivio duradero. En NY Partners Orthopedics, en el barrio de Flushing de Queens y Brooklyn, en la ciudad de Nueva York, el cirujano ortop\u00e9dico certificado Ronald Huang, MD, se especializa en el diagn\u00f3stico y tratamiento de lesiones deportivas. Llame hoy mismo al consultorio del \u00e1rea de la ciudad de Nueva York para solicitar una consulta sobre lesiones deportivas o reserve su cita en l\u00ednea.<\/p><\/div><\/div><\/article><\/div><\/div><\/section>\t\t\t\t\t\t\t\t<\/div>\n\t\t\t\t<\/div>\n\t\t\t\t\t<\/div>\n\t\t<\/div>\n\t\t\t\t<div class=\"elementor-column elementor-col-50 elementor-top-column elementor-element elementor-element-0480f0d\" data-id=\"0480f0d\" data-element_type=\"column\" data-settings=\"{&quot;animation&quot;:&quot;none&quot;}\">\n\t\t\t<div class=\"elementor-widget-wrap elementor-element-populated\">\n\t\t\t\t\t\t<div class=\"elementor-element elementor-element-1027407 elementor-widget elementor-widget-image\" data-id=\"1027407\" data-element_type=\"widget\" data-settings=\"{&quot;_animation&quot;:&quot;none&quot;}\" data-widget_type=\"image.default\">\n\t\t\t\t<div class=\"elementor-widget-container\">\n\t\t\t\t\t\t\t\t\t\t\t\t\t\t\t<img fetchpriority=\"high\" decoding=\"async\" width=\"640\" height=\"384\" src=\"https:\/\/nypbone.com\/wp-content\/uploads\/2024\/09\/2605148.webp\" class=\"attachment-full size-full wp-image-142\" alt=\"Services We Offer ,Sports Injuries\" srcset=\"https:\/\/nypbone.com\/wp-content\/uploads\/2024\/09\/2605148.webp 640w, https:\/\/nypbone.com\/wp-content\/uploads\/2024\/09\/2605148-300x180.webp 300w\" sizes=\"(max-width: 640px) 100vw, 640px\" \/>\t\t\t\t\t\t\t\t\t\t\t\t\t\t\t<\/div>\n\t\t\t\t<\/div>\n\t\t\t\t<div class=\"elementor-element elementor-element-61066ee elementor-hidden-tablet elementor-hidden-phone ha-has-bg-overlay elementor-invisible elementor-widget elementor-widget-spacer\" data-id=\"61066ee\" data-element_type=\"widget\" data-settings=\"{&quot;_animation&quot;:&quot;fadeInRight&quot;,&quot;_animation_delay&quot;:600}\" data-widget_type=\"spacer.default\">\n\t\t\t\t<div class=\"elementor-widget-container\">\n\t\t\t\t\t\t\t<div class=\"elementor-spacer\">\n\t\t\t<div class=\"elementor-spacer-inner\"><\/div>\n\t\t<\/div>\n\t\t\t\t\t\t<\/div>\n\t\t\t\t<\/div>\n\t\t\t\t<div class=\"elementor-element elementor-element-904e4fc elementor-widget__width-auto elementor-absolute elementor-invisible elementor-widget elementor-widget-image\" data-id=\"904e4fc\" data-element_type=\"widget\" data-settings=\"{&quot;_animation&quot;:&quot;fadeInRight&quot;,&quot;_animation_delay&quot;:700,&quot;_position&quot;:&quot;absolute&quot;}\" data-widget_type=\"image.default\">\n\t\t\t\t<div class=\"elementor-widget-container\">\n\t\t\t\t\t\t\t\t\t\t\t\t\t\t\t<img decoding=\"async\" width=\"154\" height=\"155\" src=\"https:\/\/nypbone.com\/wp-content\/uploads\/2024\/09\/square-dots.png\" class=\"attachment-full size-full wp-image-111\" alt=\"\" srcset=\"https:\/\/nypbone.com\/wp-content\/uploads\/2024\/09\/square-dots.png 154w, https:\/\/nypbone.com\/wp-content\/uploads\/2024\/09\/square-dots-150x150.png 150w\" sizes=\"(max-width: 154px) 100vw, 154px\" \/>\t\t\t\t\t\t\t\t\t\t\t\t\t\t\t<\/div>\n\t\t\t\t<\/div>\n\t\t\t\t\t<\/div>\n\t\t<\/div>\n\t\t\t\t\t<\/div>\n\t\t<\/section>\n\t\t\t\t<section class=\"elementor-section elementor-top-section elementor-element elementor-element-b531885 elementor-section-boxed elementor-section-height-default elementor-section-height-default\" data-id=\"b531885\" data-element_type=\"section\" data-settings=\"{&quot;_ha_eqh_enable&quot;:false}\">\n\t\t\t\t\t\t<div class=\"elementor-container elementor-column-gap-default\">\n\t\t\t\t\t<div class=\"elementor-column elementor-col-100 elementor-top-column elementor-element elementor-element-2242053\" data-id=\"2242053\" data-element_type=\"column\">\n\t\t\t<div class=\"elementor-widget-wrap elementor-element-populated\">\n\t\t\t\t\t\t<div class=\"elementor-element elementor-element-370eeb4 elementor-widget elementor-widget-heading\" data-id=\"370eeb4\" data-element_type=\"widget\" data-widget_type=\"heading.default\">\n\t\t\t\t<div class=\"elementor-widget-container\">\n\t\t\t\t\t<h2 class=\"elementor-heading-title elementor-size-default\">Preguntas y respuestas sobre lesiones deportivas\n<\/h2>\t\t\t\t<\/div>\n\t\t\t\t<\/div>\n\t\t\t\t<div class=\"elementor-element elementor-element-a54f856 elementor-widget elementor-widget-elementskit-faq\" data-id=\"a54f856\" data-element_type=\"widget\" data-widget_type=\"elementskit-faq.default\">\n\t\t\t\t<div class=\"elementor-widget-container\">\n\t\t\t\t\t<div class=\"ekit-wid-con\" >\n                <div class=\"elementskit-single-faq elementor-repeater-item-4a0e722\">\n            <div class=\"elementskit-faq-header\">\n                <h2 class=\"elementskit-faq-title\">\u00bfQu\u00e9 son las lesiones deportivas?<\/h2>\n            <\/div>\n            <div class=\"elementskit-faq-body\">\n                Las lesiones deportivas ocurren mientras se hace ejercicio, se corre o se practica alg\u00fan deporte. Cualquiera puede sufrir una lesi\u00f3n deportiva, pero son m\u00e1s comunes en ni\u00f1os y adolescentes porque sus cuerpos a\u00fan est\u00e1n creciendo.<br><br>\nAlgunas lesiones deportivas ocurren de repente, mientras que otras se desarrollan durante un per\u00edodo prolongado. Si se lesiona mientras practica alg\u00fan deporte, comun\u00edquese con NY Partners Orthopedics.            <\/div>\n        <\/div>\n                <div class=\"elementskit-single-faq elementor-repeater-item-9b6023b\">\n            <div class=\"elementskit-faq-header\">\n                <h2 class=\"elementskit-faq-title\">\u00bfCu\u00e1les son algunas lesiones deportivas comunes?<\/h2>\n            <\/div>\n            <div class=\"elementskit-faq-body\">\n                En NY Partners Orthopedics, el Dr. Huang diagnostica y trata diversas lesiones deportivas, entre ellas:<br>\n<br>\n\u25cf Fracturas (huesos rotos)\n<br>\u25cf Desgarros de cart\u00edlago\n<br>\u25cf Cepas\n<br>\u25cf Esguinces\n<br>\u25cf Tendinitis\n<br><br>\nEl Dr. Huang tambi\u00e9n trata dislocaciones. Estas lesiones ocurren cuando uno o m\u00e1s huesos se desplazan de su posici\u00f3n en una articulaci\u00f3n.            <\/div>\n        <\/div>\n                <div class=\"elementskit-single-faq elementor-repeater-item-7228cb1\">\n            <div class=\"elementskit-faq-header\">\n                <h2 class=\"elementskit-faq-title\">\u00bfCu\u00e1les son los s\u00edntomas de las lesiones deportivas?<\/h2>\n            <\/div>\n            <div class=\"elementskit-faq-body\">\n                Los s\u00edntomas de una lesi\u00f3n deportiva incluyen:<br>\n<br>\n\u25cf Hinchaz\u00f3n\n<br>\u25cf Rigidez o debilidad\n<br>\u25cf Moretones\n<br>\u25cf Disminuci\u00f3n del rango de movimiento\n<br>\u25cf Piel c\u00e1lida al tacto.\n<br><br>\nDependiendo de d\u00f3nde est\u00e9 la lesi\u00f3n, es posible que tenga problemas para extender o mover la parte del cuerpo con normalidad.            <\/div>\n        <\/div>\n                <div class=\"elementskit-single-faq elementor-repeater-item-331908d\">\n            <div class=\"elementskit-faq-header\">\n                <h2 class=\"elementskit-faq-title\">\u00bfC\u00f3mo se diagnostican las lesiones deportivas?<\/h2>\n            <\/div>\n            <div class=\"elementskit-faq-body\">\n                El Dr. Huang revisa su historial m\u00e9dico y le pregunta qu\u00e9 sucedi\u00f3 y cu\u00e1les son sus s\u00edntomas. Luego examina el \u00e1rea lesionada y busca enrojecimiento, hematomas e hinchaz\u00f3n. El Dr. Huang presiona suavemente su piel, identificando los lugares sensibles y examina c\u00f3mo se mueve el \u00e1rea lesionada.<br><br>\nTambi\u00e9n solicita im\u00e1genes diagn\u00f3sticas (radiograf\u00edas, tomograf\u00eda computarizada o resonancia magn\u00e9tica) para buscar problemas subyacentes, como fracturas, articulaciones dislocadas o tendinitis.            <\/div>\n        <\/div>\n                <div class=\"elementskit-single-faq elementor-repeater-item-7282114\">\n            <div class=\"elementskit-faq-header\">\n                <h2 class=\"elementskit-faq-title\">\u00bfC\u00f3mo se tratan las lesiones deportivas?<\/h2>\n            <\/div>\n            <div class=\"elementskit-faq-body\">\n                En NY Partners Orthopedics, el Dr. Huang utiliza tratamientos m\u00ednimamente invasivos y conservadores para tratar las lesiones deportivas. Puede recomendar:<br>\n<br>\n\u25cf Inmovilizaci\u00f3n con yeso, f\u00e9rula o bota para caminar\n<br>\u25cf Fisioterapia y rehabilitaci\u00f3n\n<br>\u25cf Medicamentos antiinflamatorios recetados\n<br>\u25cf Injections to reduce pain and swelling\n\n<br><br>\nYou might need surgery if these treatments don\u2019t provide lasting relief or your symptoms continue. Dr. Huang offers several types of minimally invasive surgery, including joint replacement, arthroplasty, and MAKOplasty\u00ae.            <\/div>\n        <\/div>\n                <div class=\"elementskit-single-faq elementor-repeater-item-bc5afee\">\n            <div class=\"elementskit-faq-header\">\n                <h2 class=\"elementskit-faq-title\">Can sports injuries be prevented?<\/h2>\n            <\/div>\n            <div class=\"elementskit-faq-body\">\n                Hay varias cosas que se pueden hacer para reducir el riesgo de sufrir lesiones deportivas. El Dr. Huang recomienda beber mucha agua, usar calzado y equipo de seguridad adecuados y calentar antes de hacer ejercicio. Pr\u00e1cticas sencillas como estas pueden ayudarle a mantenerse en buena forma y sentirse lo mejor posible.            <\/div>\n        <\/div>\n                \n    <\/div>\t\t\t\t<\/div>\n\t\t\t\t<\/div>\n\t\t\t\t\t<\/div>\n\t\t<\/div>\n\t\t\t\t\t<\/div>\n\t\t<\/section>\n\t\t\t\t<section class=\"elementor-section elementor-top-section elementor-element elementor-element-e8d9665 elementor-section-boxed elementor-section-height-default elementor-section-height-default\" data-id=\"e8d9665\" data-element_type=\"section\" data-settings=\"{&quot;background_background&quot;:&quot;classic&quot;,&quot;_ha_eqh_enable&quot;:false}\">\n\t\t\t\t\t\t\t<div class=\"elementor-background-overlay\"><\/div>\n\t\t\t\t\t\t\t<div class=\"elementor-container elementor-column-gap-default\">\n\t\t\t\t\t<div class=\"elementor-column elementor-col-100 elementor-top-column elementor-element elementor-element-bf2be86\" data-id=\"bf2be86\" data-element_type=\"column\">\n\t\t\t<div class=\"elementor-widget-wrap elementor-element-populated\">\n\t\t\t\t\t\t<div class=\"elementor-element elementor-element-9c31eb9 animated-slow elementor-widget elementor-widget-heading\" data-id=\"9c31eb9\" data-element_type=\"widget\" data-settings=\"{&quot;_animation&quot;:&quot;none&quot;}\" data-widget_type=\"heading.default\">\n\t\t\t\t<div class=\"elementor-widget-container\">\n\t\t\t\t\t<h2 class=\"elementor-heading-title elementor-size-default\">Llame a NY Partners Orthopedics hoy para recibir tratamiento para lesiones deportivas o reserve su cita en l\u00ednea.<\/h2>\t\t\t\t<\/div>\n\t\t\t\t<\/div>\n\t\t\t\t<div class=\"elementor-element elementor-element-3f72171 elementor-align-center elementor-widget elementor-widget-button\" data-id=\"3f72171\" data-element_type=\"widget\" data-widget_type=\"button.default\">\n\t\t\t\t<div class=\"elementor-widget-container\">\n\t\t\t\t\t\t\t\t\t<div class=\"elementor-button-wrapper\">\n\t\t\t\t\t<a class=\"elementor-button elementor-button-link elementor-size-sm elementor-animation-float\" href=\"#\">\n\t\t\t\t\t\t<span class=\"elementor-button-content-wrapper\">\n\t\t\t\t\t\t\t\t\t<span class=\"elementor-button-text\">Solicitar cita<\/span>\n\t\t\t\t\t<\/span>\n\t\t\t\t\t<\/a>\n\t\t\t\t<\/div>\n\t\t\t\t\t\t\t\t<\/div>\n\t\t\t\t<\/div>\n\t\t\t\t\t<\/div>\n\t\t<\/div>\n\t\t\t\t\t<\/div>\n\t\t<\/section>\n\t\t\t\t<\/div>","protected":false},"excerpt":{"rendered":"<p>Sports Injuries Orthopedics located in Sunset Park, Brooklyn and Flushing Neighborhood of Queens, Flushing, NY Sports Injuries services offered in Sunset Park, Brooklyn and Flushing Neighborhood of Queens, Flushing, NY Sports injuries like ligament sprains and muscle strains can keep you from your favorite activities. Fortunately, various minimally invasive treatments can provide lasting relief. At [&hellip;]<\/p>","protected":false},"author":1,"featured_media":0,"parent":0,"menu_order":0,"comment_status":"closed","ping_status":"closed","template":"elementor_header_footer","meta":{"om_disable_all_campaigns":false,"_monsterinsights_skip_tracking":false,"_monsterinsights_sitenote_active":false,"_monsterinsights_sitenote_note":"","_monsterinsights_sitenote_category":0,"_uf_show_specific_survey":0,"_uf_disable_surveys":false,"footnotes":""},"class_list":["post-759","page","type-page","status-publish","hentry"],"aioseo_notices":[],"_links":{"self":[{"href":"https:\/\/nypbone.com\/es\/wp-json\/wp\/v2\/pages\/759","targetHints":{"allow":["GET"]}}],"collection":[{"href":"https:\/\/nypbone.com\/es\/wp-json\/wp\/v2\/pages"}],"about":[{"href":"https:\/\/nypbone.com\/es\/wp-json\/wp\/v2\/types\/page"}],"author":[{"embeddable":true,"href":"https:\/\/nypbone.com\/es\/wp-json\/wp\/v2\/users\/1"}],"replies":[{"embeddable":true,"href":"https:\/\/nypbone.com\/es\/wp-json\/wp\/v2\/comments?post=759"}],"version-history":[{"count":40,"href":"https:\/\/nypbone.com\/es\/wp-json\/wp\/v2\/pages\/759\/revisions"}],"predecessor-version":[{"id":1422,"href":"https:\/\/nypbone.com\/es\/wp-json\/wp\/v2\/pages\/759\/revisions\/1422"}],"wp:attachment":[{"href":"https:\/\/nypbone.com\/es\/wp-json\/wp\/v2\/media?parent=759"}],"curies":[{"name":"wp","href":"https:\/\/api.w.org\/{rel}","templated":true}]}}