{"id":727,"date":"2024-09-29T11:50:49","date_gmt":"2024-09-29T11:50:49","guid":{"rendered":"https:\/\/nypbone.com\/?page_id=727"},"modified":"2025-04-14T18:49:00","modified_gmt":"2025-04-14T18:49:00","slug":"workers-compensation","status":"publish","type":"page","link":"https:\/\/nypbone.com\/es\/workers-compensation\/","title":{"rendered":"Worker&#8217;s Compensation"},"content":{"rendered":"<div data-elementor-type=\"wp-page\" data-elementor-id=\"727\" class=\"elementor elementor-727\" data-elementor-settings=\"{&quot;ha_cmc_init_switcher&quot;:&quot;no&quot;}\" data-elementor-post-type=\"page\">\n\t\t\t\t\t\t<section class=\"elementor-section elementor-top-section elementor-element elementor-element-acdfea4 elementor-section-boxed elementor-section-height-default elementor-section-height-default\" data-id=\"acdfea4\" data-element_type=\"section\" data-settings=\"{&quot;background_background&quot;:&quot;classic&quot;,&quot;_ha_eqh_enable&quot;:false}\">\n\t\t\t\t\t\t\t<div class=\"elementor-background-overlay\"><\/div>\n\t\t\t\t\t\t\t<div class=\"elementor-container elementor-column-gap-default\">\n\t\t\t\t\t<div class=\"elementor-column elementor-col-100 elementor-top-column elementor-element elementor-element-c8cd29d\" data-id=\"c8cd29d\" data-element_type=\"column\">\n\t\t\t<div class=\"elementor-widget-wrap elementor-element-populated\">\n\t\t\t\t\t\t<div class=\"elementor-element elementor-element-866a15c elementor-widget elementor-widget-heading\" data-id=\"866a15c\" data-element_type=\"widget\" data-widget_type=\"heading.default\">\n\t\t\t\t<div class=\"elementor-widget-container\">\n\t\t\t\t\t<p class=\"elementor-heading-title elementor-size-default\">Compensaci\u00f3n de trabajadores<\/p>\t\t\t\t<\/div>\n\t\t\t\t<\/div>\n\t\t\t\t<div class=\"elementor-element elementor-element-fbf9056 elementor-widget elementor-widget-heading\" data-id=\"fbf9056\" data-element_type=\"widget\" data-widget_type=\"heading.default\">\n\t\t\t\t<div class=\"elementor-widget-container\">\n\t\t\t\t\t<h2 class=\"elementor-heading-title elementor-size-default\">Ortopedia ubicada en Sunset Park, Brooklyn y Flushing Neighborhood of Queens, Flushing, NY\n<\/h2>\t\t\t\t<\/div>\n\t\t\t\t<\/div>\n\t\t\t\t\t<\/div>\n\t\t<\/div>\n\t\t\t\t\t<\/div>\n\t\t<\/section>\n\t\t\t\t<section class=\"elementor-section elementor-top-section elementor-element elementor-element-8c57a93 elementor-reverse-mobile elementor-section-boxed elementor-section-height-default elementor-section-height-default\" data-id=\"8c57a93\" data-element_type=\"section\" data-settings=\"{&quot;_ha_eqh_enable&quot;:false}\">\n\t\t\t\t\t\t<div class=\"elementor-container elementor-column-gap-default\">\n\t\t\t\t\t<div class=\"elementor-column elementor-col-50 elementor-top-column elementor-element elementor-element-9fba413\" data-id=\"9fba413\" data-element_type=\"column\">\n\t\t\t<div class=\"elementor-widget-wrap elementor-element-populated\">\n\t\t\t\t\t\t<div class=\"elementor-element elementor-element-3d67e05 elementor-widget elementor-widget-heading\" data-id=\"3d67e05\" data-element_type=\"widget\" data-settings=\"{&quot;_animation&quot;:&quot;none&quot;}\" data-widget_type=\"heading.default\">\n\t\t\t\t<div class=\"elementor-widget-container\">\n\t\t\t\t\t<h2 class=\"elementor-heading-title elementor-size-default\">Servicios de compensaci\u00f3n laboral ofrecidos en Sunset Park, Brooklyn y Flushing Neighborhood of Queens, Flushing, NY\n<\/h2>\t\t\t\t<\/div>\n\t\t\t\t<\/div>\n\t\t\t\t<div class=\"elementor-element elementor-element-bd2c5a3 elementor-widget elementor-widget-text-editor\" data-id=\"bd2c5a3\" data-element_type=\"widget\" data-settings=\"{&quot;_animation&quot;:&quot;none&quot;}\" data-widget_type=\"text-editor.default\">\n\t\t\t\t<div class=\"elementor-widget-container\">\n\t\t\t\t\t\t\t\t\t<section id=\"vbid-002c9f46-1e70-4970-8220-8768426c70d5\" class=\"section master item-box\" data-position=\"default\" data-position-popup-appearance=\"always\" data-arranger=\"flex\" data-textalign=\"left\" data-verticalalign=\"center\" data-horizontalalign=\"center\" data-layouttype=\"multi\" data-layoutclass=\"right-center\" data-layoutratio=\"0.5\" data-layoutborder=\"10\" data-imagefit=\"cover\" data-imagefilter=\"filter-1\" data-imagescroll=\"normal\" data-section-width=\"boxed\" data-sbid=\"sbid-015fe1ff-452f-4a13-9982-955dbfb0b378\" data-backgroundimagefilter=\"section-bg-filter-1\" data-autoplay=\"stop\" data-durationbetweenslides=\"4\" data-headerposition=\"false\" data-is-slide-section=\"true\"><div class=\"children\"><div class=\"section-children\"><article id=\"vbid-002c9f46-1e70-4970-8220-8768426c70d5_0\" class=\"item section-item\" data-itemmediatype=\"PIC\" data-no-children=\"false\" data-visible=\"true\"><div class=\"text-side editable\"><div id=\"vbid-002c9f46-1e70-4970-8220-8768426c70d5-dyn_elem_BODY_0s\" class=\"element body_preset_1\" contenteditable=\"false\" data-elementtype=\"BODY\"><p>Es fundamental presentar una reclamaci\u00f3n de indemnizaci\u00f3n por accidente laboral si sufre un accidente o una lesi\u00f3n en el trabajo. Completar la documentaci\u00f3n necesaria y obtener la opini\u00f3n de un m\u00e9dico puede reducir al m\u00e1ximo los costes y acelerar su recuperaci\u00f3n. En NY Partners Orthopedics, en el barrio de Flushing de Queens y Brooklyn, en la ciudad de Nueva York, el cirujano ortop\u00e9dico certificado Ronald Huang, MD, ofrece servicios de indemnizaci\u00f3n por accidente laboral a personas de toda la ciudad de Nueva York. Llame al consultorio hoy mismo para solicitar una cita de indemnizaci\u00f3n por accidente laboral o reserve una en l\u00ednea.<\/p><\/div><\/div><\/article><\/div><\/div><\/section>\t\t\t\t\t\t\t\t<\/div>\n\t\t\t\t<\/div>\n\t\t\t\t\t<\/div>\n\t\t<\/div>\n\t\t\t\t<div class=\"elementor-column elementor-col-50 elementor-top-column elementor-element elementor-element-c3cd808\" data-id=\"c3cd808\" data-element_type=\"column\" data-settings=\"{&quot;animation&quot;:&quot;none&quot;}\">\n\t\t\t<div class=\"elementor-widget-wrap elementor-element-populated\">\n\t\t\t\t\t\t<div class=\"elementor-element elementor-element-fdd43b0 elementor-widget elementor-widget-image\" data-id=\"fdd43b0\" data-element_type=\"widget\" data-settings=\"{&quot;_animation&quot;:&quot;none&quot;}\" data-widget_type=\"image.default\">\n\t\t\t\t<div class=\"elementor-widget-container\">\n\t\t\t\t\t\t\t\t\t\t\t\t\t\t\t<img fetchpriority=\"high\" decoding=\"async\" width=\"640\" height=\"384\" src=\"https:\/\/nypbone.com\/wp-content\/uploads\/2024\/09\/2605145.webp\" class=\"attachment-full size-full wp-image-141\" alt=\"Services We Offer ,Worker&#039;s Compensation ,Arthroscopy\" srcset=\"https:\/\/nypbone.com\/wp-content\/uploads\/2024\/09\/2605145.webp 640w, https:\/\/nypbone.com\/wp-content\/uploads\/2024\/09\/2605145-300x180.webp 300w\" sizes=\"(max-width: 640px) 100vw, 640px\" \/>\t\t\t\t\t\t\t\t\t\t\t\t\t\t\t<\/div>\n\t\t\t\t<\/div>\n\t\t\t\t<div class=\"elementor-element elementor-element-87f8eb7 elementor-hidden-tablet elementor-hidden-phone ha-has-bg-overlay elementor-invisible elementor-widget elementor-widget-spacer\" data-id=\"87f8eb7\" data-element_type=\"widget\" data-settings=\"{&quot;_animation&quot;:&quot;fadeInRight&quot;,&quot;_animation_delay&quot;:600}\" data-widget_type=\"spacer.default\">\n\t\t\t\t<div class=\"elementor-widget-container\">\n\t\t\t\t\t\t\t<div class=\"elementor-spacer\">\n\t\t\t<div class=\"elementor-spacer-inner\"><\/div>\n\t\t<\/div>\n\t\t\t\t\t\t<\/div>\n\t\t\t\t<\/div>\n\t\t\t\t<div class=\"elementor-element elementor-element-b7f4b19 elementor-widget__width-auto elementor-absolute elementor-invisible elementor-widget elementor-widget-image\" data-id=\"b7f4b19\" data-element_type=\"widget\" data-settings=\"{&quot;_animation&quot;:&quot;fadeInRight&quot;,&quot;_animation_delay&quot;:700,&quot;_position&quot;:&quot;absolute&quot;}\" data-widget_type=\"image.default\">\n\t\t\t\t<div class=\"elementor-widget-container\">\n\t\t\t\t\t\t\t\t\t\t\t\t\t\t\t<img decoding=\"async\" width=\"154\" height=\"155\" src=\"https:\/\/nypbone.com\/wp-content\/uploads\/2024\/09\/square-dots.png\" class=\"attachment-full size-full wp-image-111\" alt=\"\" srcset=\"https:\/\/nypbone.com\/wp-content\/uploads\/2024\/09\/square-dots.png 154w, https:\/\/nypbone.com\/wp-content\/uploads\/2024\/09\/square-dots-150x150.png 150w\" sizes=\"(max-width: 154px) 100vw, 154px\" \/>\t\t\t\t\t\t\t\t\t\t\t\t\t\t\t<\/div>\n\t\t\t\t<\/div>\n\t\t\t\t\t<\/div>\n\t\t<\/div>\n\t\t\t\t\t<\/div>\n\t\t<\/section>\n\t\t\t\t<section class=\"elementor-section elementor-top-section elementor-element elementor-element-784dc85 elementor-section-boxed elementor-section-height-default elementor-section-height-default\" data-id=\"784dc85\" data-element_type=\"section\" data-settings=\"{&quot;_ha_eqh_enable&quot;:false}\">\n\t\t\t\t\t\t<div class=\"elementor-container elementor-column-gap-default\">\n\t\t\t\t\t<div class=\"elementor-column elementor-col-100 elementor-top-column elementor-element elementor-element-f7eafce\" data-id=\"f7eafce\" data-element_type=\"column\">\n\t\t\t<div class=\"elementor-widget-wrap elementor-element-populated\">\n\t\t\t\t\t\t<div class=\"elementor-element elementor-element-a791485 elementor-widget elementor-widget-heading\" data-id=\"a791485\" data-element_type=\"widget\" data-widget_type=\"heading.default\">\n\t\t\t\t<div class=\"elementor-widget-container\">\n\t\t\t\t\t<h2 class=\"elementor-heading-title elementor-size-default\">Preguntas y respuestas sobre la compensaci\u00f3n laboral\n<\/h2>\t\t\t\t<\/div>\n\t\t\t\t<\/div>\n\t\t\t\t<div class=\"elementor-element elementor-element-ace473f elementor-widget elementor-widget-elementskit-faq\" data-id=\"ace473f\" data-element_type=\"widget\" data-widget_type=\"elementskit-faq.default\">\n\t\t\t\t<div class=\"elementor-widget-container\">\n\t\t\t\t\t<div class=\"ekit-wid-con\" >\n                <div class=\"elementskit-single-faq elementor-repeater-item-4a0e722\">\n            <div class=\"elementskit-faq-header\">\n                <h2 class=\"elementskit-faq-title\">\u00bfQu\u00e9 es la compensaci\u00f3n laboral?<\/h2>\n            <\/div>\n            <div class=\"elementskit-faq-body\">\n                La compensaci\u00f3n laboral es un programa de seguro exigido por el gobierno federal y administrado por los estados. Brinda beneficios y atenci\u00f3n m\u00e9dica a las personas que se enferman o lesionan debido a su trabajo.<br><br>\nTodos los due\u00f1os de empresas deben tener un seguro de compensaci\u00f3n para trabajadores. Una agencia estatal llamada Junta de Compensaci\u00f3n para Trabajadores procesa las reclamaciones de compensaci\u00f3n para trabajadores y determina la compensaci\u00f3n que recibir\u00e1.<br><br>\nEn NY Partners Orthopedics, el Dr. Huang brinda servicios de compensaci\u00f3n laboral a empleadores y empleados.            <\/div>\n        <\/div>\n                <div class=\"elementskit-single-faq elementor-repeater-item-9b6023b\">\n            <div class=\"elementskit-faq-header\">\n                <h2 class=\"elementskit-faq-title\">\u00bfQui\u00e9n debe presentar un reclamo de compensaci\u00f3n laboral?<\/h2>\n            <\/div>\n            <div class=\"elementskit-faq-body\">\n                Presente un reclamo de compensaci\u00f3n laboral en NY Partners Orthopedics si sufre alguno de los siguientes accidentes, lesiones y enfermedades en el lugar de trabajo:<br><br>\n\u25cf Resbalones y ca\u00eddas\n<br>\u25cf Esfuerzo excesivo\n<br>\u25cf Lesiones por esfuerzo repetitivo (LER)\n<br>\u25cf Conmociones cerebrales y lesiones cerebrales traum\u00e1ticas (LCT)\n<br>\u25cf Accidentes automovil\u00edsticos\n<br>\u25cf Fracturas\n<br>\u25cf Esguinces y distensiones\n<br>\u25cf Articulaciones dislocadas\n<br>\u25cf Tendones rotos\n<br>\u25cf Latigazo cervical\n<br><br>\nPodr\u00eda calificar para una compensaci\u00f3n laboral si tiene asma u otro problema respiratorio agravado por su entorno de trabajo.            <\/div>\n        <\/div>\n                <div class=\"elementskit-single-faq elementor-repeater-item-46e9be0\">\n            <div class=\"elementskit-faq-header\">\n                <h2 class=\"elementskit-faq-title\">\u00bfQu\u00e9 sucede durante una visita al m\u00e9dico de compensaci\u00f3n laboral?<\/h2>\n            <\/div>\n            <div class=\"elementskit-faq-body\">\n                El Dr. Huang revisa su historial m\u00e9dico y le pregunta sobre su lesi\u00f3n o enfermedad, incluidos los s\u00edntomas que est\u00e1 experimentando y cu\u00e1ndo comenzaron. Realiza un examen f\u00edsico y solicita an\u00e1lisis de laboratorio y\/o im\u00e1genes de diagn\u00f3stico.<br><br>\nDespu\u00e9s de evaluar y diagnosticar su enfermedad o lesi\u00f3n, el Dr. Huang desarrolla un plan de tratamiento personalizado. El objetivo es aliviar los s\u00edntomas inc\u00f3modos, estimular el proceso de curaci\u00f3n de su cuerpo y ayudarlo a regresar al trabajo lo antes posible.            <\/div>\n        <\/div>\n                <div class=\"elementskit-single-faq elementor-repeater-item-ec6b646\">\n            <div class=\"elementskit-faq-header\">\n                <h2 class=\"elementskit-faq-title\">\u00bfC\u00f3mo se tratan las lesiones y enfermedades laborales?<\/h2>\n            <\/div>\n            <div class=\"elementskit-faq-body\">\n                En NY Partners Orthopedics, el Dr. Huang trata lesiones y enfermedades laborales con un enfoque conservador y m\u00ednimamente invasivo. Puede recomendar:<br><br>\n\u25cf Fisioterapia\n<br>\u25cf Hielo y calor\n<br>\u25cf Compresi\u00f3n y elevaci\u00f3n\n<br>\u25cf Cambios en la actividad \n<br>\u25cf Reemplazo de articulaciones\n<br>\u25cf MAKOplastia\u00ae\n<br>\u25cf Artroscopia\n<br>\u25cf Inyecciones articulares\n\n<br><br>\nDr. Huang communicates with your employer throughout your treatment, providing updates and completing the required paperwork.            <\/div>\n        <\/div>\n                <div class=\"elementskit-single-faq elementor-repeater-item-e023bc7\">\n            <div class=\"elementskit-faq-header\">\n                <h2 class=\"elementskit-faq-title\">\u00bfQu\u00e9 debo hacer si me lesiono en el trabajo?<\/h2>\n            <\/div>\n            <div class=\"elementskit-faq-body\">\n                Si se lesiona en el trabajo, avise a su supervisor directo de inmediato y complete un informe del incidente. Luego, llame al Dr. Huang. NY Partners Orthopedics reserva un momento todos los d\u00edas para realizar evaluaciones de compensaci\u00f3n para trabajadores sin cita previa. Lleve su tarjeta de seguro m\u00e9dico y la documentaci\u00f3n de compensaci\u00f3n para trabajadores de su empleador.            <\/div>\n        <\/div>\n                <div class=\"elementskit-single-faq elementor-repeater-item-6be1175\">\n            <div class=\"elementskit-faq-header\">\n                <h2 class=\"elementskit-faq-title\">\u00bfSe pueden prevenir las lesiones laborales?<\/h2>\n            <\/div>\n            <div class=\"elementskit-faq-body\">\n                No hay forma de prevenir por completo las lesiones en el lugar de trabajo, pero hay cosas que puede hacer para reducir significativamente el riesgo. El Dr. Huang recomienda usar el equipo de protecci\u00f3n personal (EPP) adecuado, revisar regularmente los riesgos de seguridad y mantenerse siempre alerta.             <\/div>\n        <\/div>\n                \n    <\/div>\t\t\t\t<\/div>\n\t\t\t\t<\/div>\n\t\t\t\t\t<\/div>\n\t\t<\/div>\n\t\t\t\t\t<\/div>\n\t\t<\/section>\n\t\t\t\t<section class=\"elementor-section elementor-top-section elementor-element elementor-element-60f8192 elementor-section-boxed elementor-section-height-default elementor-section-height-default\" data-id=\"60f8192\" data-element_type=\"section\" data-settings=\"{&quot;background_background&quot;:&quot;classic&quot;,&quot;_ha_eqh_enable&quot;:false}\">\n\t\t\t\t\t\t\t<div class=\"elementor-background-overlay\"><\/div>\n\t\t\t\t\t\t\t<div class=\"elementor-container elementor-column-gap-default\">\n\t\t\t\t\t<div class=\"elementor-column elementor-col-100 elementor-top-column elementor-element elementor-element-9ac0621\" data-id=\"9ac0621\" data-element_type=\"column\">\n\t\t\t<div class=\"elementor-widget-wrap elementor-element-populated\">\n\t\t\t\t\t\t<div class=\"elementor-element elementor-element-7551cf1 animated-slow elementor-widget elementor-widget-heading\" data-id=\"7551cf1\" data-element_type=\"widget\" data-settings=\"{&quot;_animation&quot;:&quot;none&quot;}\" data-widget_type=\"heading.default\">\n\t\t\t\t<div class=\"elementor-widget-container\">\n\t\t\t\t\t<h2 class=\"elementor-heading-title elementor-size-default\">Call NY Partners Orthopedics today to schedule a workers\u2019 compensation visit, or book one online.<\/h2>\t\t\t\t<\/div>\n\t\t\t\t<\/div>\n\t\t\t\t<div class=\"elementor-element elementor-element-1c0bf3e elementor-align-center elementor-widget elementor-widget-button\" data-id=\"1c0bf3e\" data-element_type=\"widget\" data-widget_type=\"button.default\">\n\t\t\t\t<div class=\"elementor-widget-container\">\n\t\t\t\t\t\t\t\t\t<div class=\"elementor-button-wrapper\">\n\t\t\t\t\t<a class=\"elementor-button elementor-button-link elementor-size-sm elementor-animation-float\" href=\"#\">\n\t\t\t\t\t\t<span class=\"elementor-button-content-wrapper\">\n\t\t\t\t\t\t\t\t\t<span class=\"elementor-button-text\">Solicitar cita<\/span>\n\t\t\t\t\t<\/span>\n\t\t\t\t\t<\/a>\n\t\t\t\t<\/div>\n\t\t\t\t\t\t\t\t<\/div>\n\t\t\t\t<\/div>\n\t\t\t\t\t<\/div>\n\t\t<\/div>\n\t\t\t\t\t<\/div>\n\t\t<\/section>\n\t\t\t\t<\/div>","protected":false},"excerpt":{"rendered":"<p>Worker&#8217;s Compensation Orthopedics located in Sunset Park, Brooklyn and Flushing Neighborhood of Queens, Flushing, NY Worker&#8217;s Compensation services offered in Sunset Park, Brooklyn and Flushing Neighborhood of Queens, Flushing, NY It\u2019s crucial to file a workers\u2019 compensation claim if you suffer an accident or injury while on the job. Filling out the necessary paperwork and [&hellip;]<\/p>","protected":false},"author":1,"featured_media":0,"parent":0,"menu_order":0,"comment_status":"closed","ping_status":"closed","template":"elementor_header_footer","meta":{"om_disable_all_campaigns":false,"_monsterinsights_skip_tracking":false,"_monsterinsights_sitenote_active":false,"_monsterinsights_sitenote_note":"","_monsterinsights_sitenote_category":0,"_uf_show_specific_survey":0,"_uf_disable_surveys":false,"footnotes":""},"class_list":["post-727","page","type-page","status-publish","hentry"],"aioseo_notices":[],"_links":{"self":[{"href":"https:\/\/nypbone.com\/es\/wp-json\/wp\/v2\/pages\/727","targetHints":{"allow":["GET"]}}],"collection":[{"href":"https:\/\/nypbone.com\/es\/wp-json\/wp\/v2\/pages"}],"about":[{"href":"https:\/\/nypbone.com\/es\/wp-json\/wp\/v2\/types\/page"}],"author":[{"embeddable":true,"href":"https:\/\/nypbone.com\/es\/wp-json\/wp\/v2\/users\/1"}],"replies":[{"embeddable":true,"href":"https:\/\/nypbone.com\/es\/wp-json\/wp\/v2\/comments?post=727"}],"version-history":[{"count":57,"href":"https:\/\/nypbone.com\/es\/wp-json\/wp\/v2\/pages\/727\/revisions"}],"predecessor-version":[{"id":1429,"href":"https:\/\/nypbone.com\/es\/wp-json\/wp\/v2\/pages\/727\/revisions\/1429"}],"wp:attachment":[{"href":"https:\/\/nypbone.com\/es\/wp-json\/wp\/v2\/media?parent=727"}],"curies":[{"name":"wp","href":"https:\/\/api.w.org\/{rel}","templated":true}]}}