{"id":697,"date":"2024-09-29T11:36:59","date_gmt":"2024-09-29T11:36:59","guid":{"rendered":"https:\/\/nypbone.com\/?page_id=697"},"modified":"2025-04-05T11:18:00","modified_gmt":"2025-04-05T11:18:00","slug":"makoplasty","status":"publish","type":"page","link":"https:\/\/nypbone.com\/es\/makoplasty\/","title":{"rendered":"MAKOpl\u00e1sticos"},"content":{"rendered":"<div data-elementor-type=\"wp-page\" data-elementor-id=\"697\" class=\"elementor elementor-697\" data-elementor-settings=\"{&quot;ha_cmc_init_switcher&quot;:&quot;no&quot;}\" data-elementor-post-type=\"page\">\n\t\t\t\t\t\t<section class=\"elementor-section elementor-top-section elementor-element elementor-element-f4edf6c elementor-section-boxed elementor-section-height-default elementor-section-height-default\" data-id=\"f4edf6c\" data-element_type=\"section\" data-settings=\"{&quot;background_background&quot;:&quot;classic&quot;,&quot;_ha_eqh_enable&quot;:false}\">\n\t\t\t\t\t\t\t<div class=\"elementor-background-overlay\"><\/div>\n\t\t\t\t\t\t\t<div class=\"elementor-container elementor-column-gap-default\">\n\t\t\t\t\t<div class=\"elementor-column elementor-col-100 elementor-top-column elementor-element elementor-element-31f283b\" data-id=\"31f283b\" data-element_type=\"column\">\n\t\t\t<div class=\"elementor-widget-wrap elementor-element-populated\">\n\t\t\t\t\t\t<div class=\"elementor-element elementor-element-e901105 elementor-widget elementor-widget-heading\" data-id=\"e901105\" data-element_type=\"widget\" data-widget_type=\"heading.default\">\n\t\t\t\t<div class=\"elementor-widget-container\">\n\t\t\t\t\t<h2 class=\"elementor-heading-title elementor-size-default\">MAKOpl\u00e1sticos<\/h2>\t\t\t\t<\/div>\n\t\t\t\t<\/div>\n\t\t\t\t<div class=\"elementor-element elementor-element-345155d elementor-widget elementor-widget-heading\" data-id=\"345155d\" data-element_type=\"widget\" data-widget_type=\"heading.default\">\n\t\t\t\t<div class=\"elementor-widget-container\">\n\t\t\t\t\t<h2 class=\"elementor-heading-title elementor-size-default\">Ortopedia ubicada en Sunset Park, Brooklyn y Flushing Neighborhood of Queens, Flushing, NY\n<\/h2>\t\t\t\t<\/div>\n\t\t\t\t<\/div>\n\t\t\t\t\t<\/div>\n\t\t<\/div>\n\t\t\t\t\t<\/div>\n\t\t<\/section>\n\t\t\t\t<section class=\"elementor-section elementor-top-section elementor-element elementor-element-987e63b elementor-section-boxed elementor-section-height-default elementor-section-height-default\" data-id=\"987e63b\" data-element_type=\"section\" data-settings=\"{&quot;_ha_eqh_enable&quot;:false}\">\n\t\t\t\t\t\t<div class=\"elementor-container elementor-column-gap-default\">\n\t\t\t\t\t<div class=\"elementor-column elementor-col-50 elementor-top-column elementor-element elementor-element-3918e4a\" data-id=\"3918e4a\" data-element_type=\"column\">\n\t\t\t<div class=\"elementor-widget-wrap elementor-element-populated\">\n\t\t\t\t\t\t<div class=\"elementor-element elementor-element-d30face elementor-widget elementor-widget-heading\" data-id=\"d30face\" data-element_type=\"widget\" data-settings=\"{&quot;_animation&quot;:&quot;none&quot;}\" data-widget_type=\"heading.default\">\n\t\t\t\t<div class=\"elementor-widget-container\">\n\t\t\t\t\t<h2 class=\"elementor-heading-title elementor-size-default\">Servicios de MAKOplasty ofrecidos en Sunset Park, Brooklyn y Flushing Neighborhood of Queens, Flushing, NY\n<\/h2>\t\t\t\t<\/div>\n\t\t\t\t<\/div>\n\t\t\t\t<div class=\"elementor-element elementor-element-af0e988 elementor-widget elementor-widget-text-editor\" data-id=\"af0e988\" data-element_type=\"widget\" data-settings=\"{&quot;_animation&quot;:&quot;none&quot;}\" data-widget_type=\"text-editor.default\">\n\t\t\t\t<div class=\"elementor-widget-container\">\n\t\t\t\t\t\t\t\t\t<section id=\"vbid-002c9f46-1e70-4970-8220-8768426c70d5\" class=\"section master item-box\" data-position=\"default\" data-position-popup-appearance=\"always\" data-arranger=\"flex\" data-textalign=\"left\" data-verticalalign=\"center\" data-horizontalalign=\"center\" data-layouttype=\"multi\" data-layoutclass=\"right-center\" data-layoutratio=\"0.5\" data-layoutborder=\"10\" data-imagefit=\"cover\" data-imagefilter=\"filter-1\" data-imagescroll=\"normal\" data-section-width=\"boxed\" data-sbid=\"sbid-015fe1ff-452f-4a13-9982-955dbfb0b378\" data-backgroundimagefilter=\"section-bg-filter-1\" data-autoplay=\"stop\" data-durationbetweenslides=\"4\" data-headerposition=\"false\" data-is-slide-section=\"true\"><div class=\"children\"><div class=\"section-children\"><article id=\"vbid-002c9f46-1e70-4970-8220-8768426c70d5_0\" class=\"item section-item\" data-itemmediatype=\"PIC\" data-no-children=\"false\" data-visible=\"true\"><div class=\"text-side editable\"><div id=\"vbid-002c9f46-1e70-4970-8220-8768426c70d5-dyn_elem_BODY_0s\" class=\"element body_preset_1\" contenteditable=\"false\" data-elementtype=\"BODY\"><p>Considere la posibilidad de someterse a MAKOplasty\u00ae si tiene osteoartritis de rodilla o cadera. Este procedimiento quir\u00fargico avanzado es r\u00e1pido y eficaz, ya que repara el da\u00f1o articular y preserva el hueso y los ligamentos circundantes. En NY Partners Orthopedics, en el barrio de Flushing de Queens y Brooklyn, en la ciudad de Nueva York, el cirujano ortop\u00e9dico certificado Ronald Huang, MD, utiliza MAKOplasty para el reemplazo parcial de rodilla, el reemplazo total de rodilla y el reemplazo total de cadera. Llame hoy mismo al consultorio del \u00e1rea de la ciudad de Nueva York para solicitar una consulta de MAKOplasty o programe su cita en l\u00ednea.<\/p><\/div><\/div><\/article><\/div><\/div><\/section>\t\t\t\t\t\t\t\t<\/div>\n\t\t\t\t<\/div>\n\t\t\t\t\t<\/div>\n\t\t<\/div>\n\t\t\t\t<div class=\"elementor-column elementor-col-50 elementor-top-column elementor-element elementor-element-381a968\" data-id=\"381a968\" data-element_type=\"column\" data-settings=\"{&quot;animation&quot;:&quot;none&quot;}\">\n\t\t\t<div class=\"elementor-widget-wrap elementor-element-populated\">\n\t\t\t\t\t\t<div class=\"elementor-element elementor-element-6e5d20d elementor-widget elementor-widget-image\" data-id=\"6e5d20d\" data-element_type=\"widget\" data-settings=\"{&quot;_animation&quot;:&quot;none&quot;}\" data-widget_type=\"image.default\">\n\t\t\t\t<div class=\"elementor-widget-container\">\n\t\t\t\t\t\t\t\t\t\t\t\t\t\t\t<img fetchpriority=\"high\" decoding=\"async\" width=\"640\" height=\"384\" src=\"https:\/\/nypbone.com\/wp-content\/uploads\/2024\/09\/2590601.webp\" class=\"attachment-full size-full wp-image-140\" alt=\"Services We Offer ,MAKOplasty\" srcset=\"https:\/\/nypbone.com\/wp-content\/uploads\/2024\/09\/2590601.webp 640w, https:\/\/nypbone.com\/wp-content\/uploads\/2024\/09\/2590601-300x180.webp 300w\" sizes=\"(max-width: 640px) 100vw, 640px\" \/>\t\t\t\t\t\t\t\t\t\t\t\t\t\t\t<\/div>\n\t\t\t\t<\/div>\n\t\t\t\t<div class=\"elementor-element elementor-element-811c426 elementor-hidden-tablet elementor-hidden-phone ha-has-bg-overlay elementor-invisible elementor-widget elementor-widget-spacer\" data-id=\"811c426\" data-element_type=\"widget\" data-settings=\"{&quot;_animation&quot;:&quot;fadeInRight&quot;,&quot;_animation_delay&quot;:600}\" data-widget_type=\"spacer.default\">\n\t\t\t\t<div class=\"elementor-widget-container\">\n\t\t\t\t\t\t\t<div class=\"elementor-spacer\">\n\t\t\t<div class=\"elementor-spacer-inner\"><\/div>\n\t\t<\/div>\n\t\t\t\t\t\t<\/div>\n\t\t\t\t<\/div>\n\t\t\t\t<div class=\"elementor-element elementor-element-7a8c472 elementor-widget__width-auto elementor-absolute elementor-invisible elementor-widget elementor-widget-image\" data-id=\"7a8c472\" data-element_type=\"widget\" data-settings=\"{&quot;_animation&quot;:&quot;fadeInRight&quot;,&quot;_animation_delay&quot;:700,&quot;_position&quot;:&quot;absolute&quot;}\" data-widget_type=\"image.default\">\n\t\t\t\t<div class=\"elementor-widget-container\">\n\t\t\t\t\t\t\t\t\t\t\t\t\t\t\t<img decoding=\"async\" width=\"154\" height=\"155\" src=\"https:\/\/nypbone.com\/wp-content\/uploads\/2024\/09\/square-dots.png\" class=\"attachment-full size-full wp-image-111\" alt=\"\" srcset=\"https:\/\/nypbone.com\/wp-content\/uploads\/2024\/09\/square-dots.png 154w, https:\/\/nypbone.com\/wp-content\/uploads\/2024\/09\/square-dots-150x150.png 150w\" sizes=\"(max-width: 154px) 100vw, 154px\" \/>\t\t\t\t\t\t\t\t\t\t\t\t\t\t\t<\/div>\n\t\t\t\t<\/div>\n\t\t\t\t\t<\/div>\n\t\t<\/div>\n\t\t\t\t\t<\/div>\n\t\t<\/section>\n\t\t\t\t<section class=\"elementor-section elementor-top-section elementor-element elementor-element-3f9e759 elementor-section-boxed elementor-section-height-default elementor-section-height-default\" data-id=\"3f9e759\" data-element_type=\"section\" data-settings=\"{&quot;_ha_eqh_enable&quot;:false}\">\n\t\t\t\t\t\t<div class=\"elementor-container elementor-column-gap-default\">\n\t\t\t\t\t<div class=\"elementor-column elementor-col-100 elementor-top-column elementor-element elementor-element-b508217\" data-id=\"b508217\" data-element_type=\"column\">\n\t\t\t<div class=\"elementor-widget-wrap elementor-element-populated\">\n\t\t\t\t\t\t<div class=\"elementor-element elementor-element-cef72a8 elementor-widget elementor-widget-heading\" data-id=\"cef72a8\" data-element_type=\"widget\" data-widget_type=\"heading.default\">\n\t\t\t\t<div class=\"elementor-widget-container\">\n\t\t\t\t\t<h2 class=\"elementor-heading-title elementor-size-default\">Preguntas y respuestas sobre MAKOplastia\n<\/h2>\t\t\t\t<\/div>\n\t\t\t\t<\/div>\n\t\t\t\t<div class=\"elementor-element elementor-element-043514f elementor-widget elementor-widget-elementskit-faq\" data-id=\"043514f\" data-element_type=\"widget\" data-widget_type=\"elementskit-faq.default\">\n\t\t\t\t<div class=\"elementor-widget-container\">\n\t\t\t\t\t<div class=\"ekit-wid-con\" >\n                <div class=\"elementskit-single-faq elementor-repeater-item-4a0e722\">\n            <div class=\"elementskit-faq-header\">\n                <h2 class=\"elementskit-faq-title\">\u00bfQu\u00e9 es la MAKOplastia?<\/h2>\n            <\/div>\n            <div class=\"elementskit-faq-body\">\n                La tecnolog\u00eda asistida por brazo rob\u00f3tico MAKO (MAKOplasty) es un procedimiento quir\u00fargico m\u00ednimamente invasivo para el tratamiento de la osteoartritis. Es producido por Stryker Corp., una empresa holandesa con sede en Estados Unidos en Kalamazoo, Michigan.<br><br>\nEl Dr. Huang se encuentra frente a una consola de computadora que controla un brazo rob\u00f3tico durante el tratamiento. El brazo le permite acceder a la articulaci\u00f3n da\u00f1ada o enferma con mayor precisi\u00f3n y exactitud.            <\/div>\n        <\/div>\n                <div class=\"elementskit-single-faq elementor-repeater-item-46e9be0\">\n            <div class=\"elementskit-faq-header\">\n                <h2 class=\"elementskit-faq-title\">\u00bfQui\u00e9n es un candidato para MAKOplasty?<\/h2>\n            <\/div>\n            <div class=\"elementskit-faq-body\">\n                En NY Partners Orthopedics, el Dr. Huang utiliza MAKOplasty para tres cirug\u00edas ortop\u00e9dicas:<br>\n<strong>Reemplazo parcial de rodilla<\/strong>\nSi tiene osteoartritis de rodilla leve o moderada en las etapas iniciales o intermedias, podr\u00eda beneficiarse de un reemplazo parcial de rodilla. Esto es particularmente cierto si la enfermedad no se ha propagado a los tres compartimentos de la rodilla.<br>\n<strong>Reemplazo total de rodilla<\/strong>\n<br>\nSi tiene osteoartritis de rodilla en etapa intermedia o avanzada, podr\u00eda calificar para un reemplazo total de rodilla. Una pr\u00f3tesis MAKO puede reemplazar toda la articulaci\u00f3n de la rodilla, aliviando el dolor y restaurando su rango completo de movimiento.<br>\n<strong> Reemplazo total de cadera<br> <\/strong>\nEl reemplazo total de cadera MAKOplasty ofrece una alternativa mucho m\u00e1s segura que la cirug\u00eda de reemplazo de cadera tradicional. La consola rob\u00f3tica y el sistema de im\u00e1genes integrado eliminan en gran medida las conjeturas sobre la colocaci\u00f3n de la cadera, que eran un gran inconveniente de la cirug\u00eda convencional.            <\/div>\n        <\/div>\n                <div class=\"elementskit-single-faq elementor-repeater-item-32c28c7\">\n            <div class=\"elementskit-faq-header\">\n                <h2 class=\"elementskit-faq-title\">\u00bfCu\u00e1les son los beneficios de la MAKOplastia?<\/h2>\n            <\/div>\n            <div class=\"elementskit-faq-body\">\n                El reemplazo articular rob\u00f3tico MAKOplasty ofrece varios beneficios en comparaci\u00f3n con los procedimientos ortop\u00e9dicos tradicionales, entre ellos:<br><br>\n\u25cf P\u00e9rdida m\u00ednima de sangre\n<br>\u25cf Cicatrices m\u00e1s peque\u00f1as\n<br>\u25cf Tiempos de recuperaci\u00f3n m\u00e1s r\u00e1pidos\n<br>\u25cf Menos dolor despu\u00e9s de la cirug\u00eda.\n<br>\u25cf Estancias hospitalarias m\u00e1s cortas\n<br>\nAdem\u00e1s, MAKOplasty le permite al Dr. Huang preservar m\u00e1s de su hueso y tejido naturales, manteniendo intacta la mayor parte de su articulaci\u00f3n original.            <\/div>\n        <\/div>\n                <div class=\"elementskit-single-faq elementor-repeater-item-bbec71c\">\n            <div class=\"elementskit-faq-header\">\n                <h2 class=\"elementskit-faq-title\">\u00bfEn qu\u00e9 consiste la MAKOplastia?<\/h2>\n            <\/div>\n            <div class=\"elementskit-faq-body\">\n                El Dr. Huang realiza el reemplazo de articulaci\u00f3n MAKOplasty en un hospital o centro quir\u00fargico cercano. Antes del procedimiento, administra anestesia general a trav\u00e9s de una vena, lo que lo pone a dormir.<br><br>\nUna vez que la anestesia hace efecto, el Dr. Huang realiza varias incisiones peque\u00f1as cerca de la articulaci\u00f3n afectada y extrae el hueso y el cart\u00edlago afectados, preservando cuidadosamente la mayor cantidad posible de tejido natural. Luego, inserta una articulaci\u00f3n prot\u00e9sica (o partes de la articulaci\u00f3n) hecha de pl\u00e1stico, cer\u00e1mica o metal en el espacio vac\u00edo.<br><br>\nAl final de la cirug\u00eda, el Dr. Huang cierra las incisiones, envuelve la articulaci\u00f3n con un vendaje y lo traslada a la sala de recuperaci\u00f3n. Seg\u00fan la cirug\u00eda a la que se haya sometido, es posible que deba permanecer en el hospital durante uno o dos d\u00edas.            <\/div>\n        <\/div>\n                \n    <\/div>\t\t\t\t<\/div>\n\t\t\t\t<\/div>\n\t\t\t\t\t<\/div>\n\t\t<\/div>\n\t\t\t\t\t<\/div>\n\t\t<\/section>\n\t\t\t\t<section class=\"elementor-section elementor-top-section elementor-element elementor-element-af2d5b8 elementor-section-boxed elementor-section-height-default elementor-section-height-default\" data-id=\"af2d5b8\" data-element_type=\"section\" data-settings=\"{&quot;background_background&quot;:&quot;classic&quot;,&quot;_ha_eqh_enable&quot;:false}\">\n\t\t\t\t\t\t\t<div class=\"elementor-background-overlay\"><\/div>\n\t\t\t\t\t\t\t<div class=\"elementor-container elementor-column-gap-default\">\n\t\t\t\t\t<div class=\"elementor-column elementor-col-100 elementor-top-column elementor-element elementor-element-0d8475d\" data-id=\"0d8475d\" data-element_type=\"column\">\n\t\t\t<div class=\"elementor-widget-wrap elementor-element-populated\">\n\t\t\t\t\t\t<div class=\"elementor-element elementor-element-8ab7e25 animated-slow elementor-widget elementor-widget-heading\" data-id=\"8ab7e25\" data-element_type=\"widget\" data-settings=\"{&quot;_animation&quot;:&quot;none&quot;}\" data-widget_type=\"heading.default\">\n\t\t\t\t<div class=\"elementor-widget-container\">\n\t\t\t\t\t<h2 class=\"elementor-heading-title elementor-size-default\">Llame a NY Partners Orthopedics hoy para solicitar una consulta de MAKOplastia o reserve su cita en l\u00ednea.<\/h2>\t\t\t\t<\/div>\n\t\t\t\t<\/div>\n\t\t\t\t<div class=\"elementor-element elementor-element-7c83c58 elementor-align-center elementor-widget elementor-widget-button\" data-id=\"7c83c58\" data-element_type=\"widget\" data-widget_type=\"button.default\">\n\t\t\t\t<div class=\"elementor-widget-container\">\n\t\t\t\t\t\t\t\t\t<div class=\"elementor-button-wrapper\">\n\t\t\t\t\t<a class=\"elementor-button elementor-button-link elementor-size-sm elementor-animation-float\" href=\"#\">\n\t\t\t\t\t\t<span class=\"elementor-button-content-wrapper\">\n\t\t\t\t\t\t\t\t\t<span class=\"elementor-button-text\">Solicitar cita<\/span>\n\t\t\t\t\t<\/span>\n\t\t\t\t\t<\/a>\n\t\t\t\t<\/div>\n\t\t\t\t\t\t\t\t<\/div>\n\t\t\t\t<\/div>\n\t\t\t\t\t<\/div>\n\t\t<\/div>\n\t\t\t\t\t<\/div>\n\t\t<\/section>\n\t\t\t\t<\/div>","protected":false},"excerpt":{"rendered":"<p>MAKOplasty Orthopedics located in Sunset Park, Brooklyn and Flushing Neighborhood of Queens, Flushing, NY MAKOplasty services offered in Sunset Park, Brooklyn and Flushing Neighborhood of Queens, Flushing, NY Consider MAKOplasty\u00ae if you have knee or hip osteoarthritis. This advanced surgical procedure is quick and effective, repairing joint damage while sparing your surrounding bone and ligaments. [&hellip;]<\/p>","protected":false},"author":1,"featured_media":0,"parent":0,"menu_order":0,"comment_status":"closed","ping_status":"closed","template":"elementor_header_footer","meta":{"om_disable_all_campaigns":false,"_monsterinsights_skip_tracking":false,"_monsterinsights_sitenote_active":false,"_monsterinsights_sitenote_note":"","_monsterinsights_sitenote_category":0,"_uf_show_specific_survey":0,"_uf_disable_surveys":false,"footnotes":""},"class_list":["post-697","page","type-page","status-publish","hentry"],"aioseo_notices":[],"_links":{"self":[{"href":"https:\/\/nypbone.com\/es\/wp-json\/wp\/v2\/pages\/697","targetHints":{"allow":["GET"]}}],"collection":[{"href":"https:\/\/nypbone.com\/es\/wp-json\/wp\/v2\/pages"}],"about":[{"href":"https:\/\/nypbone.com\/es\/wp-json\/wp\/v2\/types\/page"}],"author":[{"embeddable":true,"href":"https:\/\/nypbone.com\/es\/wp-json\/wp\/v2\/users\/1"}],"replies":[{"embeddable":true,"href":"https:\/\/nypbone.com\/es\/wp-json\/wp\/v2\/comments?post=697"}],"version-history":[{"count":28,"href":"https:\/\/nypbone.com\/es\/wp-json\/wp\/v2\/pages\/697\/revisions"}],"predecessor-version":[{"id":726,"href":"https:\/\/nypbone.com\/es\/wp-json\/wp\/v2\/pages\/697\/revisions\/726"}],"wp:attachment":[{"href":"https:\/\/nypbone.com\/es\/wp-json\/wp\/v2\/media?parent=697"}],"curies":[{"name":"wp","href":"https:\/\/api.w.org\/{rel}","templated":true}]}}