{"id":644,"date":"2024-09-29T11:26:30","date_gmt":"2024-09-29T11:26:30","guid":{"rendered":"https:\/\/nypbone.com\/?page_id=644"},"modified":"2025-04-05T11:16:00","modified_gmt":"2025-04-05T11:16:00","slug":"joint-replacement","status":"publish","type":"page","link":"https:\/\/nypbone.com\/es\/joint-replacement\/","title":{"rendered":"Reemplazo de articulaci\u00f3n"},"content":{"rendered":"<div data-elementor-type=\"wp-page\" data-elementor-id=\"644\" class=\"elementor elementor-644\" data-elementor-settings=\"{&quot;ha_cmc_init_switcher&quot;:&quot;no&quot;}\" data-elementor-post-type=\"page\">\n\t\t\t\t\t\t<section class=\"elementor-section elementor-top-section elementor-element elementor-element-62d31a5 elementor-section-boxed elementor-section-height-default elementor-section-height-default\" data-id=\"62d31a5\" data-element_type=\"section\" data-settings=\"{&quot;background_background&quot;:&quot;classic&quot;,&quot;_ha_eqh_enable&quot;:false}\">\n\t\t\t\t\t\t\t<div class=\"elementor-background-overlay\"><\/div>\n\t\t\t\t\t\t\t<div class=\"elementor-container elementor-column-gap-default\">\n\t\t\t\t\t<div class=\"elementor-column elementor-col-100 elementor-top-column elementor-element elementor-element-e98c194\" data-id=\"e98c194\" data-element_type=\"column\">\n\t\t\t<div class=\"elementor-widget-wrap elementor-element-populated\">\n\t\t\t\t\t\t<div class=\"elementor-element elementor-element-18f13f2 elementor-widget elementor-widget-heading\" data-id=\"18f13f2\" data-element_type=\"widget\" data-widget_type=\"heading.default\">\n\t\t\t\t<div class=\"elementor-widget-container\">\n\t\t\t\t\t<p class=\"elementor-heading-title elementor-size-default\">Reemplazo de articulaci\u00f3n\n<\/p>\t\t\t\t<\/div>\n\t\t\t\t<\/div>\n\t\t\t\t<div class=\"elementor-element elementor-element-108d4fc elementor-widget elementor-widget-heading\" data-id=\"108d4fc\" data-element_type=\"widget\" data-widget_type=\"heading.default\">\n\t\t\t\t<div class=\"elementor-widget-container\">\n\t\t\t\t\t<h2 class=\"elementor-heading-title elementor-size-default\">Ortopedia ubicada en Sunset Park, Brooklyn y Flushing Neighborhood of Queens, Flushing, NY\n<\/h2>\t\t\t\t<\/div>\n\t\t\t\t<\/div>\n\t\t\t\t\t<\/div>\n\t\t<\/div>\n\t\t\t\t\t<\/div>\n\t\t<\/section>\n\t\t\t\t<section class=\"elementor-section elementor-top-section elementor-element elementor-element-7c932b7 elementor-reverse-mobile elementor-section-boxed elementor-section-height-default elementor-section-height-default\" data-id=\"7c932b7\" data-element_type=\"section\" data-settings=\"{&quot;_ha_eqh_enable&quot;:false}\">\n\t\t\t\t\t\t<div class=\"elementor-container elementor-column-gap-default\">\n\t\t\t\t\t<div class=\"elementor-column elementor-col-50 elementor-top-column elementor-element elementor-element-7085dbf\" data-id=\"7085dbf\" data-element_type=\"column\">\n\t\t\t<div class=\"elementor-widget-wrap elementor-element-populated\">\n\t\t\t\t\t\t<div class=\"elementor-element elementor-element-efd145c elementor-widget elementor-widget-heading\" data-id=\"efd145c\" data-element_type=\"widget\" data-settings=\"{&quot;_animation&quot;:&quot;none&quot;}\" data-widget_type=\"heading.default\">\n\t\t\t\t<div class=\"elementor-widget-container\">\n\t\t\t\t\t<h2 class=\"elementor-heading-title elementor-size-default\">Servicios de reemplazo de articulaciones ofrecidos en Sunset Park, Brooklyn y Flushing Neighborhood of Queens, Flushing, NY\n<\/h2>\t\t\t\t<\/div>\n\t\t\t\t<\/div>\n\t\t\t\t<div class=\"elementor-element elementor-element-79d7ddc elementor-widget elementor-widget-text-editor\" data-id=\"79d7ddc\" data-element_type=\"widget\" data-settings=\"{&quot;_animation&quot;:&quot;none&quot;}\" data-widget_type=\"text-editor.default\">\n\t\t\t\t<div class=\"elementor-widget-container\">\n\t\t\t\t\t\t\t\t\t<section id=\"vbid-002c9f46-1e70-4970-8220-8768426c70d5\" class=\"section master item-box\" data-position=\"default\" data-position-popup-appearance=\"always\" data-arranger=\"flex\" data-textalign=\"left\" data-verticalalign=\"center\" data-horizontalalign=\"center\" data-layouttype=\"multi\" data-layoutclass=\"right-center\" data-layoutratio=\"0.5\" data-layoutborder=\"10\" data-imagefit=\"cover\" data-imagefilter=\"filter-1\" data-imagescroll=\"normal\" data-section-width=\"boxed\" data-sbid=\"sbid-015fe1ff-452f-4a13-9982-955dbfb0b378\" data-backgroundimagefilter=\"section-bg-filter-1\" data-autoplay=\"stop\" data-durationbetweenslides=\"4\" data-headerposition=\"false\" data-is-slide-section=\"true\"><div class=\"children\"><div class=\"section-children\"><article id=\"vbid-002c9f46-1e70-4970-8220-8768426c70d5_0\" class=\"item section-item\" data-itemmediatype=\"PIC\" data-no-children=\"false\" data-visible=\"true\"><div class=\"text-side editable\"><div id=\"vbid-002c9f46-1e70-4970-8220-8768426c70d5-dyn_elem_BODY_0s\" class=\"element body_preset_1\" contenteditable=\"false\" data-elementtype=\"BODY\"><p>Si tiene una articulaci\u00f3n artr\u00edtica o gravemente da\u00f1ada, la cirug\u00eda de reemplazo articular puede aliviar el dolor, recuperar la amplitud de movimiento y mejorar su calidad de vida. En NY Partners Orthopedics, en el barrio de Flushing de Queens y Brooklyn, en la ciudad de Nueva York, el cirujano ortop\u00e9dico certificado Ronald Huang, MD, utiliza el reemplazo articular para tratar diversos problemas musculoesquel\u00e9ticos, como artritis, fracturas y anomal\u00edas articulares. Llame hoy mismo al consultorio del \u00e1rea de la ciudad de Nueva York para solicitar una consulta de reemplazo articular o programe su cita en l\u00ednea.<\/p><\/div><\/div><\/article><\/div><\/div><\/section>\t\t\t\t\t\t\t\t<\/div>\n\t\t\t\t<\/div>\n\t\t\t\t\t<\/div>\n\t\t<\/div>\n\t\t\t\t<div class=\"elementor-column elementor-col-50 elementor-top-column elementor-element elementor-element-ac27527\" data-id=\"ac27527\" data-element_type=\"column\" data-settings=\"{&quot;animation&quot;:&quot;none&quot;}\">\n\t\t\t<div class=\"elementor-widget-wrap elementor-element-populated\">\n\t\t\t\t\t\t<div class=\"elementor-element elementor-element-8792d8a elementor-widget elementor-widget-image\" data-id=\"8792d8a\" data-element_type=\"widget\" data-settings=\"{&quot;_animation&quot;:&quot;none&quot;}\" data-widget_type=\"image.default\">\n\t\t\t\t<div class=\"elementor-widget-container\">\n\t\t\t\t\t\t\t\t\t\t\t\t\t\t\t<img fetchpriority=\"high\" decoding=\"async\" width=\"640\" height=\"384\" src=\"https:\/\/nypbone.com\/wp-content\/uploads\/2024\/09\/2590596.webp\" class=\"attachment-full size-full wp-image-139\" alt=\"Services We Offer ,Joint Replacement\" srcset=\"https:\/\/nypbone.com\/wp-content\/uploads\/2024\/09\/2590596.webp 640w, https:\/\/nypbone.com\/wp-content\/uploads\/2024\/09\/2590596-300x180.webp 300w\" sizes=\"(max-width: 640px) 100vw, 640px\" \/>\t\t\t\t\t\t\t\t\t\t\t\t\t\t\t<\/div>\n\t\t\t\t<\/div>\n\t\t\t\t<div class=\"elementor-element elementor-element-1732b27 elementor-hidden-tablet elementor-hidden-phone ha-has-bg-overlay elementor-invisible elementor-widget elementor-widget-spacer\" data-id=\"1732b27\" data-element_type=\"widget\" data-settings=\"{&quot;_animation&quot;:&quot;fadeInRight&quot;,&quot;_animation_delay&quot;:600}\" data-widget_type=\"spacer.default\">\n\t\t\t\t<div class=\"elementor-widget-container\">\n\t\t\t\t\t\t\t<div class=\"elementor-spacer\">\n\t\t\t<div class=\"elementor-spacer-inner\"><\/div>\n\t\t<\/div>\n\t\t\t\t\t\t<\/div>\n\t\t\t\t<\/div>\n\t\t\t\t<div class=\"elementor-element elementor-element-bfee065 elementor-widget__width-auto elementor-absolute elementor-invisible elementor-widget elementor-widget-image\" data-id=\"bfee065\" data-element_type=\"widget\" data-settings=\"{&quot;_animation&quot;:&quot;fadeInRight&quot;,&quot;_animation_delay&quot;:700,&quot;_position&quot;:&quot;absolute&quot;}\" data-widget_type=\"image.default\">\n\t\t\t\t<div class=\"elementor-widget-container\">\n\t\t\t\t\t\t\t\t\t\t\t\t\t\t\t<img decoding=\"async\" width=\"154\" height=\"155\" src=\"https:\/\/nypbone.com\/wp-content\/uploads\/2024\/09\/square-dots.png\" class=\"attachment-full size-full wp-image-111\" alt=\"\" srcset=\"https:\/\/nypbone.com\/wp-content\/uploads\/2024\/09\/square-dots.png 154w, https:\/\/nypbone.com\/wp-content\/uploads\/2024\/09\/square-dots-150x150.png 150w\" sizes=\"(max-width: 154px) 100vw, 154px\" \/>\t\t\t\t\t\t\t\t\t\t\t\t\t\t\t<\/div>\n\t\t\t\t<\/div>\n\t\t\t\t\t<\/div>\n\t\t<\/div>\n\t\t\t\t\t<\/div>\n\t\t<\/section>\n\t\t\t\t<section class=\"elementor-section elementor-top-section elementor-element elementor-element-e7d5bcb elementor-section-boxed elementor-section-height-default elementor-section-height-default\" data-id=\"e7d5bcb\" data-element_type=\"section\" data-settings=\"{&quot;_ha_eqh_enable&quot;:false}\">\n\t\t\t\t\t\t<div class=\"elementor-container elementor-column-gap-default\">\n\t\t\t\t\t<div class=\"elementor-column elementor-col-100 elementor-top-column elementor-element elementor-element-f709470\" data-id=\"f709470\" data-element_type=\"column\">\n\t\t\t<div class=\"elementor-widget-wrap elementor-element-populated\">\n\t\t\t\t\t\t<div class=\"elementor-element elementor-element-6f4046f elementor-widget elementor-widget-heading\" data-id=\"6f4046f\" data-element_type=\"widget\" data-widget_type=\"heading.default\">\n\t\t\t\t<div class=\"elementor-widget-container\">\n\t\t\t\t\t<h2 class=\"elementor-heading-title elementor-size-default\">Preguntas y respuestas sobre el reemplazo de articulaciones\n<\/h2>\t\t\t\t<\/div>\n\t\t\t\t<\/div>\n\t\t\t\t<div class=\"elementor-element elementor-element-7da75dc elementor-widget elementor-widget-elementskit-faq\" data-id=\"7da75dc\" data-element_type=\"widget\" data-widget_type=\"elementskit-faq.default\">\n\t\t\t\t<div class=\"elementor-widget-container\">\n\t\t\t\t\t<div class=\"ekit-wid-con\" >\n                <div class=\"elementskit-single-faq elementor-repeater-item-4a0e722\">\n            <div class=\"elementskit-faq-header\">\n                <h2 class=\"elementskit-faq-title\">\u00bfQu\u00e9 es el reemplazo articular?<\/h2>\n            <\/div>\n            <div class=\"elementskit-faq-body\">\n                El reemplazo de una articulaci\u00f3n es un procedimiento ortop\u00e9dico que reemplaza una articulaci\u00f3n da\u00f1ada o enferma por una artificial. Las articulaciones prot\u00e9sicas est\u00e1n hechas de pl\u00e1stico, metal o cer\u00e1mica y funcionan como una articulaci\u00f3n natural, lo que proporciona un rango completo de movimiento.            <\/div>\n        <\/div>\n                <div class=\"elementskit-single-faq elementor-repeater-item-46e9be0\">\n            <div class=\"elementskit-faq-header\">\n                <h2 class=\"elementskit-faq-title\">\u00bfQu\u00e9 problemas trata el reemplazo articular?<\/h2>\n            <\/div>\n            <div class=\"elementskit-faq-body\">\n                En NY Partners Orthopedics, el Dr. Huang utiliza el reemplazo de articulaciones para tratar diversos problemas musculoesquel\u00e9ticos, entre ellos:<br>\n<br>\u25cf Necrosis avascular (muerte \u00f3sea causada por un flujo sangu\u00edneo deficiente al hueso)\n<br>\u25cf Fracturas\n<br>\u25cf Osteoartritis\n<br>\u25cf Displasia de cadera (y otras anomal\u00edas articulares)\n<br>\u25cf Artritis reumatoide\n<br><br> Comun\u00edquese con el Dr. Huang si tiene dolor, rigidez o hinchaz\u00f3n persistentes en las articulaciones que no mejoran con medicamentos o cambios en el estilo de vida.            <\/div>\n        <\/div>\n                <div class=\"elementskit-single-faq elementor-repeater-item-32c28c7\">\n            <div class=\"elementskit-faq-header\">\n                <h2 class=\"elementskit-faq-title\">\u00bfC\u00f3mo me preparo para la cirug\u00eda de reemplazo de articulaci\u00f3n?<\/h2>\n            <\/div>\n            <div class=\"elementskit-faq-body\">\n                Dr. Huang completes a preoperative exam and helps you prepare for the procedure. Depending on your age and medical records, he might recommend physical therapy, exercise, or a diet program in the weeks leading up to surgery.<br>\n<br>\nYou might need to undergo several tests, including bloodwork, urinalysis, and\/or an electrocardiogram. These screening procedures identify underlying health problems that might interfere with the anesthesia or increase your risk of complications during or after surgery.<br><br>\nInforme al Dr. Huang sobre los medicamentos y suplementos que toma. Antes de la cirug\u00eda, es posible que deba dejar de tomar ciertos medicamentos, como anticoagulantes.<br><br>            <\/div>\n        <\/div>\n                <div class=\"elementskit-single-faq elementor-repeater-item-9b6023b\">\n            <div class=\"elementskit-faq-header\">\n                <h2 class=\"elementskit-faq-title\">\u00bfQu\u00e9 sucede durante la cirug\u00eda de reemplazo de articulaci\u00f3n?<\/h2>\n            <\/div>\n            <div class=\"elementskit-faq-body\">\n                El Dr. Huang completa una cirug\u00eda de reemplazo de articulaci\u00f3n en un hospital local.<br><br>\nAntes de comenzar el procedimiento, el Dr. Huang le administrar\u00e1 anestesia general por v\u00eda intravenosa, para que se duerma.<br><br>\nEl Dr. Huang realiza varias incisiones cerca de la articulaci\u00f3n y retira con cuidado los trozos de hueso, cart\u00edlago y tejido da\u00f1ados o enfermos. Inserta la articulaci\u00f3n artificial en el espacio vac\u00edo, cierra las incisiones y envuelve la articulaci\u00f3n con un vendaje.<br><br>\nSiempre que es posible, el Dr. Huang utiliza un m\u00e9todo m\u00ednimamente invasivo para el reemplazo de articulaciones. Es uno de los pocos cirujanos de la zona capacitados en MAKOplasty\u00ae, un procedimiento guiado por robot para el reemplazo total de rodilla y cadera.            <\/div>\n        <\/div>\n                <div class=\"elementskit-single-faq elementor-repeater-item-b864fef\">\n            <div class=\"elementskit-faq-header\">\n                <h2 class=\"elementskit-faq-title\">\u00bfC\u00f3mo es la recuperaci\u00f3n despu\u00e9s de una cirug\u00eda de reemplazo de articulaci\u00f3n?<\/h2>\n            <\/div>\n            <div class=\"elementskit-faq-body\">\n                After joint replacement surgery, you\u2019ll likely need to stay in the hospital for a day or two, depending on which joint was replaced.<br><br>\nEs normal tener dolor, hinchaz\u00f3n y mayor sensibilidad. Descanse lo suficiente y mantenga la articulaci\u00f3n elevada. Tome los medicamentos seg\u00fan lo prescrito, limpie las incisiones quir\u00fargicas y asista a todas sus citas de fisioterapia.            <\/div>\n        <\/div>\n                \n    <\/div>\t\t\t\t<\/div>\n\t\t\t\t<\/div>\n\t\t\t\t\t<\/div>\n\t\t<\/div>\n\t\t\t\t\t<\/div>\n\t\t<\/section>\n\t\t\t\t<section class=\"elementor-section elementor-top-section elementor-element elementor-element-15dc393 elementor-section-boxed elementor-section-height-default elementor-section-height-default\" data-id=\"15dc393\" data-element_type=\"section\" data-settings=\"{&quot;background_background&quot;:&quot;classic&quot;,&quot;_ha_eqh_enable&quot;:false}\">\n\t\t\t\t\t\t\t<div class=\"elementor-background-overlay\"><\/div>\n\t\t\t\t\t\t\t<div class=\"elementor-container elementor-column-gap-default\">\n\t\t\t\t\t<div class=\"elementor-column elementor-col-100 elementor-top-column elementor-element elementor-element-5cce1cf\" data-id=\"5cce1cf\" data-element_type=\"column\">\n\t\t\t<div class=\"elementor-widget-wrap elementor-element-populated\">\n\t\t\t\t\t\t<div class=\"elementor-element elementor-element-05651e9 animated-slow elementor-widget elementor-widget-heading\" data-id=\"05651e9\" data-element_type=\"widget\" data-settings=\"{&quot;_animation&quot;:&quot;none&quot;}\" data-widget_type=\"heading.default\">\n\t\t\t\t<div class=\"elementor-widget-container\">\n\t\t\t\t\t<h2 class=\"elementor-heading-title elementor-size-default\">Llame a NY Partners Orthopedics hoy para ver si puede beneficiarse de una cirug\u00eda de reemplazo de articulaci\u00f3n o haga su cita en l\u00ednea.<\/h2>\t\t\t\t<\/div>\n\t\t\t\t<\/div>\n\t\t\t\t<div class=\"elementor-element elementor-element-e06c3b8 elementor-align-center elementor-widget elementor-widget-button\" data-id=\"e06c3b8\" data-element_type=\"widget\" data-widget_type=\"button.default\">\n\t\t\t\t<div class=\"elementor-widget-container\">\n\t\t\t\t\t\t\t\t\t<div class=\"elementor-button-wrapper\">\n\t\t\t\t\t<a class=\"elementor-button elementor-button-link elementor-size-sm elementor-animation-float\" href=\"https:\/\/nypbone.com\/es\/request-appointment\/\">\n\t\t\t\t\t\t<span class=\"elementor-button-content-wrapper\">\n\t\t\t\t\t\t\t\t\t<span class=\"elementor-button-text\">Solicitar cita<\/span>\n\t\t\t\t\t<\/span>\n\t\t\t\t\t<\/a>\n\t\t\t\t<\/div>\n\t\t\t\t\t\t\t\t<\/div>\n\t\t\t\t<\/div>\n\t\t\t\t\t<\/div>\n\t\t<\/div>\n\t\t\t\t\t<\/div>\n\t\t<\/section>\n\t\t\t\t<\/div>","protected":false},"excerpt":{"rendered":"<p>Joint Replacement Orthopedics located in Sunset Park, Brooklyn and Flushing Neighborhood of Queens, Flushing, NY Joint Replacement services offered in Sunset Park, Brooklyn and Flushing Neighborhood of Queens, Flushing, NY If you have an arthritic or severely damaged joint, joint replacement surgery can relieve your pain, restore your range of motion, and improve your quality [&hellip;]<\/p>","protected":false},"author":1,"featured_media":0,"parent":0,"menu_order":0,"comment_status":"closed","ping_status":"closed","template":"elementor_header_footer","meta":{"om_disable_all_campaigns":false,"_monsterinsights_skip_tracking":false,"_monsterinsights_sitenote_active":false,"_monsterinsights_sitenote_note":"","_monsterinsights_sitenote_category":0,"_uf_show_specific_survey":0,"_uf_disable_surveys":false,"footnotes":""},"class_list":["post-644","page","type-page","status-publish","hentry"],"aioseo_notices":[],"_links":{"self":[{"href":"https:\/\/nypbone.com\/es\/wp-json\/wp\/v2\/pages\/644","targetHints":{"allow":["GET"]}}],"collection":[{"href":"https:\/\/nypbone.com\/es\/wp-json\/wp\/v2\/pages"}],"about":[{"href":"https:\/\/nypbone.com\/es\/wp-json\/wp\/v2\/types\/page"}],"author":[{"embeddable":true,"href":"https:\/\/nypbone.com\/es\/wp-json\/wp\/v2\/users\/1"}],"replies":[{"embeddable":true,"href":"https:\/\/nypbone.com\/es\/wp-json\/wp\/v2\/comments?post=644"}],"version-history":[{"count":44,"href":"https:\/\/nypbone.com\/es\/wp-json\/wp\/v2\/pages\/644\/revisions"}],"predecessor-version":[{"id":1410,"href":"https:\/\/nypbone.com\/es\/wp-json\/wp\/v2\/pages\/644\/revisions\/1410"}],"wp:attachment":[{"href":"https:\/\/nypbone.com\/es\/wp-json\/wp\/v2\/media?parent=644"}],"curies":[{"name":"wp","href":"https:\/\/api.w.org\/{rel}","templated":true}]}}