{"id":603,"date":"2024-09-29T10:59:18","date_gmt":"2024-09-29T10:59:18","guid":{"rendered":"https:\/\/nypbone.com\/?page_id=603"},"modified":"2025-04-05T11:13:54","modified_gmt":"2025-04-05T11:13:54","slug":"arthritis","status":"publish","type":"page","link":"https:\/\/nypbone.com\/es\/arthritis\/","title":{"rendered":"Artritis"},"content":{"rendered":"<div data-elementor-type=\"wp-page\" data-elementor-id=\"603\" class=\"elementor elementor-603\" data-elementor-settings=\"{&quot;ha_cmc_init_switcher&quot;:&quot;no&quot;}\" data-elementor-post-type=\"page\">\n\t\t\t\t\t\t<section class=\"elementor-section elementor-top-section elementor-element elementor-element-5955b42 elementor-section-boxed elementor-section-height-default elementor-section-height-default\" data-id=\"5955b42\" data-element_type=\"section\" data-settings=\"{&quot;background_background&quot;:&quot;classic&quot;,&quot;_ha_eqh_enable&quot;:false}\">\n\t\t\t\t\t\t\t<div class=\"elementor-background-overlay\"><\/div>\n\t\t\t\t\t\t\t<div class=\"elementor-container elementor-column-gap-default\">\n\t\t\t\t\t<div class=\"elementor-column elementor-col-100 elementor-top-column elementor-element elementor-element-20ad001\" data-id=\"20ad001\" data-element_type=\"column\">\n\t\t\t<div class=\"elementor-widget-wrap elementor-element-populated\">\n\t\t\t\t\t\t<div class=\"elementor-element elementor-element-7bed500 elementor-widget elementor-widget-heading\" data-id=\"7bed500\" data-element_type=\"widget\" data-widget_type=\"heading.default\">\n\t\t\t\t<div class=\"elementor-widget-container\">\n\t\t\t\t\t<p class=\"elementor-heading-title elementor-size-default\">Artritis<\/p>\t\t\t\t<\/div>\n\t\t\t\t<\/div>\n\t\t\t\t<div class=\"elementor-element elementor-element-b1e347d elementor-widget elementor-widget-heading\" data-id=\"b1e347d\" data-element_type=\"widget\" data-widget_type=\"heading.default\">\n\t\t\t\t<div class=\"elementor-widget-container\">\n\t\t\t\t\t<h2 class=\"elementor-heading-title elementor-size-default\">Ortopedia ubicada en Sunset Park, Brooklyn y Flushing Neighborhood of Queens, Flushing, NY\n<\/h2>\t\t\t\t<\/div>\n\t\t\t\t<\/div>\n\t\t\t\t\t<\/div>\n\t\t<\/div>\n\t\t\t\t\t<\/div>\n\t\t<\/section>\n\t\t\t\t<section class=\"elementor-section elementor-top-section elementor-element elementor-element-1800b25 elementor-reverse-mobile elementor-section-boxed elementor-section-height-default elementor-section-height-default\" data-id=\"1800b25\" data-element_type=\"section\" data-settings=\"{&quot;_ha_eqh_enable&quot;:false}\">\n\t\t\t\t\t\t<div class=\"elementor-container elementor-column-gap-default\">\n\t\t\t\t\t<div class=\"elementor-column elementor-col-50 elementor-top-column elementor-element elementor-element-3fc47d6\" data-id=\"3fc47d6\" data-element_type=\"column\">\n\t\t\t<div class=\"elementor-widget-wrap elementor-element-populated\">\n\t\t\t\t\t\t<div class=\"elementor-element elementor-element-7d017af elementor-widget elementor-widget-heading\" data-id=\"7d017af\" data-element_type=\"widget\" data-settings=\"{&quot;_animation&quot;:&quot;none&quot;}\" data-widget_type=\"heading.default\">\n\t\t\t\t<div class=\"elementor-widget-container\">\n\t\t\t\t\t<h2 class=\"elementor-heading-title elementor-size-default\">Servicios para la artritis ofrecidos en Sunset Park, Brooklyn y Flushing Neighborhood of Queens, Flushing, NY\n<\/h2>\t\t\t\t<\/div>\n\t\t\t\t<\/div>\n\t\t\t\t<div class=\"elementor-element elementor-element-b73ad02 elementor-widget elementor-widget-text-editor\" data-id=\"b73ad02\" data-element_type=\"widget\" data-settings=\"{&quot;_animation&quot;:&quot;none&quot;}\" data-widget_type=\"text-editor.default\">\n\t\t\t\t<div class=\"elementor-widget-container\">\n\t\t\t\t\t\t\t\t\t<section id=\"vbid-002c9f46-1e70-4970-8220-8768426c70d5\" class=\"section master item-box\" data-position=\"default\" data-position-popup-appearance=\"always\" data-arranger=\"flex\" data-textalign=\"left\" data-verticalalign=\"center\" data-horizontalalign=\"center\" data-layouttype=\"multi\" data-layoutclass=\"right-center\" data-layoutratio=\"0.5\" data-layoutborder=\"10\" data-imagefit=\"cover\" data-imagefilter=\"filter-1\" data-imagescroll=\"normal\" data-section-width=\"boxed\" data-sbid=\"sbid-015fe1ff-452f-4a13-9982-955dbfb0b378\" data-backgroundimagefilter=\"section-bg-filter-1\" data-autoplay=\"stop\" data-durationbetweenslides=\"4\" data-headerposition=\"false\" data-is-slide-section=\"true\"><div class=\"children\"><div class=\"section-children\"><article id=\"vbid-002c9f46-1e70-4970-8220-8768426c70d5_0\" class=\"item section-item\" data-itemmediatype=\"PIC\" data-no-children=\"false\" data-visible=\"true\"><div class=\"text-side editable\"><div id=\"vbid-002c9f46-1e70-4970-8220-8768426c70d5-dyn_elem_BODY_0s\" class=\"element body_preset_1\" contenteditable=\"false\" data-elementtype=\"BODY\"><p>La artritis afecta a m\u00e1s de 54 millones de adultos en los Estados Unidos. Aproximadamente la mitad de las personas con artritis descubren que el dolor en las articulaciones les impide participar en las actividades diarias. En NY Partners Orthopedics, en el barrio de Flushing de Queens y Brooklyn, en la ciudad de Nueva York, el cirujano ortop\u00e9dico certificado Ronald Huang, MD, adopta un enfoque centrado en el paciente. Utiliza herramientas y t\u00e9cnicas innovadoras para ayudar a los pacientes a aliviar su artritis y volver a hacer las cosas que aman. Para programar una evaluaci\u00f3n de artritis, llame al consultorio o reserve una cita en l\u00ednea hoy mismo.<\/p><\/div><\/div><\/article><\/div><\/div><\/section>\t\t\t\t\t\t\t\t<\/div>\n\t\t\t\t<\/div>\n\t\t\t\t\t<\/div>\n\t\t<\/div>\n\t\t\t\t<div class=\"elementor-column elementor-col-50 elementor-top-column elementor-element elementor-element-bb435b0\" data-id=\"bb435b0\" data-element_type=\"column\" data-settings=\"{&quot;animation&quot;:&quot;none&quot;}\">\n\t\t\t<div class=\"elementor-widget-wrap elementor-element-populated\">\n\t\t\t\t\t\t<div class=\"elementor-element elementor-element-7a7c6bc elementor-widget elementor-widget-image\" data-id=\"7a7c6bc\" data-element_type=\"widget\" data-settings=\"{&quot;_animation&quot;:&quot;none&quot;}\" data-widget_type=\"image.default\">\n\t\t\t\t<div class=\"elementor-widget-container\">\n\t\t\t\t\t\t\t\t\t\t\t\t\t\t\t<img fetchpriority=\"high\" decoding=\"async\" width=\"640\" height=\"384\" src=\"https:\/\/nypbone.com\/wp-content\/uploads\/2024\/09\/2590594.webp\" class=\"attachment-full size-full wp-image-138\" alt=\"Services We Offer, Joint Replacement, Arthritis\" srcset=\"https:\/\/nypbone.com\/wp-content\/uploads\/2024\/09\/2590594.webp 640w, https:\/\/nypbone.com\/wp-content\/uploads\/2024\/09\/2590594-300x180.webp 300w\" sizes=\"(max-width: 640px) 100vw, 640px\" \/>\t\t\t\t\t\t\t\t\t\t\t\t\t\t\t<\/div>\n\t\t\t\t<\/div>\n\t\t\t\t<div class=\"elementor-element elementor-element-1aef67b elementor-hidden-tablet elementor-hidden-phone ha-has-bg-overlay elementor-invisible elementor-widget elementor-widget-spacer\" data-id=\"1aef67b\" data-element_type=\"widget\" data-settings=\"{&quot;_animation&quot;:&quot;fadeInRight&quot;,&quot;_animation_delay&quot;:600}\" data-widget_type=\"spacer.default\">\n\t\t\t\t<div class=\"elementor-widget-container\">\n\t\t\t\t\t\t\t<div class=\"elementor-spacer\">\n\t\t\t<div class=\"elementor-spacer-inner\"><\/div>\n\t\t<\/div>\n\t\t\t\t\t\t<\/div>\n\t\t\t\t<\/div>\n\t\t\t\t<div class=\"elementor-element elementor-element-c6159d4 elementor-widget__width-auto elementor-absolute elementor-invisible elementor-widget elementor-widget-image\" data-id=\"c6159d4\" data-element_type=\"widget\" data-settings=\"{&quot;_animation&quot;:&quot;fadeInRight&quot;,&quot;_animation_delay&quot;:700,&quot;_position&quot;:&quot;absolute&quot;}\" data-widget_type=\"image.default\">\n\t\t\t\t<div class=\"elementor-widget-container\">\n\t\t\t\t\t\t\t\t\t\t\t\t\t\t\t<img decoding=\"async\" width=\"154\" height=\"155\" src=\"https:\/\/nypbone.com\/wp-content\/uploads\/2024\/09\/square-dots.png\" class=\"attachment-full size-full wp-image-111\" alt=\"\" srcset=\"https:\/\/nypbone.com\/wp-content\/uploads\/2024\/09\/square-dots.png 154w, https:\/\/nypbone.com\/wp-content\/uploads\/2024\/09\/square-dots-150x150.png 150w\" sizes=\"(max-width: 154px) 100vw, 154px\" \/>\t\t\t\t\t\t\t\t\t\t\t\t\t\t\t<\/div>\n\t\t\t\t<\/div>\n\t\t\t\t\t<\/div>\n\t\t<\/div>\n\t\t\t\t\t<\/div>\n\t\t<\/section>\n\t\t\t\t<section class=\"elementor-section elementor-top-section elementor-element elementor-element-f119289 elementor-section-boxed elementor-section-height-default elementor-section-height-default\" data-id=\"f119289\" data-element_type=\"section\" data-settings=\"{&quot;_ha_eqh_enable&quot;:false}\">\n\t\t\t\t\t\t<div class=\"elementor-container elementor-column-gap-default\">\n\t\t\t\t\t<div class=\"elementor-column elementor-col-100 elementor-top-column elementor-element elementor-element-eae4f62\" data-id=\"eae4f62\" data-element_type=\"column\">\n\t\t\t<div class=\"elementor-widget-wrap elementor-element-populated\">\n\t\t\t\t\t\t<div class=\"elementor-element elementor-element-1a378c0 elementor-widget elementor-widget-heading\" data-id=\"1a378c0\" data-element_type=\"widget\" data-widget_type=\"heading.default\">\n\t\t\t\t<div class=\"elementor-widget-container\">\n\t\t\t\t\t<h2 class=\"elementor-heading-title elementor-size-default\">Preguntas y respuestas sobre la artritis\n<\/h2>\t\t\t\t<\/div>\n\t\t\t\t<\/div>\n\t\t\t\t<div class=\"elementor-element elementor-element-09608d1 elementor-widget elementor-widget-elementskit-faq\" data-id=\"09608d1\" data-element_type=\"widget\" data-widget_type=\"elementskit-faq.default\">\n\t\t\t\t<div class=\"elementor-widget-container\">\n\t\t\t\t\t<div class=\"ekit-wid-con\" >\n                <div class=\"elementskit-single-faq elementor-repeater-item-4a0e722\">\n            <div class=\"elementskit-faq-header\">\n                <h2 class=\"elementskit-faq-title\">What is arthritis?<\/h2>\n            <\/div>\n            <div class=\"elementskit-faq-body\">\n                La artritis es un t\u00e9rmino m\u00e9dico que describe el dolor, la inflamaci\u00f3n y la rigidez de las articulaciones. Muchas afecciones y enfermedades pueden causar artritis.\nLa artritis puede afectar cualquier articulaci\u00f3n del cuerpo y desarrollarse a cualquier edad. La afecci\u00f3n es progresiva y los s\u00edntomas pueden empeorar con el tiempo. Tomar medidas para controlar la artritis de forma temprana puede prevenir o retrasar los cambios articulares que provocan dolor cr\u00f3nico y discapacidad.             <\/div>\n        <\/div>\n                <div class=\"elementskit-single-faq elementor-repeater-item-46e9be0\">\n            <div class=\"elementskit-faq-header\">\n                <h2 class=\"elementskit-faq-title\">\u00bfCu\u00e1les son los tipos comunes de artritis?<\/h2>\n            <\/div>\n            <div class=\"elementskit-faq-body\">\n                Existen m\u00e1s de 100 enfermedades que provocan artritis. Los tipos m\u00e1s comunes de artritis son:<br>\n<strong>Osteoartritis<\/strong>\nLa osteoartritis, m\u00e1s conocida como artritis por desgaste, es la causa m\u00e1s com\u00fan de dolor e inflamaci\u00f3n en las articulaciones. Este tipo de artritis se produce por el desgaste del cart\u00edlago que separa y amortigua los huesos. \n\n<strong> Artritis reumatoide<\/strong>\nLa artritis reumatoide es una enfermedad autoinmune. En este tipo de artritis, el sistema inmunitario ataca y destruye por error el revestimiento de la c\u00e1psula articular.\n\n<strong> Artritis psori\u00e1sica<\/strong>\nLa artritis psori\u00e1sica es tambi\u00e9n una enfermedad autoinmune que se presenta en personas con psoriasis. La psoriasis es una afecci\u00f3n cr\u00f3nica de la piel que provoca una sobreproducci\u00f3n de c\u00e9lulas cut\u00e1neas. En la artritis psori\u00e1sica, el sistema inmunitario ataca el tejido sano de las articulaciones, lo que provoca inflamaci\u00f3n y dolor.             <\/div>\n        <\/div>\n                <div class=\"elementskit-single-faq elementor-repeater-item-32c28c7\">\n            <div class=\"elementskit-faq-header\">\n                <h2 class=\"elementskit-faq-title\">\u00bfQu\u00e9 sucede durante una evaluaci\u00f3n de artritis?<\/h2>\n            <\/div>\n            <div class=\"elementskit-faq-body\">\n                Cuando visita NY Partners Orthopedics para una evaluaci\u00f3n de artritis, su m\u00e9dico ortopedista certificado realiza un examen cl\u00ednico en profundidad para comprender completamente su condici\u00f3n y c\u00f3mo interfiere con su vida diaria.<br>\n<br>\nDurante la evaluaci\u00f3n, el m\u00e9dico revisar\u00e1 sus s\u00edntomas, sus antecedentes m\u00e9dicos y familiares, los tipos de medicamentos que toma y su rutina diaria. Luego, le realizar\u00e1 un examen f\u00edsico.<br><br>\nPara confirmar o descartar la causa subyacente de su artritis, su proveedor puede solicitar pruebas adicionales, como an\u00e1lisis de sangre, radiograf\u00edas, tomograf\u00edas computarizadas o una resonancia magn\u00e9tica.             <\/div>\n        <\/div>\n                <div class=\"elementskit-single-faq elementor-repeater-item-9b6023b\">\n            <div class=\"elementskit-faq-header\">\n                <h2 class=\"elementskit-faq-title\">\u00bfC\u00f3mo se trata la artritis?<\/h2>\n            <\/div>\n            <div class=\"elementskit-faq-body\">\n                NY Partners Orthopedics adopta un enfoque de atenci\u00f3n centrado en el paciente y desarrolla planes de tratamiento de la artritis individualizados.<br>\nInicialmente, el m\u00e9dico adoptar\u00e1 un enfoque no quir\u00fargico para aliviar el dolor y mejorar la salud de las articulaciones. El tratamiento puede incluir lo siguiente:<br>\n\u25cf Medicaci\u00f3n antiinflamatoria\n<br>\u25cf Medicaci\u00f3n espec\u00edfica para la enfermedad\n<br>\u25cf Modificaci\u00f3n de la actividad\n<br>\u25cf Fisioterapia\n<br>\u25cf F\u00e9rulas o aparatos ortop\u00e9dicos\n<br>\u25cf Inyecciones de corticosteroides\n<br>\u25cf Inyecciones de viscosuplementaci\u00f3n\n<br>\u25cf \u00d3rtesis hechas a medida\n<br><br>\nEl objetivo del tratamiento no quir\u00fargico para su artritis es aliviar sus s\u00edntomas y prevenir la progresi\u00f3n de su enfermedad.             <\/div>\n        <\/div>\n                <div class=\"elementskit-single-faq elementor-repeater-item-b864fef\">\n            <div class=\"elementskit-faq-header\">\n                <h2 class=\"elementskit-faq-title\">\u00bfNecesitar\u00e9 cirug\u00eda para mi artritis?<\/h2>\n            <\/div>\n            <div class=\"elementskit-faq-body\">\n                Su cirujano ortop\u00e9dico certificado en NY Partners Orthopedics puede recomendar una intervenci\u00f3n quir\u00fargica para su artritis si los tratamientos no quir\u00fargicos no logran aliviar su dolor o si tiene un da\u00f1o articular grave. La cirug\u00eda puede incluir la reparaci\u00f3n, el reemplazo o la fusi\u00f3n de la articulaci\u00f3n.             <\/div>\n        <\/div>\n                \n    <\/div>\t\t\t\t<\/div>\n\t\t\t\t<\/div>\n\t\t\t\t\t<\/div>\n\t\t<\/div>\n\t\t\t\t\t<\/div>\n\t\t<\/section>\n\t\t\t\t<section class=\"elementor-section elementor-top-section elementor-element elementor-element-36a7e7a elementor-section-boxed elementor-section-height-default elementor-section-height-default\" data-id=\"36a7e7a\" data-element_type=\"section\" data-settings=\"{&quot;background_background&quot;:&quot;classic&quot;,&quot;_ha_eqh_enable&quot;:false}\">\n\t\t\t\t\t\t\t<div class=\"elementor-background-overlay\"><\/div>\n\t\t\t\t\t\t\t<div class=\"elementor-container elementor-column-gap-default\">\n\t\t\t\t\t<div class=\"elementor-column elementor-col-100 elementor-top-column elementor-element elementor-element-65757b6\" data-id=\"65757b6\" data-element_type=\"column\">\n\t\t\t<div class=\"elementor-widget-wrap elementor-element-populated\">\n\t\t\t\t\t\t<div class=\"elementor-element elementor-element-835407a animated-slow elementor-widget elementor-widget-heading\" data-id=\"835407a\" data-element_type=\"widget\" data-settings=\"{&quot;_animation&quot;:&quot;none&quot;}\" data-widget_type=\"heading.default\">\n\t\t\t\t<div class=\"elementor-widget-container\">\n\t\t\t\t\t<h2 class=\"elementor-heading-title elementor-size-default\">Para un enfoque integral de su artritis, llame a NY Partners Orthopedics o reserve una cita en l\u00ednea hoy mismo.\n<\/h2>\t\t\t\t<\/div>\n\t\t\t\t<\/div>\n\t\t\t\t<div class=\"elementor-element elementor-element-996448f elementor-align-center elementor-widget elementor-widget-button\" data-id=\"996448f\" data-element_type=\"widget\" data-widget_type=\"button.default\">\n\t\t\t\t<div class=\"elementor-widget-container\">\n\t\t\t\t\t\t\t\t\t<div class=\"elementor-button-wrapper\">\n\t\t\t\t\t<a class=\"elementor-button elementor-button-link elementor-size-sm elementor-animation-float\" href=\"https:\/\/nypbone.com\/es\/request-appointment\/\">\n\t\t\t\t\t\t<span class=\"elementor-button-content-wrapper\">\n\t\t\t\t\t\t\t\t\t<span class=\"elementor-button-text\">Solicitar cita<\/span>\n\t\t\t\t\t<\/span>\n\t\t\t\t\t<\/a>\n\t\t\t\t<\/div>\n\t\t\t\t\t\t\t\t<\/div>\n\t\t\t\t<\/div>\n\t\t\t\t\t<\/div>\n\t\t<\/div>\n\t\t\t\t\t<\/div>\n\t\t<\/section>\n\t\t\t\t<\/div>","protected":false},"excerpt":{"rendered":"<p>Arthritis Orthopedics located in Sunset Park, Brooklyn and Flushing Neighborhood of Queens, Flushing, NY Arthritis services offered in Sunset Park, Brooklyn and Flushing Neighborhood of Queens, Flushing, NY Arthritis affects more than 54 million adults in the United States. About half of those with arthritis find that their joint pain keeps them from participating in [&hellip;]<\/p>","protected":false},"author":1,"featured_media":0,"parent":0,"menu_order":0,"comment_status":"closed","ping_status":"closed","template":"elementor_header_footer","meta":{"om_disable_all_campaigns":false,"_monsterinsights_skip_tracking":false,"_monsterinsights_sitenote_active":false,"_monsterinsights_sitenote_note":"","_monsterinsights_sitenote_category":0,"_uf_show_specific_survey":0,"_uf_disable_surveys":false,"footnotes":""},"class_list":["post-603","page","type-page","status-publish","hentry"],"aioseo_notices":[],"_links":{"self":[{"href":"https:\/\/nypbone.com\/es\/wp-json\/wp\/v2\/pages\/603","targetHints":{"allow":["GET"]}}],"collection":[{"href":"https:\/\/nypbone.com\/es\/wp-json\/wp\/v2\/pages"}],"about":[{"href":"https:\/\/nypbone.com\/es\/wp-json\/wp\/v2\/types\/page"}],"author":[{"embeddable":true,"href":"https:\/\/nypbone.com\/es\/wp-json\/wp\/v2\/users\/1"}],"replies":[{"embeddable":true,"href":"https:\/\/nypbone.com\/es\/wp-json\/wp\/v2\/comments?post=603"}],"version-history":[{"count":81,"href":"https:\/\/nypbone.com\/es\/wp-json\/wp\/v2\/pages\/603\/revisions"}],"predecessor-version":[{"id":1403,"href":"https:\/\/nypbone.com\/es\/wp-json\/wp\/v2\/pages\/603\/revisions\/1403"}],"wp:attachment":[{"href":"https:\/\/nypbone.com\/es\/wp-json\/wp\/v2\/media?parent=603"}],"curies":[{"name":"wp","href":"https:\/\/api.w.org\/{rel}","templated":true}]}}