{"id":346,"date":"2024-09-27T03:13:23","date_gmt":"2024-09-27T03:13:23","guid":{"rendered":"https:\/\/nypbone.com\/?page_id=346"},"modified":"2026-01-07T22:23:23","modified_gmt":"2026-01-07T22:23:23","slug":"brandon-skavla-m-d","status":"publish","type":"page","link":"https:\/\/nypbone.com\/es\/brandon-skavla-m-d\/","title":{"rendered":"Brandon Skavla, M.D."},"content":{"rendered":"<div data-elementor-type=\"wp-page\" data-elementor-id=\"346\" class=\"elementor elementor-346\" data-elementor-settings=\"{&quot;ha_cmc_init_switcher&quot;:&quot;no&quot;}\" data-elementor-post-type=\"page\">\n\t\t\t\t\t\t<section class=\"elementor-section elementor-top-section elementor-element elementor-element-37e830e elementor-section-boxed elementor-section-height-default elementor-section-height-default\" data-id=\"37e830e\" data-element_type=\"section\" data-settings=\"{&quot;background_background&quot;:&quot;classic&quot;,&quot;_ha_eqh_enable&quot;:false}\">\n\t\t\t\t\t\t\t<div class=\"elementor-background-overlay\"><\/div>\n\t\t\t\t\t\t\t<div class=\"elementor-container elementor-column-gap-default\">\n\t\t\t\t\t<div class=\"elementor-column elementor-col-100 elementor-top-column elementor-element elementor-element-e653b87\" data-id=\"e653b87\" data-element_type=\"column\">\n\t\t\t<div class=\"elementor-widget-wrap elementor-element-populated\">\n\t\t\t\t\t\t<div class=\"elementor-element elementor-element-fe63765 elementor-widget elementor-widget-heading\" data-id=\"fe63765\" data-element_type=\"widget\" data-widget_type=\"heading.default\">\n\t\t\t\t<div class=\"elementor-widget-container\">\n\t\t\t\t\t<p class=\"elementor-heading-title elementor-size-default\">Brandon Skavla, M.D.<\/p>\t\t\t\t<\/div>\n\t\t\t\t<\/div>\n\t\t\t\t<div class=\"elementor-element elementor-element-4411ccb elementor-widget elementor-widget-heading\" data-id=\"4411ccb\" data-element_type=\"widget\" data-widget_type=\"heading.default\">\n\t\t\t\t<div class=\"elementor-widget-container\">\n\t\t\t\t\t<h2 class=\"elementor-heading-title elementor-size-default\">en Sunset Park, Brooklyn y el barrio Flushing de Queens, Flushing, NY<\/h2>\t\t\t\t<\/div>\n\t\t\t\t<\/div>\n\t\t\t\t\t<\/div>\n\t\t<\/div>\n\t\t\t\t\t<\/div>\n\t\t<\/section>\n\t\t\t\t<section class=\"elementor-section elementor-top-section elementor-element elementor-element-f2bf573 elementor-section-boxed elementor-section-height-default elementor-section-height-default\" data-id=\"f2bf573\" data-element_type=\"section\" data-settings=\"{&quot;_ha_eqh_enable&quot;:false}\">\n\t\t\t\t\t\t<div class=\"elementor-container elementor-column-gap-default\">\n\t\t\t\t\t<div class=\"elementor-column elementor-col-100 elementor-top-column elementor-element elementor-element-9212349\" data-id=\"9212349\" data-element_type=\"column\">\n\t\t\t<div class=\"elementor-widget-wrap elementor-element-populated\">\n\t\t\t\t\t\t<div class=\"elementor-element elementor-element-a5ad818 elementor-widget elementor-widget-heading\" data-id=\"a5ad818\" data-element_type=\"widget\" data-widget_type=\"heading.default\">\n\t\t\t\t<div class=\"elementor-widget-container\">\n\t\t\t\t\t<h2 class=\"elementor-heading-title elementor-size-default\">\nConozca al Dr. Skavla<\/h2>\t\t\t\t<\/div>\n\t\t\t\t<\/div>\n\t\t\t\t<div class=\"elementor-element elementor-element-3ae40c1 elementor-widget elementor-widget-heading\" data-id=\"3ae40c1\" data-element_type=\"widget\" data-widget_type=\"heading.default\">\n\t\t\t\t<div class=\"elementor-widget-container\">\n\t\t\t\t\t<h2 class=\"elementor-heading-title elementor-size-default\">Board-Certified\n<\/h2>\t\t\t\t<\/div>\n\t\t\t\t<\/div>\n\t\t\t\t<div class=\"elementor-element elementor-element-4dd8bda elementor-widget-divider--separator-type-pattern elementor-widget-divider--view-line elementor-widget elementor-widget-divider\" data-id=\"4dd8bda\" data-element_type=\"widget\" data-widget_type=\"divider.default\">\n\t\t\t\t<div class=\"elementor-widget-container\">\n\t\t\t\t\t\t\t<div class=\"elementor-divider\" style=\"--divider-pattern-url: url(&quot;data:image\/svg+xml,%3Csvg xmlns=&#039;http:\/\/www.w3.org\/2000\/svg&#039; preserveAspectRatio=&#039;none&#039; overflow=&#039;visible&#039; height=&#039;100%&#039; viewBox=&#039;0 0 24 24&#039; fill=&#039;black&#039; stroke=&#039;none&#039;%3E%3Cpath d=&#039;M12.7,2.3c-0.4-0.4-1.1-0.4-1.5,0l-8,9.1c-0.3,0.4-0.3,0.9,0,1.2l8,9.1c0.4,0.4,1.1,0.4,1.5,0l8-9.1c0.3-0.4,0.3-0.9,0-1.2L12.7,2.3z&#039;\/%3E%3C\/svg%3E&quot;);\">\n\t\t\t<span class=\"elementor-divider-separator\">\n\t\t\t\t\t\t<\/span>\n\t\t<\/div>\n\t\t\t\t\t\t<\/div>\n\t\t\t\t<\/div>\n\t\t\t\t<section class=\"elementor-section elementor-inner-section elementor-element elementor-element-568d0c4 elementor-section-boxed elementor-section-height-default elementor-section-height-default\" data-id=\"568d0c4\" data-element_type=\"section\" data-settings=\"{&quot;_ha_eqh_enable&quot;:false}\">\n\t\t\t\t\t\t<div class=\"elementor-container elementor-column-gap-default\">\n\t\t\t\t\t<div class=\"elementor-column elementor-col-33 elementor-inner-column elementor-element elementor-element-236ab27\" data-id=\"236ab27\" data-element_type=\"column\">\n\t\t\t<div class=\"elementor-widget-wrap elementor-element-populated\">\n\t\t\t\t\t\t<div class=\"elementor-element elementor-element-1a1a28d elementor-widget elementor-widget-image\" data-id=\"1a1a28d\" data-element_type=\"widget\" data-settings=\"{&quot;sticky&quot;:&quot;top&quot;,&quot;sticky_parent&quot;:&quot;yes&quot;,&quot;sticky_on&quot;:[&quot;desktop&quot;,&quot;tablet&quot;,&quot;mobile&quot;],&quot;sticky_offset&quot;:0,&quot;sticky_effects_offset&quot;:0,&quot;sticky_anchor_link_offset&quot;:0}\" data-widget_type=\"image.default\">\n\t\t\t\t<div class=\"elementor-widget-container\">\n\t\t\t\t\t\t\t\t\t\t\t\t\t\t\t<img fetchpriority=\"high\" decoding=\"async\" width=\"764\" height=\"1024\" src=\"https:\/\/nypbone.com\/wp-content\/uploads\/2025\/02\/IMG_1348-Edit-scaled-e1767898951355-764x1024.jpg\" class=\"attachment-large size-large wp-image-1258\" alt=\"Brandon Skavla, M.D.\" srcset=\"https:\/\/nypbone.com\/wp-content\/uploads\/2025\/02\/IMG_1348-Edit-scaled-e1767898951355-764x1024.jpg 764w, https:\/\/nypbone.com\/wp-content\/uploads\/2025\/02\/IMG_1348-Edit-scaled-e1767898951355-224x300.jpg 224w, https:\/\/nypbone.com\/wp-content\/uploads\/2025\/02\/IMG_1348-Edit-scaled-e1767898951355-768x1030.jpg 768w, https:\/\/nypbone.com\/wp-content\/uploads\/2025\/02\/IMG_1348-Edit-scaled-e1767898951355-1146x1536.jpg 1146w, https:\/\/nypbone.com\/wp-content\/uploads\/2025\/02\/IMG_1348-Edit-scaled-e1767898951355-1528x2048.jpg 1528w, https:\/\/nypbone.com\/wp-content\/uploads\/2025\/02\/IMG_1348-Edit-scaled-e1767898951355-9x12.jpg 9w, https:\/\/nypbone.com\/wp-content\/uploads\/2025\/02\/IMG_1348-Edit-scaled-e1767898951355.jpg 1706w\" sizes=\"(max-width: 764px) 100vw, 764px\" \/>\t\t\t\t\t\t\t\t\t\t\t\t\t\t\t<\/div>\n\t\t\t\t<\/div>\n\t\t\t\t\t<\/div>\n\t\t<\/div>\n\t\t\t\t<div class=\"elementor-column elementor-col-66 elementor-inner-column elementor-element elementor-element-8b69a56 animated-slow\" data-id=\"8b69a56\" data-element_type=\"column\" data-settings=\"{&quot;animation&quot;:&quot;none&quot;,&quot;background_background&quot;:&quot;classic&quot;}\">\n\t\t\t<div class=\"elementor-widget-wrap elementor-element-populated\">\n\t\t\t\t\t\t<div class=\"elementor-element elementor-element-f832f6d elementor-widget elementor-widget-text-editor\" data-id=\"f832f6d\" data-element_type=\"widget\" data-widget_type=\"text-editor.default\">\n\t\t\t\t<div class=\"elementor-widget-container\">\n\t\t\t\t\t\t\t\t\t<p>El Dr. Brandon Skavla es un m\u00e9dico de medicina deportiva de atenci\u00f3n primaria que complet\u00f3 la escuela de medicina en la Facultad de Medicina y Ciencias Biom\u00e9dicas Jacobs de la Universidad de Buffalo, la residencia en medicina interna en Hofstra\/Northwell y la beca de medicina deportiva en el Centro M\u00e9dico de Detroit. Durante su tiempo en la beca, trabaj\u00f3 como m\u00e9dico del equipo de varios equipos profesionales y de secundaria, incluidos los Detroit Red Wings de la NHL.\u00a0<\/p><p>Tiene experiencia en el tratamiento de una amplia variedad de lesiones musculoesquel\u00e9ticas de todas las partes del cuerpo, incluidos, entre otros, el cuello, la espalda, los hombros, los codos, las manos, las caderas, las rodillas, los pies y los tobillos. El Dr. Skavla pone un gran \u00e9nfasis en darle a cada paciente el tiempo para explicar su condici\u00f3n y trabajar con ellos para elaborar un plan de tratamiento que se adapte mejor a sus necesidades y objetivos. Ya sea volver a practicar un deporte o poder realizar actividades diarias que antes disfrutaba sin dolor, el Dr. Skavla har\u00e1 todo lo posible para ayudarlo con esto de manera no quir\u00fargica. Puede realizar inyecciones articulares, tenotom\u00eda percut\u00e1nea con aguja, inyecciones de PRP y otros procedimientos en el consultorio. Siendo un \u00e1vido entusiasta del fitness, el Dr. Skavla cree firmemente en un enfoque de medicina hol\u00edstica y de estilo de vida, adem\u00e1s de utilizar las terapias m\u00e9dicas m\u00e1s actualizadas y relevantes.\u00a0<\/p><div><div>Cuando no est\u00e1 involucrado en el cuidado de pacientes, el Dr. Skavla disfruta de levantar pesas, hacer caminatas y pasar tiempo con sus amigos y familiares, as\u00ed como con cinco perros que tiene en casa.\u00a0<\/div><\/div>\t\t\t\t\t\t\t\t<\/div>\n\t\t\t\t<\/div>\n\t\t\t\t<div class=\"elementor-element elementor-element-ee46ed3 elementor-mobile-align-center animated-slow elementor-align-center elementor-widget elementor-widget-button\" data-id=\"ee46ed3\" data-element_type=\"widget\" data-settings=\"{&quot;_animation&quot;:&quot;none&quot;,&quot;_animation_delay&quot;:40}\" data-widget_type=\"button.default\">\n\t\t\t\t<div class=\"elementor-widget-container\">\n\t\t\t\t\t\t\t\t\t<div class=\"elementor-button-wrapper\">\n\t\t\t\t\t<a class=\"elementor-button elementor-button-link elementor-size-sm elementor-animation-float\" href=\"https:\/\/nypbone.com\/es\/request-appointment\/\">\n\t\t\t\t\t\t<span class=\"elementor-button-content-wrapper\">\n\t\t\t\t\t\t\t\t\t<span class=\"elementor-button-text\">Solicitar cita<\/span>\n\t\t\t\t\t<\/span>\n\t\t\t\t\t<\/a>\n\t\t\t\t<\/div>\n\t\t\t\t\t\t\t\t<\/div>\n\t\t\t\t<\/div>\n\t\t\t\t\t<\/div>\n\t\t<\/div>\n\t\t\t\t\t<\/div>\n\t\t<\/section>\n\t\t\t\t\t<\/div>\n\t\t<\/div>\n\t\t\t\t\t<\/div>\n\t\t<\/section>\n\t\t\t\t<\/div>","protected":false},"excerpt":{"rendered":"<p>Brandon Skavla, M.D. in Sunset Park, Brooklyn and Flushing Neighborhood of Queens, Flushing, NY Meet Dr.Skavla Board-Certified Dr. Brandon Skavla is a Primary Care Sports Medicine Physician who completed medical school at the University at Buffalo Jacobs School of Medicine and Biomedical Sciences, Internal Medicine Residency at Hofstra\/Northwell, and Sports Medicine Fellowship at the Detroit\u00a0Medical [&hellip;]<\/p>","protected":false},"author":1,"featured_media":0,"parent":0,"menu_order":0,"comment_status":"closed","ping_status":"closed","template":"elementor_header_footer","meta":{"om_disable_all_campaigns":false,"_monsterinsights_skip_tracking":false,"_monsterinsights_sitenote_active":false,"_monsterinsights_sitenote_note":"","_monsterinsights_sitenote_category":0,"_uf_show_specific_survey":0,"_uf_disable_surveys":false,"footnotes":""},"class_list":["post-346","page","type-page","status-publish","hentry"],"aioseo_notices":[],"_links":{"self":[{"href":"https:\/\/nypbone.com\/es\/wp-json\/wp\/v2\/pages\/346","targetHints":{"allow":["GET"]}}],"collection":[{"href":"https:\/\/nypbone.com\/es\/wp-json\/wp\/v2\/pages"}],"about":[{"href":"https:\/\/nypbone.com\/es\/wp-json\/wp\/v2\/types\/page"}],"author":[{"embeddable":true,"href":"https:\/\/nypbone.com\/es\/wp-json\/wp\/v2\/users\/1"}],"replies":[{"embeddable":true,"href":"https:\/\/nypbone.com\/es\/wp-json\/wp\/v2\/comments?post=346"}],"version-history":[{"count":35,"href":"https:\/\/nypbone.com\/es\/wp-json\/wp\/v2\/pages\/346\/revisions"}],"predecessor-version":[{"id":1626,"href":"https:\/\/nypbone.com\/es\/wp-json\/wp\/v2\/pages\/346\/revisions\/1626"}],"wp:attachment":[{"href":"https:\/\/nypbone.com\/es\/wp-json\/wp\/v2\/media?parent=346"}],"curies":[{"name":"wp","href":"https:\/\/api.w.org\/{rel}","templated":true}]}}