{"id":344,"date":"2024-09-27T03:12:04","date_gmt":"2024-09-27T03:12:04","guid":{"rendered":"https:\/\/nypbone.com\/?page_id=344"},"modified":"2026-01-07T22:23:51","modified_gmt":"2026-01-07T22:23:51","slug":"chris-hong-m-d","status":"publish","type":"page","link":"https:\/\/nypbone.com\/es\/chris-hong-m-d\/","title":{"rendered":"Chris Hong, D.O."},"content":{"rendered":"<div data-elementor-type=\"wp-page\" data-elementor-id=\"344\" class=\"elementor elementor-344\" data-elementor-settings=\"{&quot;ha_cmc_init_switcher&quot;:&quot;no&quot;}\" data-elementor-post-type=\"page\">\n\t\t\t\t\t\t<section class=\"elementor-section elementor-top-section elementor-element elementor-element-63b9abc elementor-section-boxed elementor-section-height-default elementor-section-height-default\" data-id=\"63b9abc\" data-element_type=\"section\" data-settings=\"{&quot;background_background&quot;:&quot;classic&quot;,&quot;_ha_eqh_enable&quot;:false}\">\n\t\t\t\t\t\t\t<div class=\"elementor-background-overlay\"><\/div>\n\t\t\t\t\t\t\t<div class=\"elementor-container elementor-column-gap-default\">\n\t\t\t\t\t<div class=\"elementor-column elementor-col-100 elementor-top-column elementor-element elementor-element-cc8ebdd\" data-id=\"cc8ebdd\" data-element_type=\"column\">\n\t\t\t<div class=\"elementor-widget-wrap elementor-element-populated\">\n\t\t\t\t\t\t<div class=\"elementor-element elementor-element-65f38d9 elementor-widget elementor-widget-heading\" data-id=\"65f38d9\" data-element_type=\"widget\" data-widget_type=\"heading.default\">\n\t\t\t\t<div class=\"elementor-widget-container\">\n\t\t\t\t\t<p class=\"elementor-heading-title elementor-size-default\">Chris Hong, D.O.<\/p>\t\t\t\t<\/div>\n\t\t\t\t<\/div>\n\t\t\t\t<div class=\"elementor-element elementor-element-9077d47 elementor-widget elementor-widget-heading\" data-id=\"9077d47\" data-element_type=\"widget\" data-widget_type=\"heading.default\">\n\t\t\t\t<div class=\"elementor-widget-container\">\n\t\t\t\t\t<h2 class=\"elementor-heading-title elementor-size-default\">en Sunset Park, Brooklyn y el barrio Flushing de Queens, Flushing, NY<\/h2>\t\t\t\t<\/div>\n\t\t\t\t<\/div>\n\t\t\t\t\t<\/div>\n\t\t<\/div>\n\t\t\t\t\t<\/div>\n\t\t<\/section>\n\t\t\t\t<section class=\"elementor-section elementor-top-section elementor-element elementor-element-f9c3746 elementor-section-boxed elementor-section-height-default elementor-section-height-default\" data-id=\"f9c3746\" data-element_type=\"section\" data-settings=\"{&quot;_ha_eqh_enable&quot;:false}\">\n\t\t\t\t\t\t<div class=\"elementor-container elementor-column-gap-default\">\n\t\t\t\t\t<div class=\"elementor-column elementor-col-100 elementor-top-column elementor-element elementor-element-50a273e\" data-id=\"50a273e\" data-element_type=\"column\">\n\t\t\t<div class=\"elementor-widget-wrap elementor-element-populated\">\n\t\t\t\t\t\t<div class=\"elementor-element elementor-element-17f9477 elementor-widget elementor-widget-heading\" data-id=\"17f9477\" data-element_type=\"widget\" data-widget_type=\"heading.default\">\n\t\t\t\t<div class=\"elementor-widget-container\">\n\t\t\t\t\t<h2 class=\"elementor-heading-title elementor-size-default\">\nConozca al Dr. Hong<\/h2>\t\t\t\t<\/div>\n\t\t\t\t<\/div>\n\t\t\t\t<div class=\"elementor-element elementor-element-750f146 elementor-widget elementor-widget-heading\" data-id=\"750f146\" data-element_type=\"widget\" data-widget_type=\"heading.default\">\n\t\t\t\t<div class=\"elementor-widget-container\">\n\t\t\t\t\t<h2 class=\"elementor-heading-title elementor-size-default\">Board-Certified\n<\/h2>\t\t\t\t<\/div>\n\t\t\t\t<\/div>\n\t\t\t\t<div class=\"elementor-element elementor-element-659b080 elementor-widget-divider--separator-type-pattern elementor-widget-divider--view-line elementor-widget elementor-widget-divider\" data-id=\"659b080\" data-element_type=\"widget\" data-widget_type=\"divider.default\">\n\t\t\t\t<div class=\"elementor-widget-container\">\n\t\t\t\t\t\t\t<div class=\"elementor-divider\" style=\"--divider-pattern-url: url(&quot;data:image\/svg+xml,%3Csvg xmlns=&#039;http:\/\/www.w3.org\/2000\/svg&#039; preserveAspectRatio=&#039;none&#039; overflow=&#039;visible&#039; height=&#039;100%&#039; viewBox=&#039;0 0 24 24&#039; fill=&#039;black&#039; stroke=&#039;none&#039;%3E%3Cpath d=&#039;M12.7,2.3c-0.4-0.4-1.1-0.4-1.5,0l-8,9.1c-0.3,0.4-0.3,0.9,0,1.2l8,9.1c0.4,0.4,1.1,0.4,1.5,0l8-9.1c0.3-0.4,0.3-0.9,0-1.2L12.7,2.3z&#039;\/%3E%3C\/svg%3E&quot;);\">\n\t\t\t<span class=\"elementor-divider-separator\">\n\t\t\t\t\t\t<\/span>\n\t\t<\/div>\n\t\t\t\t\t\t<\/div>\n\t\t\t\t<\/div>\n\t\t\t\t<section class=\"elementor-section elementor-inner-section elementor-element elementor-element-382a125 elementor-section-boxed elementor-section-height-default elementor-section-height-default\" data-id=\"382a125\" data-element_type=\"section\" data-settings=\"{&quot;_ha_eqh_enable&quot;:false}\">\n\t\t\t\t\t\t<div class=\"elementor-container elementor-column-gap-default\">\n\t\t\t\t\t<div class=\"elementor-column elementor-col-33 elementor-inner-column elementor-element elementor-element-1657f89\" data-id=\"1657f89\" data-element_type=\"column\">\n\t\t\t<div class=\"elementor-widget-wrap elementor-element-populated\">\n\t\t\t\t\t\t<div class=\"elementor-element elementor-element-d9f237e elementor-widget elementor-widget-image\" data-id=\"d9f237e\" data-element_type=\"widget\" data-settings=\"{&quot;sticky&quot;:&quot;top&quot;,&quot;sticky_parent&quot;:&quot;yes&quot;,&quot;sticky_on&quot;:[&quot;desktop&quot;,&quot;tablet&quot;,&quot;mobile&quot;],&quot;sticky_offset&quot;:0,&quot;sticky_effects_offset&quot;:0,&quot;sticky_anchor_link_offset&quot;:0}\" data-widget_type=\"image.default\">\n\t\t\t\t<div class=\"elementor-widget-container\">\n\t\t\t\t\t\t\t\t\t\t\t\t\t\t\t<img fetchpriority=\"high\" decoding=\"async\" width=\"754\" height=\"1024\" src=\"https:\/\/nypbone.com\/wp-content\/uploads\/2025\/02\/IMG_1361-Edit-scaled-e1767898923764-754x1024.jpg\" class=\"attachment-large size-large wp-image-1257\" alt=\"Chris Hong, M.D\" srcset=\"https:\/\/nypbone.com\/wp-content\/uploads\/2025\/02\/IMG_1361-Edit-scaled-e1767898923764-754x1024.jpg 754w, https:\/\/nypbone.com\/wp-content\/uploads\/2025\/02\/IMG_1361-Edit-scaled-e1767898923764-221x300.jpg 221w, https:\/\/nypbone.com\/wp-content\/uploads\/2025\/02\/IMG_1361-Edit-scaled-e1767898923764-768x1042.jpg 768w, https:\/\/nypbone.com\/wp-content\/uploads\/2025\/02\/IMG_1361-Edit-scaled-e1767898923764-1132x1536.jpg 1132w, https:\/\/nypbone.com\/wp-content\/uploads\/2025\/02\/IMG_1361-Edit-scaled-e1767898923764-1509x2048.jpg 1509w, https:\/\/nypbone.com\/wp-content\/uploads\/2025\/02\/IMG_1361-Edit-scaled-e1767898923764-9x12.jpg 9w, https:\/\/nypbone.com\/wp-content\/uploads\/2025\/02\/IMG_1361-Edit-scaled-e1767898923764.jpg 1707w\" sizes=\"(max-width: 754px) 100vw, 754px\" \/>\t\t\t\t\t\t\t\t\t\t\t\t\t\t\t<\/div>\n\t\t\t\t<\/div>\n\t\t\t\t\t<\/div>\n\t\t<\/div>\n\t\t\t\t<div class=\"elementor-column elementor-col-66 elementor-inner-column elementor-element elementor-element-762f8f7 animated-slow\" data-id=\"762f8f7\" data-element_type=\"column\" data-settings=\"{&quot;animation&quot;:&quot;none&quot;,&quot;background_background&quot;:&quot;classic&quot;}\">\n\t\t\t<div class=\"elementor-widget-wrap elementor-element-populated\">\n\t\t\t\t\t\t<div class=\"elementor-element elementor-element-ff7368a elementor-widget elementor-widget-text-editor\" data-id=\"ff7368a\" data-element_type=\"widget\" data-widget_type=\"text-editor.default\">\n\t\t\t\t<div class=\"elementor-widget-container\">\n\t\t\t\t\t\t\t\t\t<p>El Dr. Chris Hong complet\u00f3 sus estudios universitarios en la Universidad Carnegie Mellon antes de obtener su t\u00edtulo de m\u00e9dico en el Touro College of Osteopathic Medicine de la ciudad de Nueva York. Luego complet\u00f3 su residencia en medicina familiar en la Escuela de Medicina Osteop\u00e1tica Rowan-Virtua en Nueva Jersey, donde tambi\u00e9n trabaj\u00f3 como m\u00e9dico de atenci\u00f3n de urgencias. El Dr. Hong se especializ\u00f3 a\u00fan m\u00e1s con una beca en medicina deportiva de atenci\u00f3n primaria en la Universidad Estatal de Luisiana, centr\u00e1ndose en la atenci\u00f3n ortop\u00e9dica y el uso de ultrasonidos para procedimientos tanto de diagn\u00f3stico como de intervenci\u00f3n. Se ha desempe\u00f1ado como m\u00e9dico de equipo para equipos universitarios de Divisi\u00f3n I, m\u00e9dico de primera fila para las pruebas de boxeo ol\u00edmpicas de EE. UU. de 2024 y director m\u00e9dico y m\u00e9dico de medicina deportiva para maratones y triatlones, trabajando con atletas que van desde la escuela secundaria hasta los niveles profesionales.<\/p><p>El Dr. Hong se dedica a ayudar a sus pacientes en su rehabilitaci\u00f3n y encuentra una gran alegr\u00eda al ver que su salud y funcionalidad mejoran. Comprometido a ayudar a sus pacientes a lograr una recuperaci\u00f3n y un bienestar \u00f3ptimos, brinda una atenci\u00f3n atenta y personalizada. El Dr. Hong se toma el tiempo para escuchar a sus pacientes, creyendo que la confianza y la comunicaci\u00f3n son esenciales para brindar el mejor tratamiento posible. Su dedicaci\u00f3n a mantenerse a la vanguardia de los avances m\u00e9dicos garantiza que los pacientes reciban una atenci\u00f3n compasiva y experta adaptada a sus necesidades individuales. Cuando no est\u00e1 en la cl\u00ednica, el Dr. Hong disfruta de pasar tiempo con su familia y amigos, levantar pesas, hacer snowboard, jugar al baloncesto, mirar deportes, viajar, hacer caminatas y explorar nuevos restaurantes.<\/p>\t\t\t\t\t\t\t\t<\/div>\n\t\t\t\t<\/div>\n\t\t\t\t<div class=\"elementor-element elementor-element-ca8e3e8 elementor-mobile-align-center animated-slow elementor-align-center elementor-widget elementor-widget-button\" data-id=\"ca8e3e8\" data-element_type=\"widget\" data-settings=\"{&quot;_animation&quot;:&quot;none&quot;,&quot;_animation_delay&quot;:40}\" data-widget_type=\"button.default\">\n\t\t\t\t<div class=\"elementor-widget-container\">\n\t\t\t\t\t\t\t\t\t<div class=\"elementor-button-wrapper\">\n\t\t\t\t\t<a class=\"elementor-button elementor-button-link elementor-size-sm elementor-animation-float\" href=\"https:\/\/nypbone.com\/es\/request-appointment\/\">\n\t\t\t\t\t\t<span class=\"elementor-button-content-wrapper\">\n\t\t\t\t\t\t\t\t\t<span class=\"elementor-button-text\">Solicitar cita<\/span>\n\t\t\t\t\t<\/span>\n\t\t\t\t\t<\/a>\n\t\t\t\t<\/div>\n\t\t\t\t\t\t\t\t<\/div>\n\t\t\t\t<\/div>\n\t\t\t\t\t<\/div>\n\t\t<\/div>\n\t\t\t\t\t<\/div>\n\t\t<\/section>\n\t\t\t\t\t<\/div>\n\t\t<\/div>\n\t\t\t\t\t<\/div>\n\t\t<\/section>\n\t\t\t\t<\/div>","protected":false},"excerpt":{"rendered":"<p>Chris Hong, D.O. in Sunset Park, Brooklyn and Flushing Neighborhood of Queens, Flushing, NY Meet Dr. Hong Board-Certified Dr. Chris Hong completed his undergraduate studies at Carnegie Mellon University before earning his medical degree from Touro College of Osteopathic Medicine in New York City. He went on to complete his family medicine residency at Rowan-Virtua [&hellip;]<\/p>","protected":false},"author":1,"featured_media":0,"parent":0,"menu_order":0,"comment_status":"closed","ping_status":"closed","template":"elementor_header_footer","meta":{"om_disable_all_campaigns":false,"_monsterinsights_skip_tracking":false,"_monsterinsights_sitenote_active":false,"_monsterinsights_sitenote_note":"","_monsterinsights_sitenote_category":0,"_uf_show_specific_survey":0,"_uf_disable_surveys":false,"footnotes":""},"class_list":["post-344","page","type-page","status-publish","hentry"],"aioseo_notices":[],"_links":{"self":[{"href":"https:\/\/nypbone.com\/es\/wp-json\/wp\/v2\/pages\/344","targetHints":{"allow":["GET"]}}],"collection":[{"href":"https:\/\/nypbone.com\/es\/wp-json\/wp\/v2\/pages"}],"about":[{"href":"https:\/\/nypbone.com\/es\/wp-json\/wp\/v2\/types\/page"}],"author":[{"embeddable":true,"href":"https:\/\/nypbone.com\/es\/wp-json\/wp\/v2\/users\/1"}],"replies":[{"embeddable":true,"href":"https:\/\/nypbone.com\/es\/wp-json\/wp\/v2\/comments?post=344"}],"version-history":[{"count":42,"href":"https:\/\/nypbone.com\/es\/wp-json\/wp\/v2\/pages\/344\/revisions"}],"predecessor-version":[{"id":1629,"href":"https:\/\/nypbone.com\/es\/wp-json\/wp\/v2\/pages\/344\/revisions\/1629"}],"wp:attachment":[{"href":"https:\/\/nypbone.com\/es\/wp-json\/wp\/v2\/media?parent=344"}],"curies":[{"name":"wp","href":"https:\/\/api.w.org\/{rel}","templated":true}]}}