{"id":338,"date":"2024-09-27T03:07:36","date_gmt":"2024-09-27T03:07:36","guid":{"rendered":"https:\/\/nypbone.com\/?page_id=338"},"modified":"2026-01-07T22:35:04","modified_gmt":"2026-01-07T22:35:04","slug":"ronald-huang-m-d","status":"publish","type":"page","link":"https:\/\/nypbone.com\/es\/ronald-huang-m-d\/","title":{"rendered":"Ronald Huang, M.D.,FAAOS"},"content":{"rendered":"<div data-elementor-type=\"wp-page\" data-elementor-id=\"338\" class=\"elementor elementor-338\" data-elementor-settings=\"{&quot;ha_cmc_init_switcher&quot;:&quot;no&quot;}\" data-elementor-post-type=\"page\">\n\t\t\t\t\t\t<section class=\"elementor-section elementor-top-section elementor-element elementor-element-19059d8e elementor-section-boxed elementor-section-height-default elementor-section-height-default\" data-id=\"19059d8e\" data-element_type=\"section\" data-settings=\"{&quot;background_background&quot;:&quot;classic&quot;,&quot;_ha_eqh_enable&quot;:false}\">\n\t\t\t\t\t\t\t<div class=\"elementor-background-overlay\"><\/div>\n\t\t\t\t\t\t\t<div class=\"elementor-container elementor-column-gap-default\">\n\t\t\t\t\t<div class=\"elementor-column elementor-col-100 elementor-top-column elementor-element elementor-element-53e4d6b1\" data-id=\"53e4d6b1\" data-element_type=\"column\">\n\t\t\t<div class=\"elementor-widget-wrap elementor-element-populated\">\n\t\t\t\t\t\t<div class=\"elementor-element elementor-element-934c475 elementor-widget elementor-widget-heading\" data-id=\"934c475\" data-element_type=\"widget\" data-widget_type=\"heading.default\">\n\t\t\t\t<div class=\"elementor-widget-container\">\n\t\t\t\t\t<p class=\"elementor-heading-title elementor-size-default\">Ronald Huang, MD, FAAOS \u9ec3\u8aa0\u5fb7\n<\/p>\t\t\t\t<\/div>\n\t\t\t\t<\/div>\n\t\t\t\t<div class=\"elementor-element elementor-element-5c088156 elementor-widget elementor-widget-heading\" data-id=\"5c088156\" data-element_type=\"widget\" data-widget_type=\"heading.default\">\n\t\t\t\t<div class=\"elementor-widget-container\">\n\t\t\t\t\t<h2 class=\"elementor-heading-title elementor-size-default\">Board Certified Orthopedic Surgeon &amp; Adult Reconstruction Surgery in Sunset Park, Brooklyn and Flushing Neighborhood of Queens, Flushing, NY<\/h2>\t\t\t\t<\/div>\n\t\t\t\t<\/div>\n\t\t\t\t\t<\/div>\n\t\t<\/div>\n\t\t\t\t\t<\/div>\n\t\t<\/section>\n\t\t\t\t<section class=\"elementor-section elementor-top-section elementor-element elementor-element-39c4089b elementor-section-boxed elementor-section-height-default elementor-section-height-default\" data-id=\"39c4089b\" data-element_type=\"section\" data-settings=\"{&quot;_ha_eqh_enable&quot;:false}\">\n\t\t\t\t\t\t<div class=\"elementor-container elementor-column-gap-default\">\n\t\t\t\t\t<div class=\"elementor-column elementor-col-100 elementor-top-column elementor-element elementor-element-6e0129ad\" data-id=\"6e0129ad\" data-element_type=\"column\">\n\t\t\t<div class=\"elementor-widget-wrap elementor-element-populated\">\n\t\t\t\t\t\t<div class=\"elementor-element elementor-element-2ecf3496 elementor-widget elementor-widget-heading\" data-id=\"2ecf3496\" data-element_type=\"widget\" data-widget_type=\"heading.default\">\n\t\t\t\t<div class=\"elementor-widget-container\">\n\t\t\t\t\t<h2 class=\"elementor-heading-title elementor-size-default\">Conozca al Dr. Huang \u9ec4\u6210\u5fb7\n<\/h2>\t\t\t\t<\/div>\n\t\t\t\t<\/div>\n\t\t\t\t<div class=\"elementor-element elementor-element-34f414b4 elementor-widget elementor-widget-heading\" data-id=\"34f414b4\" data-element_type=\"widget\" data-widget_type=\"heading.default\">\n\t\t\t\t<div class=\"elementor-widget-container\">\n\t\t\t\t\t<h2 class=\"elementor-heading-title elementor-size-default\">Board-Certified Orthopedic Surgeon\n<\/h2>\t\t\t\t<\/div>\n\t\t\t\t<\/div>\n\t\t\t\t<div class=\"elementor-element elementor-element-1934d059 elementor-widget-divider--separator-type-pattern elementor-widget-divider--view-line elementor-widget elementor-widget-divider\" data-id=\"1934d059\" data-element_type=\"widget\" data-widget_type=\"divider.default\">\n\t\t\t\t<div class=\"elementor-widget-container\">\n\t\t\t\t\t\t\t<div class=\"elementor-divider\" style=\"--divider-pattern-url: url(&quot;data:image\/svg+xml,%3Csvg xmlns=&#039;http:\/\/www.w3.org\/2000\/svg&#039; preserveAspectRatio=&#039;none&#039; overflow=&#039;visible&#039; height=&#039;100%&#039; viewBox=&#039;0 0 24 24&#039; fill=&#039;black&#039; stroke=&#039;none&#039;%3E%3Cpath d=&#039;M12.7,2.3c-0.4-0.4-1.1-0.4-1.5,0l-8,9.1c-0.3,0.4-0.3,0.9,0,1.2l8,9.1c0.4,0.4,1.1,0.4,1.5,0l8-9.1c0.3-0.4,0.3-0.9,0-1.2L12.7,2.3z&#039;\/%3E%3C\/svg%3E&quot;);\">\n\t\t\t<span class=\"elementor-divider-separator\">\n\t\t\t\t\t\t<\/span>\n\t\t<\/div>\n\t\t\t\t\t\t<\/div>\n\t\t\t\t<\/div>\n\t\t\t\t<section class=\"elementor-section elementor-inner-section elementor-element elementor-element-5e696d5d elementor-section-boxed elementor-section-height-default elementor-section-height-default\" data-id=\"5e696d5d\" data-element_type=\"section\" data-settings=\"{&quot;_ha_eqh_enable&quot;:false}\">\n\t\t\t\t\t\t<div class=\"elementor-container elementor-column-gap-default\">\n\t\t\t\t\t<div class=\"elementor-column elementor-col-33 elementor-inner-column elementor-element elementor-element-30a03fea\" data-id=\"30a03fea\" data-element_type=\"column\">\n\t\t\t<div class=\"elementor-widget-wrap elementor-element-populated\">\n\t\t\t\t\t\t<div class=\"elementor-element elementor-element-305d050d elementor-widget elementor-widget-image\" data-id=\"305d050d\" data-element_type=\"widget\" data-settings=\"{&quot;sticky&quot;:&quot;top&quot;,&quot;sticky_parent&quot;:&quot;yes&quot;,&quot;sticky_on&quot;:[&quot;desktop&quot;,&quot;tablet&quot;,&quot;mobile&quot;],&quot;sticky_offset&quot;:0,&quot;sticky_effects_offset&quot;:0,&quot;sticky_anchor_link_offset&quot;:0}\" data-widget_type=\"image.default\">\n\t\t\t\t<div class=\"elementor-widget-container\">\n\t\t\t\t\t\t\t\t\t\t\t\t\t\t\t<img fetchpriority=\"high\" decoding=\"async\" width=\"640\" height=\"918\" src=\"https:\/\/nypbone.com\/wp-content\/uploads\/2024\/09\/2715715.webp\" class=\"attachment-large size-large wp-image-363\" alt=\"Ronald Huang, M.D,FAAOS\" srcset=\"https:\/\/nypbone.com\/wp-content\/uploads\/2024\/09\/2715715.webp 640w, https:\/\/nypbone.com\/wp-content\/uploads\/2024\/09\/2715715-209x300.webp 209w\" sizes=\"(max-width: 640px) 100vw, 640px\" \/>\t\t\t\t\t\t\t\t\t\t\t\t\t\t\t<\/div>\n\t\t\t\t<\/div>\n\t\t\t\t\t<\/div>\n\t\t<\/div>\n\t\t\t\t<div class=\"elementor-column elementor-col-66 elementor-inner-column elementor-element elementor-element-53c3bd79 animated-slow\" data-id=\"53c3bd79\" data-element_type=\"column\" data-settings=\"{&quot;animation&quot;:&quot;none&quot;,&quot;background_background&quot;:&quot;classic&quot;}\">\n\t\t\t<div class=\"elementor-widget-wrap elementor-element-populated\">\n\t\t\t\t\t\t<div class=\"elementor-element elementor-element-6804489a elementor-widget elementor-widget-text-editor\" data-id=\"6804489a\" data-element_type=\"widget\" data-widget_type=\"text-editor.default\">\n\t\t\t\t<div class=\"elementor-widget-container\">\n\t\t\t\t\t\t\t\t\t<p>Ronald Huang, MD,FAAOS, is a board-certified orthopedic surgeon and an integral member of the team at NY Partners Orthopedics in the Flushing neighborhood of Queens and Brooklyn, New York City. Dr. Huang creates positive outcomes for those in his care through his role at the practice.\u00a0<\/p><p>La educaci\u00f3n siempre ha sido una fuerza orientadora en la vida del Dr. Huang. Obtuvo su t\u00edtulo de m\u00e9dico en la Facultad de Medicina Sidney Kimmel de la Universidad Thomas Jefferson en Filadelfia, Pensilvania. El Dr. Huang complet\u00f3 una residencia en cirug\u00eda ortop\u00e9dica en el Hospital Universitario Thomas Jefferson.\u00a0<\/p><p>Una beca en ortopedia reconstructiva para adultos en el Hospital for Special Surgery de la ciudad de Nueva York perfeccion\u00f3 a\u00fan m\u00e1s las habilidades del Dr. Huang. A lo largo de su carrera, el Dr. Huang ha desempe\u00f1ado numerosos roles de liderazgo y tambi\u00e9n ha trabajado como educador de futuros especialistas en ortopedia.\u00a0<\/p><p>La experiencia es importante y el Dr. Huang ha realizado con \u00e9xito m\u00e1s de 2000 reemplazos de cadera y rodilla a lo largo de sus a\u00f1os de pr\u00e1ctica. Tambi\u00e9n contribuye a la expansi\u00f3n de la literatura m\u00e9dica mediante la publicaci\u00f3n de m\u00e1s de 40 art\u00edculos revisados \u200b\u200bpor pares y m\u00e1s de 100 presentaciones de art\u00edculos nacionales e internacionales.\u00a0<\/p><p>Los pacientes disfrutan de trabajar con el Dr. Huang en su camino hacia la salud de sus articulaciones. Su atenci\u00f3n a los detalles y su car\u00e1cter agradable son solo algunas de las cosas que llevan a los pacientes a recomendarlo a sus amigos y familiares.\u00a0\u00a0\u00a0\u00a0\u00a0\u00a0\u00a0\u00a0\u00a0<\/p>\t\t\t\t\t\t\t\t<\/div>\n\t\t\t\t<\/div>\n\t\t\t\t<div class=\"elementor-element elementor-element-135021af elementor-mobile-align-center animated-slow elementor-align-center elementor-widget elementor-widget-button\" data-id=\"135021af\" data-element_type=\"widget\" data-settings=\"{&quot;_animation&quot;:&quot;none&quot;,&quot;_animation_delay&quot;:40}\" data-widget_type=\"button.default\">\n\t\t\t\t<div class=\"elementor-widget-container\">\n\t\t\t\t\t\t\t\t\t<div class=\"elementor-button-wrapper\">\n\t\t\t\t\t<a class=\"elementor-button elementor-button-link elementor-size-sm elementor-animation-float\" href=\"https:\/\/nypbone.com\/es\/request-appointment\/\">\n\t\t\t\t\t\t<span class=\"elementor-button-content-wrapper\">\n\t\t\t\t\t\t\t\t\t<span class=\"elementor-button-text\">Solicitar cita<\/span>\n\t\t\t\t\t<\/span>\n\t\t\t\t\t<\/a>\n\t\t\t\t<\/div>\n\t\t\t\t\t\t\t\t<\/div>\n\t\t\t\t<\/div>\n\t\t\t\t\t<\/div>\n\t\t<\/div>\n\t\t\t\t\t<\/div>\n\t\t<\/section>\n\t\t\t\t\t<\/div>\n\t\t<\/div>\n\t\t\t\t\t<\/div>\n\t\t<\/section>\n\t\t\t\t<\/div>","protected":false},"excerpt":{"rendered":"<p>Ronald Huang, MD, FAAOS \u9ec3\u8aa0\u5fb7 Board Certified Orthopedic Surgeon &amp; Adult Reconstruction Surgery in Sunset Park, Brooklyn and Flushing Neighborhood of Queens, Flushing, NY Meet Dr. Huang \u9ec3\u8aa0\u5fb7 Board-Certified Orthopedic Surgeon Ronald Huang, MD,FAAOS, is a board-certified orthopedic surgeon and an integral member of the team at NY Partners Orthopedics in the Flushing neighborhood of [&hellip;]<\/p>","protected":false},"author":1,"featured_media":0,"parent":0,"menu_order":0,"comment_status":"closed","ping_status":"closed","template":"elementor_header_footer","meta":{"om_disable_all_campaigns":false,"_monsterinsights_skip_tracking":false,"_monsterinsights_sitenote_active":false,"_monsterinsights_sitenote_note":"","_monsterinsights_sitenote_category":0,"_uf_show_specific_survey":0,"_uf_disable_surveys":false,"footnotes":""},"class_list":["post-338","page","type-page","status-publish","hentry"],"aioseo_notices":[],"_links":{"self":[{"href":"https:\/\/nypbone.com\/es\/wp-json\/wp\/v2\/pages\/338","targetHints":{"allow":["GET"]}}],"collection":[{"href":"https:\/\/nypbone.com\/es\/wp-json\/wp\/v2\/pages"}],"about":[{"href":"https:\/\/nypbone.com\/es\/wp-json\/wp\/v2\/types\/page"}],"author":[{"embeddable":true,"href":"https:\/\/nypbone.com\/es\/wp-json\/wp\/v2\/users\/1"}],"replies":[{"embeddable":true,"href":"https:\/\/nypbone.com\/es\/wp-json\/wp\/v2\/comments?post=338"}],"version-history":[{"count":68,"href":"https:\/\/nypbone.com\/es\/wp-json\/wp\/v2\/pages\/338\/revisions"}],"predecessor-version":[{"id":1642,"href":"https:\/\/nypbone.com\/es\/wp-json\/wp\/v2\/pages\/338\/revisions\/1642"}],"wp:attachment":[{"href":"https:\/\/nypbone.com\/es\/wp-json\/wp\/v2\/media?parent=338"}],"curies":[{"name":"wp","href":"https:\/\/api.w.org\/{rel}","templated":true}]}}